{"id":9477,"date":"2025-07-18T05:15:22","date_gmt":"2025-07-18T05:15:22","guid":{"rendered":"https:\/\/krakow.piwnespa.com\/produkt\/kupong-spa-zakopane\/"},"modified":"2025-12-05T14:39:24","modified_gmt":"2025-12-05T13:39:24","slug":"kupong-spa-zakopane","status":"publish","type":"product","link":"https:\/\/krakow.piwnespa.com\/sv\/produkt\/kupong-spa-zakopane\/","title":{"rendered":"Spa kupong Cracow"},"content":{"rendered":"<h3 style=\"text-align: center;\">En v\u00e4rdecheck f\u00f6r valfri behandling f\u00f6r tv\u00e5 eller f\u00f6r en person:<\/h3>\n<p>&nbsp;<\/p>\n<p><strong>\u00d6lbad med provsmakning<\/strong><\/p>\n<p>&#8211; \u00e4r det perfekta valet f\u00f6r \u00f6l\u00e4lskare. Badet bereds genom att naturlig \u00f6l och \u00f6lbadolja l\u00f6ses upp i vatten. Behandlingen \u00e5tf\u00f6ljs av en \u00f6lprovning fr\u00e5n Browar Zamkowy Cieszyn.  <\/p>\n<p>&nbsp;<\/p>\n<p><strong>Vinbad med provsmakning<\/strong><\/p>\n<p>&#8211; Framst\u00e4lls genom extraktion av vin i form av ett badskum. Det hj\u00e4lper till att reducera fettv\u00e4vnad och celluliter. Badet \u00e5tf\u00f6ljs av en vinprovning.  <\/p>\n<p>&nbsp;<\/p>\n<p><strong>VIP \u00f6l- eller vinbad med bastu och obegr\u00e4nsad provsmakning<\/strong><\/p>\n<p>&#8211; V\u00e4rm upp i bastun, v\u00e4lj din badtyp och njut av obegr\u00e4nsade provsmakningar. VIP-badet \u00e4r en utm\u00e4rkt presentid\u00e9 i form av en kupong. <\/p>\n<p>&nbsp;<\/p>\n<p><strong>Romantiskt mj\u00f6lkbad<\/strong><\/p>\n<p>&#8211; Ett bastubad, ett romantiskt bad i getmj\u00f6lk dekorerat med rosenblad, tillsammans med en Prosecco-provning. Och allt detta i en intim atmosf\u00e4r i skenet av levande ljus. En kupong till Spa i Krakow f\u00f6r ett romantiskt bad \u00e4r den perfekta presenten till nygifta.  <\/p>\n<p>&nbsp;<\/p>\n<p><strong>Badkar Guld  <\/strong><\/p>\n<p>\u2013 ett mj\u00f6lkbad som glittrar av guldpartiklar och \u00e4r dekorerat med flytande rosenblad \u00e4r en riktig fest f\u00f6r sinnena. Lugnande dofter, stillsam musik och levande ljus \u2013 en perfekt milj\u00f6 f\u00f6r en kv\u00e4ll bara f\u00f6r tv\u00e5. Ett glas prosecco understryker ytterligare det unika i denna upplevelse.  <\/p>\n<p>&nbsp;<\/p>\n<p><strong>Beer Day Spa-paket<\/strong><\/p>\n<p>&#8211; \u00d6lbad + provsmakning av olika hantverks\u00f6l fr\u00e5n Browar Zamkowy Cieszyn + partiell avslappningsmassage. En kupong till Spa i Krakow f\u00f6r en Beer Day Spa-behandling blir den perfekta presenten f\u00f6r \u00f6l\u00e4lskare. <\/p>\n<p>&nbsp;<\/p>\n<p><strong>Specialpaket f\u00f6r dagspa<\/strong><\/p>\n<p>&#8211; VIP-bad + holistisk avslappningsmassage. Det \u00e4r en behandling som \u00e4r utformad f\u00f6r m\u00e4nniskor som vill ha avkoppling p\u00e5 h\u00f6gsta niv\u00e5. Letar du efter en v\u00e4rdecheck till Spa i Krakow? Ge en n\u00e4ra och k\u00e4ra en of\u00f6rgl\u00f6mlig upplevelse och lycklig avkoppling med en Special Day Spa-behandling.   <\/p>\n<p>&nbsp;<\/p>\n<p><strong>Love Day Spa-paket<\/strong><\/p>\n<p>&#8211; romantiskt bad + partiell avslappningsmassage. En kupong f\u00f6r denna behandling g\u00e5r ofta till nygifta. <\/p>\n<p>&nbsp;<\/p>\n<p><strong>Gold Day Spa-paket<\/strong><\/p>\n<p>\u2013 guldbad + helkroppsmassage med sheasm\u00f6r och kolloidalt guld. Massagen hj\u00e4lper er att slappna av i sp\u00e4nda muskler och njuta av en stund bara f\u00f6r er. Hela ritualen \u00e4ger rum i en privat badstuga.  <\/p>\n<p>&nbsp;<\/p>\n<p><strong>Avslappning, \u00f6l, klassisk massage eller ljusmassage<\/strong><\/p>\n<p>&#8211; Massageentusiaster kommer s\u00e4kert att bli glada \u00f6ver en v\u00e4rdecheck till Beer Spa i Krakow, som g\u00f6r det m\u00f6jligt att koppla av under en massage utf\u00f6rd av en kvalificerad sjukgymnast.<\/p>\n","protected":false},"excerpt":{"rendered":"<p>En v\u00e4rdecheck f\u00f6r valfri behandling f\u00f6r tv\u00e5 eller f\u00f6r en person: &nbsp; \u00d6lbad med provsmakning &#8211; \u00e4r det perfekta valet f\u00f6r \u00f6l\u00e4lskare. Badet bereds genom att naturlig \u00f6l och \u00f6lbadolja l\u00f6ses upp i vatten. Behandlingen \u00e5tf\u00f6ljs av en \u00f6lprovning fr\u00e5n Browar Zamkowy Cieszyn. &nbsp; Vinbad med provsmakning &#8211; Framst\u00e4lls genom extraktion av vin i form [&hellip;]<\/p>\n","protected":false},"featured_media":12207,"comment_status":"open","ping_status":"closed","template":"","meta":{"_acf_changed":false},"product_brand":[],"product_cat":[241],"product_tag":[481],"class_list":{"0":"post-9477","1":"product","2":"type-product","3":"status-publish","4":"has-post-thumbnail","6":"product_cat-presentkort","7":"product_tag-voucher-sv","8":"product_shipping_class-elektronisk-leverans","9":"pa_zabiegi-ansiktsbehandling-med-ol-1-person","10":"pa_zabiegi-ansiktsbehandling-med-ol-2-personer","11":"pa_zabiegi-avslappningsmassage-for-hela-kroppen-1-person","12":"pa_zabiegi-avslappningsmassage-for-hela-kroppen-2-personer","13":"pa_zabiegi-badkar-guld-1-person","14":"pa_zabiegi-badkar-guld-2-personer","15":"pa_zabiegi-beer-day-spa-1-person-sv","16":"pa_zabiegi-beer-day-spa-2-personer","17":"pa_zabiegi-delvis-avslappnande-massage-1-person","18":"pa_zabiegi-delvis-avslappnande-massage-2-personer","19":"pa_zabiegi-gold-day-spa-1-person-sv","20":"pa_zabiegi-gold-day-spa-2-personer","21":"pa_zabiegi-klassisk-massage-1-person","22":"pa_zabiegi-klassisk-massage-2-personer","23":"pa_zabiegi-ljusmassage-1-person","24":"pa_zabiegi-ljusmassage-2-personer","25":"pa_zabiegi-love-day-spa-1-person-sv","26":"pa_zabiegi-love-day-spa-2-personer","27":"pa_zabiegi-olbad-1-person","28":"pa_zabiegi-olbad-2-personer","29":"pa_zabiegi-olmassage-1-person","30":"pa_zabiegi-olmassage-2-personer","31":"pa_zabiegi-romantiskt-bad-1-person","32":"pa_zabiegi-romantiskt-bad-2-personer","33":"pa_zabiegi-special-day-spa-1-person-sv","34":"pa_zabiegi-special-day-spa-2-personer","35":"pa_zabiegi-vinbad-1-person","36":"pa_zabiegi-vinbad-2-personer","37":"pa_zabiegi-vip-bad-1-person-sv","38":"pa_zabiegi-vip-bad-2-personer","40":"first","41":"instock","42":"taxable","43":"shipping-taxable","44":"purchasable","45":"product-type-variable"},"acf":[],"_links":{"self":[{"href":"https:\/\/krakow.piwnespa.com\/sv\/wp-json\/wp\/v2\/product\/9477","targetHints":{"allow":["GET"]}}],"collection":[{"href":"https:\/\/krakow.piwnespa.com\/sv\/wp-json\/wp\/v2\/product"}],"about":[{"href":"https:\/\/krakow.piwnespa.com\/sv\/wp-json\/wp\/v2\/types\/product"}],"replies":[{"embeddable":true,"href":"https:\/\/krakow.piwnespa.com\/sv\/wp-json\/wp\/v2\/comments?post=9477"}],"wp:featuredmedia":[{"embeddable":true,"href":"https:\/\/krakow.piwnespa.com\/sv\/wp-json\/wp\/v2\/media\/12207"}],"wp:attachment":[{"href":"https:\/\/krakow.piwnespa.com\/sv\/wp-json\/wp\/v2\/media?parent=9477"}],"wp:term":[{"taxonomy":"product_brand","embeddable":true,"href":"https:\/\/krakow.piwnespa.com\/sv\/wp-json\/wp\/v2\/product_brand?post=9477"},{"taxonomy":"product_cat","embeddable":true,"href":"https:\/\/krakow.piwnespa.com\/sv\/wp-json\/wp\/v2\/product_cat?post=9477"},{"taxonomy":"product_tag","embeddable":true,"href":"https:\/\/krakow.piwnespa.com\/sv\/wp-json\/wp\/v2\/product_tag?post=9477"}],"curies":[{"name":"wp","href":"https:\/\/api.w.org\/{rel}","templated":true}]}}