{"id":16109,"date":"2025-10-11T05:15:59","date_gmt":"2025-10-11T03:15:59","guid":{"rendered":"https:\/\/krakow.piwnespa.com\/produkt\/ol-harschampo\/"},"modified":"2025-10-11T05:15:59","modified_gmt":"2025-10-11T03:15:59","slug":"ol-harschampo","status":"publish","type":"product","link":"https:\/\/krakow.piwnespa.com\/sv\/produkt\/ol-harschampo\/","title":{"rendered":"\u00d6l h\u00e5rschampo"},"content":{"rendered":"<p>Saelas kosmetika har tillverkats f\u00f6r hand sedan 1999 i en liten tjeckisk fabrik i Brumovice. De inneh\u00e5ller naturliga ingredienser som tjeckisk \u00f6l, humleextrakt och bryggerij\u00e4st och \u00e4r fria fr\u00e5n syntetiska f\u00e4rg\u00e4mnen, vilket g\u00f6r dem s\u00e4kra \u00e4ven f\u00f6r barn. <\/p>\n<p>\u00d6l \u00e4r en skattkista av mineraler som fr\u00e4mjar tillv\u00e4xten av h\u00e5rs\u00e4ckar och hj\u00e4lper till att h\u00e5lla h\u00e5ret fr\u00e4scht l\u00e4ngre. Saelas schampo mot h\u00e5ravfall, som k\u00e4nnetecknas av sin mycket h\u00f6ga \u00f6lhalt (upp till 30%), <strong>har f\u00e5tt kundernas ber\u00f6m och blivit en av v\u00e5ra b\u00e4sts\u00e4ljare<\/strong>. <\/p>\n<p>Moisturising Beer Shampoo ger h\u00e5ret ett friskt utseende, glans och st\u00e4rker dess struktur samtidigt som det \u00f6kar volymen. Tack vare de rika vitaminerna i \u00f6l ger det n\u00e4ring \u00e5t h\u00e5ret, fr\u00e4mjar h\u00e5rbottenregenerering och f\u00f6rb\u00e4ttrar h\u00e5rets allm\u00e4nna tillst\u00e5nd. Humleinneh\u00e5llet har en lugnande effekt, eliminerar kl\u00e5da och fr\u00e4mjar en sund h\u00e5rv\u00e4xt.  <\/p>\n<p>Saelas schampoformel har utvecklats f\u00f6r personer med tendens till fett h\u00e5r. Vid regelbunden anv\u00e4ndning m\u00e4rks effekterna snabbt. Produkten \u00e4r idealisk f\u00f6r daglig v\u00e5rd.  <\/p>\n<p>Kapacitet: 300 ml<\/p>\n","protected":false},"excerpt":{"rendered":"<p>Moisturising Beer Shampoo ger h\u00e5ret ett friskt utseende, glans och st\u00e4rker dess struktur samtidigt som det \u00f6kar volymen. Tack vare de rika vitaminerna i \u00f6l ger det n\u00e4ring \u00e5t h\u00e5ret, fr\u00e4mjar h\u00e5rbottenregenerering och f\u00f6rb\u00e4ttrar h\u00e5rets allm\u00e4nna tillst\u00e5nd. Humleinneh\u00e5llet har en lugnande effekt, eliminerar kl\u00e5da och fr\u00e4mjar en sund h\u00e5rv\u00e4xt.  <\/p>\n","protected":false},"featured_media":11369,"comment_status":"open","ping_status":"closed","template":"","meta":{"_acf_changed":false},"product_brand":[],"product_cat":[241],"product_tag":[],"class_list":{"0":"post-16109","1":"product","2":"type-product","3":"status-publish","4":"has-post-thumbnail","6":"product_cat-presentkort","8":"first","9":"instock","10":"taxable","11":"shipping-taxable","12":"purchasable","13":"product-type-simple"},"acf":[],"_links":{"self":[{"href":"https:\/\/krakow.piwnespa.com\/sv\/wp-json\/wp\/v2\/product\/16109","targetHints":{"allow":["GET"]}}],"collection":[{"href":"https:\/\/krakow.piwnespa.com\/sv\/wp-json\/wp\/v2\/product"}],"about":[{"href":"https:\/\/krakow.piwnespa.com\/sv\/wp-json\/wp\/v2\/types\/product"}],"replies":[{"embeddable":true,"href":"https:\/\/krakow.piwnespa.com\/sv\/wp-json\/wp\/v2\/comments?post=16109"}],"wp:featuredmedia":[{"embeddable":true,"href":"https:\/\/krakow.piwnespa.com\/sv\/wp-json\/wp\/v2\/media\/11369"}],"wp:attachment":[{"href":"https:\/\/krakow.piwnespa.com\/sv\/wp-json\/wp\/v2\/media?parent=16109"}],"wp:term":[{"taxonomy":"product_brand","embeddable":true,"href":"https:\/\/krakow.piwnespa.com\/sv\/wp-json\/wp\/v2\/product_brand?post=16109"},{"taxonomy":"product_cat","embeddable":true,"href":"https:\/\/krakow.piwnespa.com\/sv\/wp-json\/wp\/v2\/product_cat?post=16109"},{"taxonomy":"product_tag","embeddable":true,"href":"https:\/\/krakow.piwnespa.com\/sv\/wp-json\/wp\/v2\/product_tag?post=16109"}],"curies":[{"name":"wp","href":"https:\/\/api.w.org\/{rel}","templated":true}]}}