{"id":16096,"date":"2025-10-23T15:53:38","date_gmt":"2025-10-23T13:53:38","guid":{"rendered":"https:\/\/krakow.piwnespa.com\/produkt\/duschgel-med-ol\/"},"modified":"2025-10-23T15:53:38","modified_gmt":"2025-10-23T13:53:38","slug":"duschgel-med-ol","status":"publish","type":"product","link":"https:\/\/krakow.piwnespa.com\/sv\/produkt\/duschgel-med-ol\/","title":{"rendered":"Duschgel med \u00f6l"},"content":{"rendered":"<div class=\"elementor-element elementor-element-9910a69 elementor-widget elementor-widget-woocommerce-product-short-description\" data-id=\"9910a69\" data-element_type=\"widget\" data-widget_type=\"woocommerce-product-short-description.default\">\n<div class=\"elementor-widget-container\">\n<div class=\"woocommerce-product-details__short-description\">\n<p>Saelas kosmetika har tillverkats f\u00f6r hand sedan 1999 i en liten tjeckisk fabrik i Brumovice. De inneh\u00e5ller naturliga ingredienser som tjeckisk \u00f6l, humleextrakt och bryggerij\u00e4st och \u00e4r fria fr\u00e5n syntetiska f\u00e4rg\u00e4mnen, vilket g\u00f6r dem s\u00e4kra \u00e4ven f\u00f6r barn. <\/p>\n<p>\u00c5terfuktande duschgel med<strong> \u00f6l (upp till 30%)<\/strong> och B-vitaminer, st\u00f6der hudens fullst\u00e4ndiga regenerering vid daglig anv\u00e4ndning. Idealisk f\u00f6r torr hud som \u00e4r ben\u00e4gen att flagna, spricka och klia. Redan efter f\u00f6rsta anv\u00e4ndningen ger den intensiv \u00e5terfuktning och elasticitet till huden.  <\/p>\n<p>Kapacitet: 300 ml<\/p>\n<\/div>\n<\/div>\n<\/div>\n","protected":false},"excerpt":{"rendered":"<p>Saelas kosmetika har tillverkats f\u00f6r hand sedan 1999 i en liten tjeckisk fabrik i Brumovice. De inneh\u00e5ller naturliga ingredienser som tjeckisk \u00f6l, humleextrakt och bryggerij\u00e4st och \u00e4r fria fr\u00e5n syntetiska f\u00e4rg\u00e4mnen, vilket g\u00f6r dem s\u00e4kra \u00e4ven f\u00f6r barn. \u00c5terfuktande duschgel med \u00f6l (upp till 30%) och B-vitaminer, st\u00f6der hudens fullst\u00e4ndiga regenerering vid daglig anv\u00e4ndning. Idealisk [&hellip;]<\/p>\n","protected":false},"featured_media":11850,"comment_status":"open","ping_status":"closed","template":"","meta":{"_acf_changed":false},"product_brand":[],"product_cat":[440],"product_tag":[],"class_list":{"0":"post-16096","1":"product","2":"type-product","3":"status-publish","4":"has-post-thumbnail","6":"product_cat-ol-kosmetika","8":"first","9":"instock","10":"taxable","11":"shipping-taxable","12":"purchasable","13":"product-type-simple"},"acf":[],"_links":{"self":[{"href":"https:\/\/krakow.piwnespa.com\/sv\/wp-json\/wp\/v2\/product\/16096","targetHints":{"allow":["GET"]}}],"collection":[{"href":"https:\/\/krakow.piwnespa.com\/sv\/wp-json\/wp\/v2\/product"}],"about":[{"href":"https:\/\/krakow.piwnespa.com\/sv\/wp-json\/wp\/v2\/types\/product"}],"replies":[{"embeddable":true,"href":"https:\/\/krakow.piwnespa.com\/sv\/wp-json\/wp\/v2\/comments?post=16096"}],"wp:featuredmedia":[{"embeddable":true,"href":"https:\/\/krakow.piwnespa.com\/sv\/wp-json\/wp\/v2\/media\/11850"}],"wp:attachment":[{"href":"https:\/\/krakow.piwnespa.com\/sv\/wp-json\/wp\/v2\/media?parent=16096"}],"wp:term":[{"taxonomy":"product_brand","embeddable":true,"href":"https:\/\/krakow.piwnespa.com\/sv\/wp-json\/wp\/v2\/product_brand?post=16096"},{"taxonomy":"product_cat","embeddable":true,"href":"https:\/\/krakow.piwnespa.com\/sv\/wp-json\/wp\/v2\/product_cat?post=16096"},{"taxonomy":"product_tag","embeddable":true,"href":"https:\/\/krakow.piwnespa.com\/sv\/wp-json\/wp\/v2\/product_tag?post=16096"}],"curies":[{"name":"wp","href":"https:\/\/api.w.org\/{rel}","templated":true}]}}