{"id":16088,"date":"2025-10-11T05:23:00","date_gmt":"2025-10-11T03:23:00","guid":{"rendered":"https:\/\/krakow.piwnespa.com\/produkt\/ol-flytande-tval\/"},"modified":"2025-10-11T05:23:00","modified_gmt":"2025-10-11T03:23:00","slug":"ol-flytande-tval","status":"publish","type":"product","link":"https:\/\/krakow.piwnespa.com\/sv\/produkt\/ol-flytande-tval\/","title":{"rendered":"\u00d6l flytande tv\u00e5l"},"content":{"rendered":"<p>Saelas kosmetika har tillverkats f\u00f6r hand sedan 1999 i en liten tjeckisk fabrik i Brumovice. De inneh\u00e5ller naturliga ingredienser som tjeckisk \u00f6l, humleextrakt och bryggerij\u00e4st och \u00e4r fria fr\u00e5n syntetiska f\u00e4rg\u00e4mnen, vilket g\u00f6r dem s\u00e4kra \u00e4ven f\u00f6r barn. <\/p>\n<p>Den milda<strong> tv\u00e5len med \u00f6l (upp till 30% av sammans\u00e4ttningen)<\/strong> \u00e4r rik p\u00e5 v\u00e4rdefulla vitaminer och mikro- och makroelement som B-vitaminer, kalium, j\u00e4rn och proteiner.<\/p>\n<p>Den \u00e4r handgjord och perfekt f\u00f6r torr hud med tendens till flagning, sprickbildning och kl\u00e5da. Tack vare sin hypoallergena formula \u00e4r den l\u00e4mplig f\u00f6r daglig anv\u00e4ndning. Den \u00e4r idealisk f\u00f6r b\u00e5de i duschen och i badet. Den praktiska pumpen s\u00e4kerst\u00e4ller enkel och exakt dosering av produkten.   <\/p>\n<p>Kapacitet: 500 ml<\/p>\n","protected":false},"excerpt":{"rendered":"<p>Saelas kosmetika har tillverkats f\u00f6r hand sedan 1999 i en liten tjeckisk fabrik i Brumovice. De inneh\u00e5ller naturliga ingredienser som tjeckisk \u00f6l, humleextrakt och bryggerij\u00e4st och \u00e4r fria fr\u00e5n syntetiska f\u00e4rg\u00e4mnen, vilket g\u00f6r dem s\u00e4kra \u00e4ven f\u00f6r barn. Den milda tv\u00e5len med \u00f6l (upp till 30% av sammans\u00e4ttningen) \u00e4r rik p\u00e5 v\u00e4rdefulla vitaminer och mikro- [&hellip;]<\/p>\n","protected":false},"featured_media":11429,"comment_status":"open","ping_status":"closed","template":"","meta":{"_acf_changed":false},"product_brand":[],"product_cat":[241],"product_tag":[],"class_list":{"0":"post-16088","1":"product","2":"type-product","3":"status-publish","4":"has-post-thumbnail","6":"product_cat-presentkort","8":"first","9":"instock","10":"taxable","11":"shipping-taxable","12":"purchasable","13":"product-type-simple"},"acf":[],"_links":{"self":[{"href":"https:\/\/krakow.piwnespa.com\/sv\/wp-json\/wp\/v2\/product\/16088","targetHints":{"allow":["GET"]}}],"collection":[{"href":"https:\/\/krakow.piwnespa.com\/sv\/wp-json\/wp\/v2\/product"}],"about":[{"href":"https:\/\/krakow.piwnespa.com\/sv\/wp-json\/wp\/v2\/types\/product"}],"replies":[{"embeddable":true,"href":"https:\/\/krakow.piwnespa.com\/sv\/wp-json\/wp\/v2\/comments?post=16088"}],"wp:featuredmedia":[{"embeddable":true,"href":"https:\/\/krakow.piwnespa.com\/sv\/wp-json\/wp\/v2\/media\/11429"}],"wp:attachment":[{"href":"https:\/\/krakow.piwnespa.com\/sv\/wp-json\/wp\/v2\/media?parent=16088"}],"wp:term":[{"taxonomy":"product_brand","embeddable":true,"href":"https:\/\/krakow.piwnespa.com\/sv\/wp-json\/wp\/v2\/product_brand?post=16088"},{"taxonomy":"product_cat","embeddable":true,"href":"https:\/\/krakow.piwnespa.com\/sv\/wp-json\/wp\/v2\/product_cat?post=16088"},{"taxonomy":"product_tag","embeddable":true,"href":"https:\/\/krakow.piwnespa.com\/sv\/wp-json\/wp\/v2\/product_tag?post=16088"}],"curies":[{"name":"wp","href":"https:\/\/api.w.org\/{rel}","templated":true}]}}