{"id":16077,"date":"2025-10-11T05:21:20","date_gmt":"2025-10-11T03:21:20","guid":{"rendered":"https:\/\/krakow.piwnespa.com\/produkt\/olbadolja\/"},"modified":"2025-10-11T05:21:20","modified_gmt":"2025-10-11T03:21:20","slug":"olbadolja","status":"publish","type":"product","link":"https:\/\/krakow.piwnespa.com\/sv\/produkt\/olbadolja\/","title":{"rendered":"\u00d6lbadolja"},"content":{"rendered":"<p>Saelas kosmetika har tillverkats f\u00f6r hand sedan 1999 i en liten tjeckisk fabrik i Brumovice. De inneh\u00e5ller naturliga ingredienser som tjeckisk \u00f6l, humleextrakt och bryggerij\u00e4st och \u00e4r fria fr\u00e5n syntetiska f\u00e4rg\u00e4mnen, vilket g\u00f6r dem s\u00e4kra \u00e4ven f\u00f6r barn. <\/p>\n<p>Intensivt \u00e5terfuktande badolja med <strong>h\u00f6g \u00f6lhalt (upp till 30%)<\/strong> som fr\u00e4mjar hudens vitalisering och avl\u00e4gsnar skadliga \u00e4mnen fr\u00e5n huden. Ett bad p\u00e5 15 minuter r\u00e4cker f\u00f6r att g\u00f6ra huden mjuk, behaglig och sammetslen vid ber\u00f6ring. <\/p>\n<p>Kapacitet: 500 ml<\/p>\n","protected":false},"excerpt":{"rendered":"<p>Saelas kosmetika har tillverkats f\u00f6r hand sedan 1999 i en liten tjeckisk fabrik i Brumovice. De inneh\u00e5ller naturliga ingredienser som tjeckisk \u00f6l, humleextrakt och bryggerij\u00e4st och \u00e4r fria fr\u00e5n syntetiska f\u00e4rg\u00e4mnen, vilket g\u00f6r dem s\u00e4kra \u00e4ven f\u00f6r barn. Intensivt \u00e5terfuktande badolja med h\u00f6g \u00f6lhalt (upp till 30%) som fr\u00e4mjar hudens vitalisering och avl\u00e4gsnar skadliga \u00e4mnen [&hellip;]<\/p>\n","protected":false},"featured_media":11406,"comment_status":"open","ping_status":"closed","template":"","meta":{"_acf_changed":false},"product_brand":[],"product_cat":[241],"product_tag":[],"class_list":{"0":"post-16077","1":"product","2":"type-product","3":"status-publish","4":"has-post-thumbnail","6":"product_cat-presentkort","8":"first","9":"instock","10":"taxable","11":"shipping-taxable","12":"purchasable","13":"product-type-simple"},"acf":[],"_links":{"self":[{"href":"https:\/\/krakow.piwnespa.com\/sv\/wp-json\/wp\/v2\/product\/16077","targetHints":{"allow":["GET"]}}],"collection":[{"href":"https:\/\/krakow.piwnespa.com\/sv\/wp-json\/wp\/v2\/product"}],"about":[{"href":"https:\/\/krakow.piwnespa.com\/sv\/wp-json\/wp\/v2\/types\/product"}],"replies":[{"embeddable":true,"href":"https:\/\/krakow.piwnespa.com\/sv\/wp-json\/wp\/v2\/comments?post=16077"}],"wp:featuredmedia":[{"embeddable":true,"href":"https:\/\/krakow.piwnespa.com\/sv\/wp-json\/wp\/v2\/media\/11406"}],"wp:attachment":[{"href":"https:\/\/krakow.piwnespa.com\/sv\/wp-json\/wp\/v2\/media?parent=16077"}],"wp:term":[{"taxonomy":"product_brand","embeddable":true,"href":"https:\/\/krakow.piwnespa.com\/sv\/wp-json\/wp\/v2\/product_brand?post=16077"},{"taxonomy":"product_cat","embeddable":true,"href":"https:\/\/krakow.piwnespa.com\/sv\/wp-json\/wp\/v2\/product_cat?post=16077"},{"taxonomy":"product_tag","embeddable":true,"href":"https:\/\/krakow.piwnespa.com\/sv\/wp-json\/wp\/v2\/product_tag?post=16077"}],"curies":[{"name":"wp","href":"https:\/\/api.w.org\/{rel}","templated":true}]}}