{"id":11683,"date":"2025-10-11T05:24:37","date_gmt":"2025-10-11T03:24:37","guid":{"rendered":"https:\/\/krakow.piwnespa.com\/produkt\/pomadka-ochronna-do-ust\/"},"modified":"2025-10-19T11:22:27","modified_gmt":"2025-10-19T09:22:27","slug":"skyddande-lappstift","status":"publish","type":"product","link":"https:\/\/krakow.piwnespa.com\/sv\/produkt\/skyddande-lappstift\/","title":{"rendered":"Skyddande l\u00e4ppstift"},"content":{"rendered":"<p>Saela-kosmetika har tillverkats f\u00f6r hand sedan 1999 i en liten tjeckisk fabrik i Brumovice. De inneh\u00e5ller naturliga ingredienser som tjeckiskt \u00f6l, humleextrakt och \u00f6lj\u00e4st, och \u00e4r fria fr\u00e5n syntetiska f\u00e4rg\u00e4mnen, vilket g\u00f6r dem s\u00e4kra \u00e4ven f\u00f6r barn.<\/p>\n<p>Skyddande l\u00e4ppstift med naturligt UV-filter \u00e4r en unik komposition av ingredienser som arganolja, ricinolja och avokadoolja, samt sheasm\u00f6r, bivax och humleextrakt. Det ger ett effektivt skydd mot ogynnsamma v\u00e4derf\u00f6rh\u00e5llanden. Den har en anti-aging-effekt, st\u00f6djer regenerativa processer och p\u00e5skyndar l\u00e4kning. Redan efter f\u00f6rsta anv\u00e4ndningen blir l\u00e4pparna synligt \u00e5terfuktade, mer elastiska, sl\u00e4ta och mjuka.<\/p>\n","protected":false},"excerpt":{"rendered":"<p>Saela-kosmetika har tillverkats f\u00f6r hand sedan 1999 i en liten tjeckisk fabrik i Brumovice. De inneh\u00e5ller naturliga ingredienser som tjeckiskt \u00f6l, humleextrakt och \u00f6lj\u00e4st, och \u00e4r fria fr\u00e5n syntetiska f\u00e4rg\u00e4mnen, vilket g\u00f6r dem s\u00e4kra \u00e4ven f\u00f6r barn. Skyddande l\u00e4ppstift med naturligt UV-filter \u00e4r en unik komposition av ingredienser som arganolja, ricinolja och avokadoolja, samt sheasm\u00f6r, [&hellip;]<\/p>\n","protected":false},"featured_media":11452,"comment_status":"open","ping_status":"closed","template":"","meta":{"_acf_changed":false},"product_brand":[],"product_cat":[241],"product_tag":[],"class_list":{"0":"post-11683","1":"product","2":"type-product","3":"status-publish","4":"has-post-thumbnail","6":"product_cat-presentkort","8":"first","9":"instock","10":"taxable","11":"shipping-taxable","12":"purchasable","13":"product-type-simple"},"acf":[],"_links":{"self":[{"href":"https:\/\/krakow.piwnespa.com\/sv\/wp-json\/wp\/v2\/product\/11683","targetHints":{"allow":["GET"]}}],"collection":[{"href":"https:\/\/krakow.piwnespa.com\/sv\/wp-json\/wp\/v2\/product"}],"about":[{"href":"https:\/\/krakow.piwnespa.com\/sv\/wp-json\/wp\/v2\/types\/product"}],"replies":[{"embeddable":true,"href":"https:\/\/krakow.piwnespa.com\/sv\/wp-json\/wp\/v2\/comments?post=11683"}],"wp:featuredmedia":[{"embeddable":true,"href":"https:\/\/krakow.piwnespa.com\/sv\/wp-json\/wp\/v2\/media\/11452"}],"wp:attachment":[{"href":"https:\/\/krakow.piwnespa.com\/sv\/wp-json\/wp\/v2\/media?parent=11683"}],"wp:term":[{"taxonomy":"product_brand","embeddable":true,"href":"https:\/\/krakow.piwnespa.com\/sv\/wp-json\/wp\/v2\/product_brand?post=11683"},{"taxonomy":"product_cat","embeddable":true,"href":"https:\/\/krakow.piwnespa.com\/sv\/wp-json\/wp\/v2\/product_cat?post=11683"},{"taxonomy":"product_tag","embeddable":true,"href":"https:\/\/krakow.piwnespa.com\/sv\/wp-json\/wp\/v2\/product_tag?post=11683"}],"curies":[{"name":"wp","href":"https:\/\/api.w.org\/{rel}","templated":true}]}}