{"id":9284,"date":"2025-07-22T09:43:06","date_gmt":"2025-07-22T07:43:06","guid":{"rendered":"https:\/\/krakow.piwnespa.com\/regler-for-olspa\/"},"modified":"2025-11-04T14:38:21","modified_gmt":"2025-11-04T13:38:21","slug":"regler-for-olspa","status":"publish","type":"page","link":"https:\/\/krakow.piwnespa.com\/sv\/regler-for-olspa\/","title":{"rendered":"Villkor och best\u00e4mmelser Beernarium Beer Spa Krakow"},"content":{"rendered":"\n<h2 class=\"wp-block-heading\">1. Allm\u00e4nna best\u00e4mmelser<\/h2>\n\n<p>Dessa regler och f\u00f6reskrifter anger principerna f\u00f6r organisation och anv\u00e4ndning av tj\u00e4nster som tillhandah\u00e5lls av Beernarium Piwne Spa bel\u00e4get p\u00e5 13 Floria\u0144ska Street, 31-019 Krak\u00f3w.<br\/>F\u00f6ljande definitioner anv\u00e4nds i dessa regler och f\u00f6reskrifter:<br\/>&#8211; Spa &#8211; Beernarium Piwne Spa i Krak\u00f3w;<br\/>&#8211; Personal &#8211; personer som \u00e4r anst\u00e4llda i Beernarium Piwne Spa;<br\/>&#8211; G\u00e4st &#8211; en person som anv\u00e4nder Spa:s tj\u00e4nster;<br\/>&#8211; Behandling &#8211; bad, massage, peeling och andra tj\u00e4nster som erbjuds av Spa.<br\/>Spaet \u00e4r \u00f6ppet fr\u00e5n s\u00f6ndag till torsdag fr\u00e5n kl. 14.00 till 21.30 och p\u00e5 fredagar och l\u00f6rdagar fr\u00e5n kl. 11.00 till 23.00. Spaet f\u00f6rbeh\u00e5ller sig r\u00e4tten att \u00e4ndra \u00f6ppettiderna och att st\u00e4nga anl\u00e4ggningen p\u00e5 utvalda dagar.<br\/>Att g\u00f6ra en bokning eller anv\u00e4nda Spa-tj\u00e4nsterna inneb\u00e4r att g\u00e4sten godk\u00e4nner dessa regler och best\u00e4mmelser och intygar att det inte finns n\u00e5gra h\u00e4lsorelaterade kontraindikationer f\u00f6r att anv\u00e4nda tj\u00e4nsterna.<br\/>Barn och ungdomar under 16 \u00e5r f\u00e5r endast anv\u00e4nda tj\u00e4nsterna med samtycke och i n\u00e4rvaro av en f\u00f6r\u00e4lder eller v\u00e5rdnadshavare.  <\/p>\n\n<h2 class=\"wp-block-heading\">2. Reservationer och betalningar<\/h2>\n\n<p>Bokning av behandlingar i spaet kan g\u00f6ras:<br\/>&#8211; via webbplatsen www.krakow.piwnespa.com,<br\/>&#8211; per telefon p\u00e5 +48 451 581 552,<br\/>&#8211; via e-post p\u00e5 krakow@piwnespa.com,<br\/>&#8211; personligen i spaets reception.<br\/>F\u00f6r att bekr\u00e4fta bokningen kr\u00e4vs betalning av 100 % av v\u00e4rdet p\u00e5 de best\u00e4llda tj\u00e4nsterna. Efter att betalningen har gjorts f\u00e5r g\u00e4sten ett e-postmeddelande som bekr\u00e4ftar datum, tid och plats f\u00f6r tj\u00e4nsten.<br\/>Om en bokning g\u00f6rs p\u00e5 en annan plats \u00e4n Beernarium Beer Spa Krakow, \u00e4r Spa inte ansvarigt f\u00f6r en felaktigt vald plats. I en s\u00e5dan situation kanske behandlingen inte kan utf\u00f6ras och depositionen \u00e5terbetalas inte.<br\/>\u00c4ndringar av ett behandlingsdatum kan g\u00f6ras upp till 24 timmar f\u00f6re den schemalagda tiden utan n\u00e5gra extra avgifter. Den nya tiden kan inte avbokas igen. Datum\u00e4ndring mindre \u00e4n 24 timmar f\u00f6re bokad tid \u00e4r inte m\u00f6jlig.<br\/>Avbokning av en bokning ger g\u00e4sten r\u00e4tt till:<br\/>&#8211; 100% \u00e5terbetalning av tj\u00e4nstens v\u00e4rde vid avbokning upp till 7 dagar f\u00f6re behandlingsdatumet,<br\/>&#8211; 30% \u00e5terbetalning av tj\u00e4nstens v\u00e4rde vid avbokning mindre \u00e4n 7 dagar f\u00f6re behandlingsdatumet,<br\/>&#8211; ingen \u00e5terbetalning vid avbokning mindre \u00e4n 24 timmar f\u00f6re bokad tid.<br\/>\u00c5terbetalningen ska ske inom 14 dagar efter avbokningsbeskedet.<br\/>G\u00e4sten \u00e4r skyldig att l\u00e4mna det slutliga antalet deltagare senast 5 dagar f\u00f6re bes\u00f6ksdatumet. I h\u00e4ndelse av ett l\u00e4gre antal g\u00e4ster p\u00e5 dagen f\u00f6r utf\u00f6randet debiteras avgiften enligt det ursprungligen angivna antalet deltagare och behandlingens l\u00e4ngd \u00e4ndras inte.<br\/>Presentkort kan k\u00f6pas via webbplatsen eller i Spa-receptionen. Presentkort \u00e4r giltiga i 12 m\u00e5nader fr\u00e5n ink\u00f6psdatumet om inte annat anges i erbjudandet. K\u00f6p av presentkort inneb\u00e4r godk\u00e4nnande av reglerna f\u00f6r presentkort som finns tillg\u00e4ngliga p\u00e5 Spa-webbplatsen.<br\/>Spa fakturerar f\u00f6r tillhandah\u00e5llna tj\u00e4nster &#8211; kontakta receptionen f\u00f6r detta.<br\/>Om ingen f\u00f6rhandsbokning har gjorts kan en g\u00e4st endast anv\u00e4nda de tj\u00e4nster som \u00e4r lediga.       <\/p>\n\n<h2 class=\"wp-block-heading\">3 Regler f\u00f6r anv\u00e4ndning av Spa-tj\u00e4nster<\/h2>\n\n<p>G\u00e4sterna m\u00e5ste komma i tid till sin planerade behandling &#8211; vi rekommenderar att man kommer 10-15 minuter tidigare. I h\u00e4ndelse av f\u00f6rsening f\u00f6rbeh\u00e5ller sig Spa r\u00e4tten att f\u00f6rkorta behandlingens l\u00e4ngd utan n\u00e5gon prisreduktion.<br\/>I Spa \u00e4r det obligatoriskt att byta skor till eng\u00e5ngstofflor och att byta till de tillbeh\u00f6r som tillhandah\u00e5lls.<br\/>Video- och ljudinspelning \u00e4r endast till\u00e5tet med tillst\u00e5nd fr\u00e5n Spa-personalen.<br\/>Det rekommenderas att g\u00e4sterna inte tar med sig smycken eller v\u00e4rdesaker till Spa. Spaet ansvarar inte f\u00f6r f\u00f6rlust av dessa.<br\/>Personer som \u00e4r p\u00e5verkade av alkohol, berusningsmedel, har \u00f6ppna s\u00e5r, inflammation i huden eller utg\u00f6r ett hot mot andra g\u00e4ster eller personalen kommer inte att sl\u00e4ppas in p\u00e5 Spaet.<br\/>Spaet \u00e4r ett omr\u00e5de f\u00f6r tystnad och avkoppling. G\u00e4sterna m\u00e5ste h\u00e5lla sig tysta och avst\u00e5 fr\u00e5n h\u00f6gljudda samtal. Personalen har r\u00e4tt att be st\u00f6rande personer att l\u00e4mna omr\u00e5det utan ers\u00e4ttning.<br\/>F\u00f6rt\u00e4ring av drycker \u00e4r endast till\u00e5tet p\u00e5 anvisade platser. Det \u00e4r f\u00f6rbjudet att ta med sig drycker utanf\u00f6r dessa omr\u00e5den.<br\/>G\u00e4sterna m\u00e5ste fylla i ett h\u00e4lsofr\u00e5geformul\u00e4r f\u00f6re varje behandling.     <\/p>\n\n<h2 class=\"wp-block-heading\">4 S\u00e4kerhet och kontraindikationer<\/h2>\n\n<p>F\u00f6ljande \u00e4r f\u00f6rbjudet i spaet:<br\/>&#8211; r\u00f6kning,<br\/>&#8211; att ta med och konsumera egen mat och dryck,<br\/>&#8211; att anv\u00e4nda droger och andra berusningsmedel,<br\/>&#8211; att ta med husdjur.<br\/>Kontraindikationer f\u00f6r spatj\u00e4nster inkluderar, men \u00e4r inte begr\u00e4nsade till: epilepsi, cancer, virusinfektioner med feber, att ha en pacemaker, \u00f6ppna s\u00e5r eller skador.<br\/>G\u00e4sterna \u00e4r ekonomiskt ansvariga f\u00f6r eventuella skador eller f\u00f6rst\u00f6relse som orsakats av dem sj\u00e4lva eller personer som de \u00e4r ansvariga f\u00f6r.<br\/>Om rummen l\u00e4mnas i ett skick som kr\u00e4ver st\u00e4dning ut\u00f6ver standard har spaet r\u00e4tt att ta ut en extra avgift p\u00e5 200 z\u0142 per personal.<br\/>Badkaret f\u00e5r anv\u00e4ndas av h\u00f6gst tv\u00e5 personer. Det \u00e4r f\u00f6rbjudet att hoppa i badkaret. Ett extra badkar kan st\u00e4llas till f\u00f6rfogande efter f\u00f6rhandsanm\u00e4lan och mot en extra avgift.  <\/p>\n\n<h2 class=\"wp-block-heading\">5 Ansvar och reklamationer<\/h2>\n\n<p>Beer Spa ansvarar inte f\u00f6r f\u00f6rem\u00e5l som l\u00e4mnas utanf\u00f6r l\u00e5sta sk\u00e5p eller f\u00f6r eventuella avbrott i tj\u00e4nsterna p\u00e5 grund av oberoende orsaker s\u00e5som haverier eller force majeure.<br\/>Klagom\u00e5l avseende tj\u00e4nster ska g\u00f6ras personligen i Spa-receptionen eller via e-post till krakow@piwnespa.com inom 7 dagar efter tj\u00e4nsten. Klagom\u00e5l behandlas inom 14 arbetsdagar fr\u00e5n dagen f\u00f6r anm\u00e4lan.<br\/>Personuppgifter om g\u00e4ster behandlas endast i syfte att tillhandah\u00e5lla tj\u00e4nster i enlighet med best\u00e4mmelserna i RODO. <\/p>\n\n<h2 class=\"wp-block-heading\">6 Slutbest\u00e4mmelser<\/h2>\n\n<p>Beernarium Beer Spa f\u00f6rbeh\u00e5ller sig r\u00e4tten att \u00e4ndra dessa villkor.<br\/>Den aktuella versionen av villkoren finns tillg\u00e4nglig i Spa-receptionen och p\u00e5 webbplatsen www.krakow.piwnespa.com.<br\/><br\/><\/p>\n","protected":false},"excerpt":{"rendered":"<p>1. Allm\u00e4nna best\u00e4mmelser Dessa regler och f\u00f6reskrifter anger principerna f\u00f6r organisation och anv\u00e4ndning av tj\u00e4nster som tillhandah\u00e5lls av Beernarium Piwne Spa bel\u00e4get p\u00e5 13 Floria\u0144ska Street, 31-019 Krak\u00f3w.F\u00f6ljande definitioner anv\u00e4nds i dessa regler och f\u00f6reskrifter:&#8211; Spa &#8211; Beernarium Piwne Spa i Krak\u00f3w;&#8211; Personal &#8211; personer som \u00e4r anst\u00e4llda i Beernarium Piwne Spa;&#8211; G\u00e4st &#8211; en [&hellip;]<\/p>\n","protected":false},"author":2,"featured_media":9111,"parent":0,"menu_order":0,"comment_status":"closed","ping_status":"closed","template":"","meta":{"_acf_changed":false,"footnotes":""},"class_list":["post-9284","page","type-page","status-publish","has-post-thumbnail","hentry"],"acf":[],"_links":{"self":[{"href":"https:\/\/krakow.piwnespa.com\/sv\/wp-json\/wp\/v2\/pages\/9284","targetHints":{"allow":["GET"]}}],"collection":[{"href":"https:\/\/krakow.piwnespa.com\/sv\/wp-json\/wp\/v2\/pages"}],"about":[{"href":"https:\/\/krakow.piwnespa.com\/sv\/wp-json\/wp\/v2\/types\/page"}],"author":[{"embeddable":true,"href":"https:\/\/krakow.piwnespa.com\/sv\/wp-json\/wp\/v2\/users\/2"}],"replies":[{"embeddable":true,"href":"https:\/\/krakow.piwnespa.com\/sv\/wp-json\/wp\/v2\/comments?post=9284"}],"version-history":[{"count":3,"href":"https:\/\/krakow.piwnespa.com\/sv\/wp-json\/wp\/v2\/pages\/9284\/revisions"}],"predecessor-version":[{"id":16158,"href":"https:\/\/krakow.piwnespa.com\/sv\/wp-json\/wp\/v2\/pages\/9284\/revisions\/16158"}],"wp:featuredmedia":[{"embeddable":true,"href":"https:\/\/krakow.piwnespa.com\/sv\/wp-json\/wp\/v2\/media\/9111"}],"wp:attachment":[{"href":"https:\/\/krakow.piwnespa.com\/sv\/wp-json\/wp\/v2\/media?parent=9284"}],"curies":[{"name":"wp","href":"https:\/\/api.w.org\/{rel}","templated":true}]}}