{"id":7564,"date":"2025-07-18T05:15:22","date_gmt":"2025-07-18T05:15:22","guid":{"rendered":"https:\/\/krakow.piwnespa.com\/produkt\/kupelny-poukaz-zakopane\/"},"modified":"2025-12-05T14:39:23","modified_gmt":"2025-12-05T13:39:23","slug":"kupelny-poukaz-zakopane","status":"publish","type":"product","link":"https:\/\/krakow.piwnespa.com\/sk\/produkt\/kupelny-poukaz-zakopane\/","title":{"rendered":"K\u00fape\u013en\u00fd poukaz Krakov"},"content":{"rendered":"<h3 style=\"text-align: center;\">Poukaz na \u013eubovo\u013en\u00e9 o\u0161etrenie pre dve alebo jednu osobu:<\/h3>\n<p>&nbsp;<\/p>\n<p><strong>Pivn\u00fd k\u00fape\u013e s ochutn\u00e1vkou<\/strong><\/p>\n<p>&#8211; je ide\u00e1lnou vo\u013ebou pre milovn\u00edkov piva. K\u00fape\u013e sa pripravuje rozpusten\u00edm pr\u00edrodn\u00e9ho piva a pivn\u00e9ho oleja vo vode. Proced\u00faru sprev\u00e1dza ochutn\u00e1vka piva Browar Zamkowy Cieszyn.  <\/p>\n<p>&nbsp;<\/p>\n<p><strong>V\u00ednny k\u00fape\u013e s ochutn\u00e1vkou<\/strong><\/p>\n<p>&#8211; Pripravuje sa extrakciou v\u00edna vo forme peny do k\u00fape\u013ea. Podporuje redukciu tukov\u00e9ho tkaniva a celulit\u00eddy. K\u00fape\u013e je sprev\u00e1dzan\u00fd ochutn\u00e1vkou v\u00edna.  <\/p>\n<p>&nbsp;<\/p>\n<p><strong>VIP pivn\u00fd alebo v\u00ednny k\u00fape\u013e so saunou a neobmedzenou ochutn\u00e1vkou<\/strong><\/p>\n<p>&#8211; Zahrejte sa v saune, vyberte si typ k\u00fape\u013ea a vychutnajte si neobmedzen\u00e9 ochutn\u00e1vky. VIP k\u00fape\u013e je skvel\u00fd n\u00e1pad na dar\u010dek vo forme poukazu. <\/p>\n<p>&nbsp;<\/p>\n<p><strong>Romantick\u00fd mlie\u010dny k\u00fape\u013e<\/strong><\/p>\n<p>&#8211; Saunovanie, romantick\u00fd k\u00fape\u013e v kozom mlieku ozdoben\u00fd lupienkami ru\u017e\u00ed, spojen\u00fd s ochutn\u00e1vkou Prosecca. A to v\u0161etko v int\u00edmnej atmosf\u00e9re pri svie\u010dkach. Poukaz do k\u00fape\u013eov v Krakove na romantick\u00fd k\u00fape\u013e je ide\u00e1lnym dar\u010dekom pre novoman\u017eelov.  <\/p>\n<p>&nbsp;<\/p>\n<p><strong>K\u00fape\u013eov\u00e9 zlato  <\/strong><\/p>\n<p>&#8211; Mlie\u010dny k\u00fape\u013e trblietaj\u00faci sa zlat\u00fdmi \u0161kvrnami a zdoben\u00fd pl\u00e1vaj\u00facimi okvetn\u00fdmi l\u00edstkami ru\u017e\u00ed je skuto\u010dnou pastvou pre zmysly. Upokojuj\u00face v\u00f4ne, pokojn\u00e1 hudba a svetlo svie\u010dok &#8211; dokonal\u00e9 prostredie na ve\u010der vo dvojici. Poh\u00e1r prosecca e\u0161te viac umocn\u00ed jedine\u010dnos\u0165 z\u00e1\u017eitku.  <\/p>\n<p>&nbsp;<\/p>\n<p><strong>Bal\u00ed\u010dek denn\u00fdch k\u00fape\u013eov s pivom<\/strong><\/p>\n<p>&#8211; Pivn\u00fd k\u00fape\u013e + ochutn\u00e1vka r\u00f4znych remeseln\u00fdch p\u00edv z Browaru Zamkowy Cieszyn + \u010diasto\u010dn\u00e1 relaxa\u010dn\u00e1 mas\u00e1\u017e. Poukaz do k\u00fape\u013eov v Krakove na pivn\u00fa k\u00fape\u013en\u00fa proced\u00faru Beer Day bude ide\u00e1lnym dar\u010dekom pre milovn\u00edkov piva. <\/p>\n<p>&nbsp;<\/p>\n<p><strong>\u0160peci\u00e1lny bal\u00edk denn\u00fdch k\u00fape\u013eov<\/strong><\/p>\n<p>&#8211; VIP k\u00fape\u013e + celostn\u00e1 relaxa\u010dn\u00e1 mas\u00e1\u017e. Je to proced\u00fara ur\u010den\u00e1 pre \u013eud\u00ed, ktor\u00ed chc\u00fa relaxova\u0165 na najvy\u0161\u0161ej \u00farovni. H\u013ead\u00e1te poukaz do k\u00fape\u013eov v Krakove? Darujte bl\u00edzkej osobe nezabudnute\u013en\u00fd z\u00e1\u017eitok a bla\u017een\u00fd relax so \u0161peci\u00e1lnou dennou k\u00fape\u013enou proced\u00farou.   <\/p>\n<p>&nbsp;<\/p>\n<p><strong>Bal\u00ed\u010dek Love Day Spa<\/strong><\/p>\n<p>&#8211; romantick\u00fd k\u00fape\u013e + \u010diasto\u010dn\u00e1 relaxa\u010dn\u00e1 mas\u00e1\u017e. Poukaz na t\u00fato proced\u00faru ve\u013emi \u010dasto dost\u00e1vaj\u00fa mladoman\u017eelia. <\/p>\n<p>&nbsp;<\/p>\n<p><strong>Zlat\u00fd bal\u00ed\u010dek denn\u00fdch k\u00fape\u013eov<\/strong><\/p>\n<p>&#8211; zlat\u00fd k\u00fape\u013e + mas\u00e1\u017e cel\u00e9ho tela na b\u00e1ze bambuck\u00e9ho masla a koloidn\u00e9ho zlata. Mas\u00e1\u017e v\u00e1m umo\u017en\u00ed uvo\u013eni\u0165 nap\u00e4t\u00e9 svaly a spolo\u010dne si u\u017ei\u0165 chv\u00ed\u013eu len pre v\u00e1s. Cel\u00fd ritu\u00e1l prebieha v s\u00fakrom\u00ed s\u00fakromn\u00e9ho k\u00fape\u013ea.  <\/p>\n<p>&nbsp;<\/p>\n<p><strong>Relaxa\u010dn\u00e1, pivn\u00e1, klasick\u00e1 alebo svie\u010dkov\u00e1 mas\u00e1\u017e<\/strong><\/p>\n<p>&#8211; Milovn\u00edkov mas\u00e1\u017e\u00ed ur\u010dite pote\u0161\u00ed poukaz do pivn\u00fdch k\u00fape\u013eov v Krakove, ktor\u00fd umo\u017en\u00ed bla\u017een\u00fd relax pri mas\u00e1\u017ei vykon\u00e1vanej kvalifikovan\u00fdm fyzioterapeutom.<\/p>\n","protected":false},"excerpt":{"rendered":"<p>Poukaz na \u013eubovo\u013en\u00e9 o\u0161etrenie pre dve alebo jednu osobu: &nbsp; Pivn\u00fd k\u00fape\u013e s ochutn\u00e1vkou &#8211; je ide\u00e1lnou vo\u013ebou pre milovn\u00edkov piva. K\u00fape\u013e sa pripravuje rozpusten\u00edm pr\u00edrodn\u00e9ho piva a pivn\u00e9ho oleja vo vode. Proced\u00faru sprev\u00e1dza ochutn\u00e1vka piva Browar Zamkowy Cieszyn. &nbsp; V\u00ednny k\u00fape\u013e s ochutn\u00e1vkou &#8211; Pripravuje sa extrakciou v\u00edna vo forme peny do k\u00fape\u013ea. Podporuje [&hellip;]<\/p>\n","protected":false},"featured_media":12206,"comment_status":"open","ping_status":"closed","template":"","meta":{"_acf_changed":false},"product_brand":[],"product_cat":[201],"product_tag":[482],"class_list":{"0":"post-7564","1":"product","2":"type-product","3":"status-publish","4":"has-post-thumbnail","6":"product_cat-darcekova-poukazka","7":"product_tag-voucher-sk","8":"product_shipping_class-elektronicke-dorucovanie","9":"pa_zabiegi-ciastocna-relaxacna-masaz-1-osoba","10":"pa_zabiegi-ciastocna-relaxacna-masaz-2-osoby","11":"pa_zabiegi-denne-pivne-kupele-1-osoba","12":"pa_zabiegi-denne-pivne-kupele-2-osoby","13":"pa_zabiegi-gold-day-spa-1-osoba-sk","14":"pa_zabiegi-klasicka-masaz-1-osoba","15":"pa_zabiegi-klasicka-masaz-2-osoby","16":"pa_zabiegi-kupelna-gold-1-osoba","17":"pa_zabiegi-kupelna-gold-2-osoby","18":"pa_zabiegi-love-day-spa-1-osoba-sk","19":"pa_zabiegi-love-day-spa-2-osoby-sk","20":"pa_zabiegi-masaz-svieckou-1-osoba","21":"pa_zabiegi-masaz-svieckou-2-osoby","22":"pa_zabiegi-pivna-masaz-1-osoba","23":"pa_zabiegi-pivna-masaz-2-osoby","24":"pa_zabiegi-pivne-osetrenie-tvare-1-osoba","25":"pa_zabiegi-pivne-osetrenie-tvare-2-osoby","26":"pa_zabiegi-pivny-kupel-1-osoba","27":"pa_zabiegi-pivny-kupel-2-osoby","28":"pa_zabiegi-relaxacna-masaz-celeho-tela-1-osoba","29":"pa_zabiegi-relaxacna-masaz-celeho-tela-2-osoby","30":"pa_zabiegi-romanticky-kupel-1-osoba","31":"pa_zabiegi-romanticky-kupel-2-osoby","32":"pa_zabiegi-specialne-denne-kupele-1-osoba","33":"pa_zabiegi-specialne-denne-kupele-2-osoby","34":"pa_zabiegi-vinny-kupel-1-osoba","35":"pa_zabiegi-vinny-kupel-2-osoby","36":"pa_zabiegi-vip-kupel-1-osoba","37":"pa_zabiegi-vip-kupel-2-osoby","38":"pa_zabiegi-zlate-denne-kupele-2-osoby","40":"first","41":"instock","42":"taxable","43":"shipping-taxable","44":"purchasable","45":"product-type-variable"},"acf":[],"_links":{"self":[{"href":"https:\/\/krakow.piwnespa.com\/sk\/wp-json\/wp\/v2\/product\/7564","targetHints":{"allow":["GET"]}}],"collection":[{"href":"https:\/\/krakow.piwnespa.com\/sk\/wp-json\/wp\/v2\/product"}],"about":[{"href":"https:\/\/krakow.piwnespa.com\/sk\/wp-json\/wp\/v2\/types\/product"}],"replies":[{"embeddable":true,"href":"https:\/\/krakow.piwnespa.com\/sk\/wp-json\/wp\/v2\/comments?post=7564"}],"wp:featuredmedia":[{"embeddable":true,"href":"https:\/\/krakow.piwnespa.com\/sk\/wp-json\/wp\/v2\/media\/12206"}],"wp:attachment":[{"href":"https:\/\/krakow.piwnespa.com\/sk\/wp-json\/wp\/v2\/media?parent=7564"}],"wp:term":[{"taxonomy":"product_brand","embeddable":true,"href":"https:\/\/krakow.piwnespa.com\/sk\/wp-json\/wp\/v2\/product_brand?post=7564"},{"taxonomy":"product_cat","embeddable":true,"href":"https:\/\/krakow.piwnespa.com\/sk\/wp-json\/wp\/v2\/product_cat?post=7564"},{"taxonomy":"product_tag","embeddable":true,"href":"https:\/\/krakow.piwnespa.com\/sk\/wp-json\/wp\/v2\/product_tag?post=7564"}],"curies":[{"name":"wp","href":"https:\/\/api.w.org\/{rel}","templated":true}]}}