{"id":16110,"date":"2025-10-11T05:15:59","date_gmt":"2025-10-11T03:15:59","guid":{"rendered":"https:\/\/krakow.piwnespa.com\/produkt\/pivny-sampon-na-vlasy\/"},"modified":"2025-10-11T05:15:59","modified_gmt":"2025-10-11T03:15:59","slug":"pivny-sampon-na-vlasy","status":"publish","type":"product","link":"https:\/\/krakow.piwnespa.com\/sk\/produkt\/pivny-sampon-na-vlasy\/","title":{"rendered":"Pivn\u00fd \u0161amp\u00f3n na vlasy"},"content":{"rendered":"<p>Kozmetika Saela sa vyr\u00e1ba ru\u010dne od roku 1999 v malej \u010deskej manufakt\u00fare v Brumoviciach. Obsahuje pr\u00edrodn\u00e9 zlo\u017eky, ako je \u010desk\u00e9 pivo, chme\u013eov\u00fd extrakt a pivovarsk\u00e9 kvasnice, a je bez syntetick\u00fdch farb\u00edv, tak\u017ee je bezpe\u010dn\u00e1 aj pre deti. <\/p>\n<p>Pivo je pokladom miner\u00e1lov, ktor\u00e9 podporuj\u00fa rast vlasov\u00fdch folikulov a pom\u00e1haj\u00fa udr\u017ea\u0165 vlasy dlh\u0161ie svie\u017ee. \u0160amp\u00f3n Saela proti vypad\u00e1vaniu vlasov, ktor\u00fd sa vyzna\u010duje ve\u013emi vysok\u00fdm obsahom piva (a\u017e 30 %), si z\u00edskal uznanie <strong>z\u00e1kazn\u00edkov a stal sa jedn\u00fdm z na\u0161ich najpred\u00e1vanej\u0161\u00edch produktov.<\/strong> <\/p>\n<p>Hydrata\u010dn\u00fd pivn\u00fd \u0161amp\u00f3n dod\u00e1va vlasom zdrav\u00fd vzh\u013ead, lesk, posil\u0148uje ich \u0161trukt\u00faru a zv\u00e4\u010d\u0161uje objem. V\u010faka bohat\u00fdm vitam\u00ednom obsiahnut\u00fdm v pive vy\u017eivuje vlasy, podporuje regener\u00e1ciu poko\u017eky hlavy a zlep\u0161uje celkov\u00fd stav vlasov. Obsah chme\u013eu m\u00e1 upokojuj\u00faci \u00fa\u010dinok, odstra\u0148uje svrbenie a podporuje zdrav\u00fd rast vlasov.  <\/p>\n<p>\u0160amp\u00f3n Saela bol vyvinut\u00fd pre \u013eud\u00ed so sklonom k mastn\u00fdm vlasom. Pri pravidelnom pou\u017e\u00edvan\u00ed s\u00fa \u00fa\u010dinky r\u00fdchlo vidite\u013en\u00e9. V\u00fdrobok je ide\u00e1lny na ka\u017edodenn\u00fa starostlivos\u0165.  <\/p>\n<p>Objem: 300 ml<\/p>\n","protected":false},"excerpt":{"rendered":"<p>Hydrata\u010dn\u00fd pivn\u00fd \u0161amp\u00f3n dod\u00e1va vlasom zdrav\u00fd vzh\u013ead, lesk, posil\u0148uje ich \u0161trukt\u00faru a zv\u00e4\u010d\u0161uje objem. V\u010faka bohat\u00fdm vitam\u00ednom obsiahnut\u00fdm v pive vy\u017eivuje vlasy, podporuje regener\u00e1ciu poko\u017eky hlavy a zlep\u0161uje celkov\u00fd stav vlasov. Obsah chme\u013eu m\u00e1 upokojuj\u00faci \u00fa\u010dinok, odstra\u0148uje svrbenie a podporuje zdrav\u00fd rast vlasov.  <\/p>\n","protected":false},"featured_media":11368,"comment_status":"open","ping_status":"closed","template":"","meta":{"_acf_changed":false},"product_brand":[],"product_cat":[201],"product_tag":[],"class_list":{"0":"post-16110","1":"product","2":"type-product","3":"status-publish","4":"has-post-thumbnail","6":"product_cat-darcekova-poukazka","8":"first","9":"instock","10":"taxable","11":"shipping-taxable","12":"purchasable","13":"product-type-simple"},"acf":[],"_links":{"self":[{"href":"https:\/\/krakow.piwnespa.com\/sk\/wp-json\/wp\/v2\/product\/16110","targetHints":{"allow":["GET"]}}],"collection":[{"href":"https:\/\/krakow.piwnespa.com\/sk\/wp-json\/wp\/v2\/product"}],"about":[{"href":"https:\/\/krakow.piwnespa.com\/sk\/wp-json\/wp\/v2\/types\/product"}],"replies":[{"embeddable":true,"href":"https:\/\/krakow.piwnespa.com\/sk\/wp-json\/wp\/v2\/comments?post=16110"}],"wp:featuredmedia":[{"embeddable":true,"href":"https:\/\/krakow.piwnespa.com\/sk\/wp-json\/wp\/v2\/media\/11368"}],"wp:attachment":[{"href":"https:\/\/krakow.piwnespa.com\/sk\/wp-json\/wp\/v2\/media?parent=16110"}],"wp:term":[{"taxonomy":"product_brand","embeddable":true,"href":"https:\/\/krakow.piwnespa.com\/sk\/wp-json\/wp\/v2\/product_brand?post=16110"},{"taxonomy":"product_cat","embeddable":true,"href":"https:\/\/krakow.piwnespa.com\/sk\/wp-json\/wp\/v2\/product_cat?post=16110"},{"taxonomy":"product_tag","embeddable":true,"href":"https:\/\/krakow.piwnespa.com\/sk\/wp-json\/wp\/v2\/product_tag?post=16110"}],"curies":[{"name":"wp","href":"https:\/\/api.w.org\/{rel}","templated":true}]}}