{"id":16097,"date":"2025-10-23T15:53:38","date_gmt":"2025-10-23T13:53:38","guid":{"rendered":"https:\/\/krakow.piwnespa.com\/produkt\/pivny-sprchovy-gel\/"},"modified":"2025-10-23T15:53:38","modified_gmt":"2025-10-23T13:53:38","slug":"pivny-sprchovy-gel","status":"publish","type":"product","link":"https:\/\/krakow.piwnespa.com\/sk\/produkt\/pivny-sprchovy-gel\/","title":{"rendered":"Pivn\u00fd sprchov\u00fd g\u00e9l"},"content":{"rendered":"<div class=\"elementor-element elementor-element-9910a69 elementor-widget elementor-widget-woocommerce-product-short-description\" data-id=\"9910a69\" data-element_type=\"widget\" data-widget_type=\"woocommerce-product-short-description.default\">\n<div class=\"elementor-widget-container\">\n<div class=\"woocommerce-product-details__short-description\">\n<p>Kozmetika Saela sa vyr\u00e1ba ru\u010dne od roku 1999 v malej \u010deskej manufakt\u00fare v Brumoviciach. Obsahuje pr\u00edrodn\u00e9 zlo\u017eky, ako je \u010desk\u00e9 pivo, chme\u013eov\u00fd extrakt a pivovarsk\u00e9 kvasnice, a je bez syntetick\u00fdch farb\u00edv, tak\u017ee je bezpe\u010dn\u00e1 aj pre deti. <\/p>\n<p>Hydrata\u010dn\u00fd sprchov\u00fd g\u00e9l s obsahom<strong> piva (a\u017e 30 %) a vitam\u00ednov skupiny B<\/strong> podporuje \u00fapln\u00fa regener\u00e1ciu poko\u017eky pri ka\u017edodennom pou\u017e\u00edvan\u00ed. Ide\u00e1lny pre such\u00fa poko\u017eku so sklonom k \u0161upinateniu, praskaniu a svrbeniu. U\u017e po prvom pou\u017eit\u00ed poskytuje poko\u017eke intenz\u00edvnu hydrat\u00e1ciu a pru\u017enos\u0165.  <\/p>\n<p>Objem: 300 ml<\/p>\n<\/div>\n<\/div>\n<\/div>\n","protected":false},"excerpt":{"rendered":"<p>Kozmetika Saela sa vyr\u00e1ba ru\u010dne od roku 1999 v malej \u010deskej manufakt\u00fare v Brumoviciach. Obsahuje pr\u00edrodn\u00e9 zlo\u017eky, ako je \u010desk\u00e9 pivo, chme\u013eov\u00fd extrakt a pivovarsk\u00e9 kvasnice, a je bez syntetick\u00fdch farb\u00edv, tak\u017ee je bezpe\u010dn\u00e1 aj pre deti. Hydrata\u010dn\u00fd sprchov\u00fd g\u00e9l s obsahom piva (a\u017e 30 %) a vitam\u00ednov skupiny B podporuje \u00fapln\u00fa regener\u00e1ciu poko\u017eky pri [&hellip;]<\/p>\n","protected":false},"featured_media":11849,"comment_status":"open","ping_status":"closed","template":"","meta":{"_acf_changed":false},"product_brand":[],"product_cat":[203],"product_tag":[],"class_list":{"0":"post-16097","1":"product","2":"type-product","3":"status-publish","4":"has-post-thumbnail","6":"product_cat-pivna-kozmetika","8":"first","9":"instock","10":"taxable","11":"shipping-taxable","12":"purchasable","13":"product-type-simple"},"acf":[],"_links":{"self":[{"href":"https:\/\/krakow.piwnespa.com\/sk\/wp-json\/wp\/v2\/product\/16097","targetHints":{"allow":["GET"]}}],"collection":[{"href":"https:\/\/krakow.piwnespa.com\/sk\/wp-json\/wp\/v2\/product"}],"about":[{"href":"https:\/\/krakow.piwnespa.com\/sk\/wp-json\/wp\/v2\/types\/product"}],"replies":[{"embeddable":true,"href":"https:\/\/krakow.piwnespa.com\/sk\/wp-json\/wp\/v2\/comments?post=16097"}],"wp:featuredmedia":[{"embeddable":true,"href":"https:\/\/krakow.piwnespa.com\/sk\/wp-json\/wp\/v2\/media\/11849"}],"wp:attachment":[{"href":"https:\/\/krakow.piwnespa.com\/sk\/wp-json\/wp\/v2\/media?parent=16097"}],"wp:term":[{"taxonomy":"product_brand","embeddable":true,"href":"https:\/\/krakow.piwnespa.com\/sk\/wp-json\/wp\/v2\/product_brand?post=16097"},{"taxonomy":"product_cat","embeddable":true,"href":"https:\/\/krakow.piwnespa.com\/sk\/wp-json\/wp\/v2\/product_cat?post=16097"},{"taxonomy":"product_tag","embeddable":true,"href":"https:\/\/krakow.piwnespa.com\/sk\/wp-json\/wp\/v2\/product_tag?post=16097"}],"curies":[{"name":"wp","href":"https:\/\/api.w.org\/{rel}","templated":true}]}}