{"id":16090,"date":"2025-10-11T05:23:00","date_gmt":"2025-10-11T03:23:00","guid":{"rendered":"https:\/\/krakow.piwnespa.com\/produkt\/pivne-tekute-mydlo\/"},"modified":"2025-10-11T05:23:00","modified_gmt":"2025-10-11T03:23:00","slug":"pivne-tekute-mydlo","status":"publish","type":"product","link":"https:\/\/krakow.piwnespa.com\/sk\/produkt\/pivne-tekute-mydlo\/","title":{"rendered":"Pivn\u00e9 tekut\u00e9 mydlo"},"content":{"rendered":"<p>Kozmetika Saela sa vyr\u00e1ba ru\u010dne od roku 1999 v malej \u010deskej manufakt\u00fare v Brumoviciach. Obsahuje pr\u00edrodn\u00e9 zlo\u017eky, ako je \u010desk\u00e9 pivo, chme\u013eov\u00fd extrakt a pivovarsk\u00e9 kvasnice, a je bez syntetick\u00fdch farb\u00edv, tak\u017ee je bezpe\u010dn\u00e1 aj pre deti. <\/p>\n<p>Jemn\u00e9<strong> mydlo s pivom (a\u017e 30 % zlo\u017eenia) je bohat\u00e9 na<\/strong> cenn\u00e9 vitam\u00edny a mikro- a makroelementy, ako s\u00fa vitam\u00edny skupiny B, drasl\u00edk, \u017eelezo a bielkoviny.<\/p>\n<p>Ru\u010dne vyroben\u00e1 je ide\u00e1lna pre such\u00fa poko\u017eku so sklonom k odlupovaniu, praskaniu a svrbeniu. V\u010faka svojmu hypoalerg\u00e9nnemu zlo\u017eeniu je vhodn\u00fd na ka\u017edodenn\u00e9 pou\u017eitie. Je ide\u00e1lny do sprchy aj do k\u00fape\u013ea. Praktick\u00e1 pumpi\u010dka zabezpe\u010duje jednoduch\u00e9 a presn\u00e9 d\u00e1vkovanie v\u00fdrobku.   <\/p>\n<p>Objem: 500 ml<\/p>\n","protected":false},"excerpt":{"rendered":"<p>Kozmetika Saela sa vyr\u00e1ba ru\u010dne od roku 1999 v malej \u010deskej manufakt\u00fare v Brumoviciach. Obsahuje pr\u00edrodn\u00e9 zlo\u017eky, ako je \u010desk\u00e9 pivo, chme\u013eov\u00fd extrakt a pivovarsk\u00e9 kvasnice, a je bez syntetick\u00fdch farb\u00edv, tak\u017ee je bezpe\u010dn\u00e1 aj pre deti. Jemn\u00e9 mydlo s pivom (a\u017e 30 % zlo\u017eenia) je bohat\u00e9 na cenn\u00e9 vitam\u00edny a mikro- a makroelementy, ako [&hellip;]<\/p>\n","protected":false},"featured_media":11428,"comment_status":"open","ping_status":"closed","template":"","meta":{"_acf_changed":false},"product_brand":[],"product_cat":[201],"product_tag":[],"class_list":{"0":"post-16090","1":"product","2":"type-product","3":"status-publish","4":"has-post-thumbnail","6":"product_cat-darcekova-poukazka","8":"first","9":"instock","10":"taxable","11":"shipping-taxable","12":"purchasable","13":"product-type-simple"},"acf":[],"_links":{"self":[{"href":"https:\/\/krakow.piwnespa.com\/sk\/wp-json\/wp\/v2\/product\/16090","targetHints":{"allow":["GET"]}}],"collection":[{"href":"https:\/\/krakow.piwnespa.com\/sk\/wp-json\/wp\/v2\/product"}],"about":[{"href":"https:\/\/krakow.piwnespa.com\/sk\/wp-json\/wp\/v2\/types\/product"}],"replies":[{"embeddable":true,"href":"https:\/\/krakow.piwnespa.com\/sk\/wp-json\/wp\/v2\/comments?post=16090"}],"wp:featuredmedia":[{"embeddable":true,"href":"https:\/\/krakow.piwnespa.com\/sk\/wp-json\/wp\/v2\/media\/11428"}],"wp:attachment":[{"href":"https:\/\/krakow.piwnespa.com\/sk\/wp-json\/wp\/v2\/media?parent=16090"}],"wp:term":[{"taxonomy":"product_brand","embeddable":true,"href":"https:\/\/krakow.piwnespa.com\/sk\/wp-json\/wp\/v2\/product_brand?post=16090"},{"taxonomy":"product_cat","embeddable":true,"href":"https:\/\/krakow.piwnespa.com\/sk\/wp-json\/wp\/v2\/product_cat?post=16090"},{"taxonomy":"product_tag","embeddable":true,"href":"https:\/\/krakow.piwnespa.com\/sk\/wp-json\/wp\/v2\/product_tag?post=16090"}],"curies":[{"name":"wp","href":"https:\/\/api.w.org\/{rel}","templated":true}]}}