{"id":16079,"date":"2025-10-11T05:21:20","date_gmt":"2025-10-11T03:21:20","guid":{"rendered":"https:\/\/krakow.piwnespa.com\/produkt\/olej-do-pivneho-kupela\/"},"modified":"2025-10-11T05:21:20","modified_gmt":"2025-10-11T03:21:20","slug":"olej-do-pivneho-kupela","status":"publish","type":"product","link":"https:\/\/krakow.piwnespa.com\/sk\/produkt\/olej-do-pivneho-kupela\/","title":{"rendered":"Olej do pivn\u00e9ho k\u00fape\u013ea"},"content":{"rendered":"<p>Kozmetika Saela sa vyr\u00e1ba ru\u010dne od roku 1999 v malej \u010deskej manufakt\u00fare v Brumoviciach. Obsahuje pr\u00edrodn\u00e9 zlo\u017eky, ako je \u010desk\u00e9 pivo, chme\u013eov\u00fd extrakt a pivovarsk\u00e9 kvasnice, a je bez syntetick\u00fdch farb\u00edv, tak\u017ee je bezpe\u010dn\u00e1 aj pre deti. <\/p>\n<p>Intenz\u00edvne hydrata\u010dn\u00fd olej do k\u00fape\u013ea s <strong>vysok\u00fdm obsahom piva (a\u017e 30 %) podporuje<\/strong> vitalitu poko\u017eky a odstra\u0148uje z nej \u0161kodliv\u00e9 l\u00e1tky. Sta\u010d\u00ed 15-min\u00fatov\u00fd k\u00fape\u013e, aby bola poko\u017eka jemn\u00e1, pr\u00edjemn\u00e1 a zamatov\u00e1 na dotyk. <\/p>\n<p>Objem: 500 ml<\/p>\n","protected":false},"excerpt":{"rendered":"<p>Kozmetika Saela sa vyr\u00e1ba ru\u010dne od roku 1999 v malej \u010deskej manufakt\u00fare v Brumoviciach. Obsahuje pr\u00edrodn\u00e9 zlo\u017eky, ako je \u010desk\u00e9 pivo, chme\u013eov\u00fd extrakt a pivovarsk\u00e9 kvasnice, a je bez syntetick\u00fdch farb\u00edv, tak\u017ee je bezpe\u010dn\u00e1 aj pre deti. Intenz\u00edvne hydrata\u010dn\u00fd olej do k\u00fape\u013ea s vysok\u00fdm obsahom piva (a\u017e 30 %) podporuje vitalitu poko\u017eky a odstra\u0148uje z [&hellip;]<\/p>\n","protected":false},"featured_media":11405,"comment_status":"open","ping_status":"closed","template":"","meta":{"_acf_changed":false},"product_brand":[],"product_cat":[201],"product_tag":[],"class_list":{"0":"post-16079","1":"product","2":"type-product","3":"status-publish","4":"has-post-thumbnail","6":"product_cat-darcekova-poukazka","8":"first","9":"instock","10":"taxable","11":"shipping-taxable","12":"purchasable","13":"product-type-simple"},"acf":[],"_links":{"self":[{"href":"https:\/\/krakow.piwnespa.com\/sk\/wp-json\/wp\/v2\/product\/16079","targetHints":{"allow":["GET"]}}],"collection":[{"href":"https:\/\/krakow.piwnespa.com\/sk\/wp-json\/wp\/v2\/product"}],"about":[{"href":"https:\/\/krakow.piwnespa.com\/sk\/wp-json\/wp\/v2\/types\/product"}],"replies":[{"embeddable":true,"href":"https:\/\/krakow.piwnespa.com\/sk\/wp-json\/wp\/v2\/comments?post=16079"}],"wp:featuredmedia":[{"embeddable":true,"href":"https:\/\/krakow.piwnespa.com\/sk\/wp-json\/wp\/v2\/media\/11405"}],"wp:attachment":[{"href":"https:\/\/krakow.piwnespa.com\/sk\/wp-json\/wp\/v2\/media?parent=16079"}],"wp:term":[{"taxonomy":"product_brand","embeddable":true,"href":"https:\/\/krakow.piwnespa.com\/sk\/wp-json\/wp\/v2\/product_brand?post=16079"},{"taxonomy":"product_cat","embeddable":true,"href":"https:\/\/krakow.piwnespa.com\/sk\/wp-json\/wp\/v2\/product_cat?post=16079"},{"taxonomy":"product_tag","embeddable":true,"href":"https:\/\/krakow.piwnespa.com\/sk\/wp-json\/wp\/v2\/product_tag?post=16079"}],"curies":[{"name":"wp","href":"https:\/\/api.w.org\/{rel}","templated":true}]}}