{"id":11682,"date":"2025-10-11T05:24:37","date_gmt":"2025-10-11T03:24:37","guid":{"rendered":"https:\/\/krakow.piwnespa.com\/produkt\/pomadka-ochronna-do-ust\/"},"modified":"2025-10-19T11:21:02","modified_gmt":"2025-10-19T09:21:02","slug":"ochranny-balzam-na-pery","status":"publish","type":"product","link":"https:\/\/krakow.piwnespa.com\/sk\/produkt\/ochranny-balzam-na-pery\/","title":{"rendered":"Ochrann\u00fd balzam na pery"},"content":{"rendered":"<p>Kozmetika Saela sa ru\u010dne vyr\u00e1ba od roku 1999 v malej \u010deskej tov\u00e1rni v Brumovic\u00edch. Obsahuje pr\u00edrodn\u00e9 zlo\u017eky, ako je \u010desk\u00e9 pivo, chme\u013eov\u00fd extrakt a pivovarsk\u00e9 kvasnice, a neobsahuje syntetick\u00e9 farbiv\u00e1, tak\u017ee je bezpe\u010dn\u00e1 aj pre deti.<\/p>\n<p>Ochrann\u00fd balzam na pery s pr\u00edrodn\u00fdm UV filtrom je jedine\u010dnou kompoz\u00edciou zlo\u017eiek, ako s\u00fa arganov\u00fd, ric\u00ednov\u00fd a avok\u00e1dov\u00fd olej, ako aj bambuck\u00e9 maslo, v\u010del\u00ed vosk a extrakt z chme\u013eu. Poskytuje \u00fa\u010dinn\u00fa bari\u00e9ru proti nepriazniv\u00fdm poveternostn\u00fdm podmienkam. M\u00e1 anti-agingov\u00e9 vlastnosti, podporuje regenera\u010dn\u00e9 procesy a ur\u00fdch\u013euje hojenie. Po prvom pou\u017eit\u00ed bud\u00fa va\u0161e pery vidite\u013ene hydratovan\u00e9, pru\u017enej\u0161ie, hlad\u0161ie a jemnej\u0161ie.<\/p>\n","protected":false},"excerpt":{"rendered":"<p>Kozmetika Saela sa ru\u010dne vyr\u00e1ba od roku 1999 v malej \u010deskej tov\u00e1rni v Brumovic\u00edch. Obsahuje pr\u00edrodn\u00e9 zlo\u017eky, ako je \u010desk\u00e9 pivo, chme\u013eov\u00fd extrakt a pivovarsk\u00e9 kvasnice, a neobsahuje syntetick\u00e9 farbiv\u00e1, tak\u017ee je bezpe\u010dn\u00e1 aj pre deti. Ochrann\u00fd balzam na pery s pr\u00edrodn\u00fdm UV filtrom je jedine\u010dnou kompoz\u00edciou zlo\u017eiek, ako s\u00fa arganov\u00fd, ric\u00ednov\u00fd a avok\u00e1dov\u00fd olej, [&hellip;]<\/p>\n","protected":false},"featured_media":11451,"comment_status":"open","ping_status":"closed","template":"","meta":{"_acf_changed":false},"product_brand":[],"product_cat":[201],"product_tag":[],"class_list":{"0":"post-11682","1":"product","2":"type-product","3":"status-publish","4":"has-post-thumbnail","6":"product_cat-darcekova-poukazka","8":"first","9":"instock","10":"taxable","11":"shipping-taxable","12":"purchasable","13":"product-type-simple"},"acf":[],"_links":{"self":[{"href":"https:\/\/krakow.piwnespa.com\/sk\/wp-json\/wp\/v2\/product\/11682","targetHints":{"allow":["GET"]}}],"collection":[{"href":"https:\/\/krakow.piwnespa.com\/sk\/wp-json\/wp\/v2\/product"}],"about":[{"href":"https:\/\/krakow.piwnespa.com\/sk\/wp-json\/wp\/v2\/types\/product"}],"replies":[{"embeddable":true,"href":"https:\/\/krakow.piwnespa.com\/sk\/wp-json\/wp\/v2\/comments?post=11682"}],"wp:featuredmedia":[{"embeddable":true,"href":"https:\/\/krakow.piwnespa.com\/sk\/wp-json\/wp\/v2\/media\/11451"}],"wp:attachment":[{"href":"https:\/\/krakow.piwnespa.com\/sk\/wp-json\/wp\/v2\/media?parent=11682"}],"wp:term":[{"taxonomy":"product_brand","embeddable":true,"href":"https:\/\/krakow.piwnespa.com\/sk\/wp-json\/wp\/v2\/product_brand?post=11682"},{"taxonomy":"product_cat","embeddable":true,"href":"https:\/\/krakow.piwnespa.com\/sk\/wp-json\/wp\/v2\/product_cat?post=11682"},{"taxonomy":"product_tag","embeddable":true,"href":"https:\/\/krakow.piwnespa.com\/sk\/wp-json\/wp\/v2\/product_tag?post=11682"}],"curies":[{"name":"wp","href":"https:\/\/api.w.org\/{rel}","templated":true}]}}