{"id":7698,"date":"2025-07-30T14:39:02","date_gmt":"2025-07-30T12:39:02","guid":{"rendered":"https:\/\/krakow.piwnespa.com\/cenzurovana-uvodna-stranka\/"},"modified":"2025-07-30T14:39:02","modified_gmt":"2025-07-30T12:39:02","slug":"cenzurovana-uvodna-stranka","status":"publish","type":"page","link":"https:\/\/krakow.piwnespa.com\/sk\/cenzurovana-uvodna-stranka\/","title":{"rendered":"Cenzurovan\u00e1 \u00favodn\u00e1 str\u00e1nka"},"content":{"rendered":"","protected":false},"excerpt":{"rendered":"","protected":false},"author":2,"featured_media":7604,"parent":0,"menu_order":0,"comment_status":"closed","ping_status":"closed","template":"","meta":{"_acf_changed":false,"footnotes":""},"class_list":["post-7698","page","type-page","status-publish","has-post-thumbnail","hentry"],"acf":[],"_links":{"self":[{"href":"https:\/\/krakow.piwnespa.com\/sk\/wp-json\/wp\/v2\/pages\/7698","targetHints":{"allow":["GET"]}}],"collection":[{"href":"https:\/\/krakow.piwnespa.com\/sk\/wp-json\/wp\/v2\/pages"}],"about":[{"href":"https:\/\/krakow.piwnespa.com\/sk\/wp-json\/wp\/v2\/types\/page"}],"author":[{"embeddable":true,"href":"https:\/\/krakow.piwnespa.com\/sk\/wp-json\/wp\/v2\/users\/2"}],"replies":[{"embeddable":true,"href":"https:\/\/krakow.piwnespa.com\/sk\/wp-json\/wp\/v2\/comments?post=7698"}],"version-history":[{"count":0,"href":"https:\/\/krakow.piwnespa.com\/sk\/wp-json\/wp\/v2\/pages\/7698\/revisions"}],"wp:featuredmedia":[{"embeddable":true,"href":"https:\/\/krakow.piwnespa.com\/sk\/wp-json\/wp\/v2\/media\/7604"}],"wp:attachment":[{"href":"https:\/\/krakow.piwnespa.com\/sk\/wp-json\/wp\/v2\/media?parent=7698"}],"curies":[{"name":"wp","href":"https:\/\/api.w.org\/{rel}","templated":true}]}}