{"id":16111,"date":"2025-10-11T05:15:59","date_gmt":"2025-10-11T03:15:59","guid":{"rendered":"https:\/\/krakow.piwnespa.com\/produkt\/ol-harsjampo\/"},"modified":"2025-10-11T05:15:59","modified_gmt":"2025-10-11T03:15:59","slug":"ol-harsjampo","status":"publish","type":"product","link":"https:\/\/krakow.piwnespa.com\/no\/produkt\/ol-harsjampo\/","title":{"rendered":"\u00d8l h\u00e5rsjampo"},"content":{"rendered":"<p>Saela-kosmetikk har blitt h\u00e5ndlaget siden 1999 i en liten tsjekkisk fabrikk i Brumovice. De inneholder naturlige ingredienser som tsjekkisk \u00f8l, humleekstrakt og \u00f8lgj\u00e6r, og er fri for syntetiske fargestoffer, noe som gj\u00f8r dem trygge ogs\u00e5 for barn. <\/p>\n<p>\u00d8l er en skattkiste av mineraler som fremmer h\u00e5rsekkenes vekst og bidrar til \u00e5 holde h\u00e5ret friskt lenger. Saelas sjampo mot h\u00e5ravfall, som utmerker seg med et sv\u00e6rt h\u00f8yt innhold av \u00f8l (opptil 30 %), <strong>har blitt en av v\u00e5re bestselgere<\/strong>. <\/p>\n<p>Moisturising Beer Shampoo gir h\u00e5ret et sunt utseende, glans og styrker h\u00e5rets struktur samtidig som det \u00f8ker volumet. Takket v\u00e6re de rike vitaminene i \u00f8l gir det n\u00e6ring til h\u00e5ret, fremmer regenerering av hodebunnen og forbedrer h\u00e5rets generelle tilstand. Humleinnholdet har en beroligende effekt, eliminerer kl\u00f8e og fremmer sunn h\u00e5rvekst.  <\/p>\n<p>Saelas sjampoformel er utviklet for personer med tendens til fett h\u00e5r. Ved regelmessig bruk blir effekten raskt merkbar. Produktet er ideelt for daglig pleie.  <\/p>\n<p>Kapasitet: 300 ml<\/p>\n","protected":false},"excerpt":{"rendered":"<p>Moisturising Beer Shampoo gir h\u00e5ret et sunt utseende, glans og styrker h\u00e5rets struktur samtidig som den \u00f8ker volumet. Takket v\u00e6re de rike vitaminene i \u00f8l gir det n\u00e6ring til h\u00e5ret, fremmer regenerering av hodebunnen og forbedrer h\u00e5rets generelle tilstand. Humleinnholdet har en beroligende effekt, eliminerer kl\u00f8e og fremmer sunn h\u00e5rvekst.  <\/p>\n","protected":false},"featured_media":11367,"comment_status":"open","ping_status":"closed","template":"","meta":{"_acf_changed":false},"product_brand":[],"product_cat":[273],"product_tag":[],"class_list":{"0":"post-16111","1":"product","2":"type-product","3":"status-publish","4":"has-post-thumbnail","6":"product_cat-gavekort","8":"first","9":"instock","10":"taxable","11":"shipping-taxable","12":"purchasable","13":"product-type-simple"},"acf":[],"_links":{"self":[{"href":"https:\/\/krakow.piwnespa.com\/no\/wp-json\/wp\/v2\/product\/16111","targetHints":{"allow":["GET"]}}],"collection":[{"href":"https:\/\/krakow.piwnespa.com\/no\/wp-json\/wp\/v2\/product"}],"about":[{"href":"https:\/\/krakow.piwnespa.com\/no\/wp-json\/wp\/v2\/types\/product"}],"replies":[{"embeddable":true,"href":"https:\/\/krakow.piwnespa.com\/no\/wp-json\/wp\/v2\/comments?post=16111"}],"wp:featuredmedia":[{"embeddable":true,"href":"https:\/\/krakow.piwnespa.com\/no\/wp-json\/wp\/v2\/media\/11367"}],"wp:attachment":[{"href":"https:\/\/krakow.piwnespa.com\/no\/wp-json\/wp\/v2\/media?parent=16111"}],"wp:term":[{"taxonomy":"product_brand","embeddable":true,"href":"https:\/\/krakow.piwnespa.com\/no\/wp-json\/wp\/v2\/product_brand?post=16111"},{"taxonomy":"product_cat","embeddable":true,"href":"https:\/\/krakow.piwnespa.com\/no\/wp-json\/wp\/v2\/product_cat?post=16111"},{"taxonomy":"product_tag","embeddable":true,"href":"https:\/\/krakow.piwnespa.com\/no\/wp-json\/wp\/v2\/product_tag?post=16111"}],"curies":[{"name":"wp","href":"https:\/\/api.w.org\/{rel}","templated":true}]}}