{"id":16102,"date":"2025-10-23T15:53:38","date_gmt":"2025-10-23T13:53:38","guid":{"rendered":"https:\/\/krakow.piwnespa.com\/produkt\/dusjgele-med-ol\/"},"modified":"2025-10-23T15:53:38","modified_gmt":"2025-10-23T13:53:38","slug":"dusjgele-med-ol","status":"publish","type":"product","link":"https:\/\/krakow.piwnespa.com\/no\/produkt\/dusjgele-med-ol\/","title":{"rendered":"Dusjgel\u00e9 med \u00f8l"},"content":{"rendered":"<div class=\"elementor-element elementor-element-9910a69 elementor-widget elementor-widget-woocommerce-product-short-description\" data-id=\"9910a69\" data-element_type=\"widget\" data-widget_type=\"woocommerce-product-short-description.default\">\n<div class=\"elementor-widget-container\">\n<div class=\"woocommerce-product-details__short-description\">\n<p>Saela-kosmetikk har blitt h\u00e5ndlaget siden 1999 i en liten tsjekkisk fabrikk i Brumovice. De inneholder naturlige ingredienser som tsjekkisk \u00f8l, humleekstrakt og \u00f8lgj\u00e6r, og er fri for syntetiske fargestoffer, noe som gj\u00f8r dem trygge ogs\u00e5 for barn. <\/p>\n<p>Fuktighetsgivende dusjgel med<strong> \u00f8l (opptil 30 %)<\/strong> og B-vitaminer, som st\u00f8tter hudens fulle regenerering ved daglig bruk. Ideell for t\u00f8rr hud som er utsatt for flassing, sprekker og kl\u00f8e. Allerede etter f\u00f8rste gangs bruk gir den huden intensiv fuktighet og elastisitet.  <\/p>\n<p>Kapasitet: 300 ml<\/p>\n<\/div>\n<\/div>\n<\/div>\n","protected":false},"excerpt":{"rendered":"<p>Saela-kosmetikk har blitt h\u00e5ndlaget siden 1999 i en liten tsjekkisk fabrikk i Brumovice. De inneholder naturlige ingredienser som tsjekkisk \u00f8l, humleekstrakt og \u00f8lgj\u00e6r, og er fri for syntetiske fargestoffer, noe som gj\u00f8r dem trygge ogs\u00e5 for barn. Fuktighetsgivende dusjgel med \u00f8l (opptil 30 %) og B-vitaminer, som st\u00f8tter hudens fulle regenerering ved daglig bruk. Ideell [&hellip;]<\/p>\n","protected":false},"featured_media":11848,"comment_status":"open","ping_status":"closed","template":"","meta":{"_acf_changed":false},"product_brand":[],"product_cat":[441],"product_tag":[],"class_list":{"0":"post-16102","1":"product","2":"type-product","3":"status-publish","4":"has-post-thumbnail","6":"product_cat-olkosmetikk","8":"first","9":"instock","10":"taxable","11":"shipping-taxable","12":"purchasable","13":"product-type-simple"},"acf":[],"_links":{"self":[{"href":"https:\/\/krakow.piwnespa.com\/no\/wp-json\/wp\/v2\/product\/16102","targetHints":{"allow":["GET"]}}],"collection":[{"href":"https:\/\/krakow.piwnespa.com\/no\/wp-json\/wp\/v2\/product"}],"about":[{"href":"https:\/\/krakow.piwnespa.com\/no\/wp-json\/wp\/v2\/types\/product"}],"replies":[{"embeddable":true,"href":"https:\/\/krakow.piwnespa.com\/no\/wp-json\/wp\/v2\/comments?post=16102"}],"wp:featuredmedia":[{"embeddable":true,"href":"https:\/\/krakow.piwnespa.com\/no\/wp-json\/wp\/v2\/media\/11848"}],"wp:attachment":[{"href":"https:\/\/krakow.piwnespa.com\/no\/wp-json\/wp\/v2\/media?parent=16102"}],"wp:term":[{"taxonomy":"product_brand","embeddable":true,"href":"https:\/\/krakow.piwnespa.com\/no\/wp-json\/wp\/v2\/product_brand?post=16102"},{"taxonomy":"product_cat","embeddable":true,"href":"https:\/\/krakow.piwnespa.com\/no\/wp-json\/wp\/v2\/product_cat?post=16102"},{"taxonomy":"product_tag","embeddable":true,"href":"https:\/\/krakow.piwnespa.com\/no\/wp-json\/wp\/v2\/product_tag?post=16102"}],"curies":[{"name":"wp","href":"https:\/\/api.w.org\/{rel}","templated":true}]}}