{"id":16093,"date":"2025-10-11T05:23:00","date_gmt":"2025-10-11T03:23:00","guid":{"rendered":"https:\/\/krakow.piwnespa.com\/produkt\/ol-flytende-sape\/"},"modified":"2025-10-11T05:23:00","modified_gmt":"2025-10-11T03:23:00","slug":"ol-flytende-sape","status":"publish","type":"product","link":"https:\/\/krakow.piwnespa.com\/no\/produkt\/ol-flytende-sape\/","title":{"rendered":"\u00d8l flytende s\u00e5pe"},"content":{"rendered":"<p>Saela-kosmetikk har blitt h\u00e5ndlaget siden 1999 i en liten tsjekkisk fabrikk i Brumovice. De inneholder naturlige ingredienser som tsjekkisk \u00f8l, humleekstrakt og \u00f8lgj\u00e6r, og er fri for syntetiske fargestoffer, noe som gj\u00f8r dem trygge ogs\u00e5 for barn. <\/p>\n<p>Den milde<strong> s\u00e5pen med \u00f8l (opptil 30 % av sammensetningen)<\/strong> er rik p\u00e5 verdifulle vitaminer og mikro- og makroelementer som B-vitaminer, kalium, jern og proteiner.<\/p>\n<p>Den er h\u00e5ndlaget og er perfekt for t\u00f8rr hud som er utsatt for flassing, sprekker og kl\u00f8e. Takket v\u00e6re den allergivennlige formelen er den egnet for daglig bruk. Den er ideell b\u00e5de i dusjen og i badekaret. Den praktiske pumpen s\u00f8rger for enkel og presis dosering av produktet.   <\/p>\n<p>Kapasitet: 500 ml<\/p>\n","protected":false},"excerpt":{"rendered":"<p>Saela-kosmetikk har blitt h\u00e5ndlaget siden 1999 i en liten tsjekkisk fabrikk i Brumovice. De inneholder naturlige ingredienser som tsjekkisk \u00f8l, humleekstrakt og \u00f8lgj\u00e6r, og er fri for syntetiske fargestoffer, noe som gj\u00f8r dem trygge ogs\u00e5 for barn. Den milde s\u00e5pen med \u00f8l (opptil 30 % av sammensetningen) er rik p\u00e5 verdifulle vitaminer og mikro- og [&hellip;]<\/p>\n","protected":false},"featured_media":11427,"comment_status":"open","ping_status":"closed","template":"","meta":{"_acf_changed":false},"product_brand":[],"product_cat":[273],"product_tag":[],"class_list":{"0":"post-16093","1":"product","2":"type-product","3":"status-publish","4":"has-post-thumbnail","6":"product_cat-gavekort","8":"first","9":"instock","10":"taxable","11":"shipping-taxable","12":"purchasable","13":"product-type-simple"},"acf":[],"_links":{"self":[{"href":"https:\/\/krakow.piwnespa.com\/no\/wp-json\/wp\/v2\/product\/16093","targetHints":{"allow":["GET"]}}],"collection":[{"href":"https:\/\/krakow.piwnespa.com\/no\/wp-json\/wp\/v2\/product"}],"about":[{"href":"https:\/\/krakow.piwnespa.com\/no\/wp-json\/wp\/v2\/types\/product"}],"replies":[{"embeddable":true,"href":"https:\/\/krakow.piwnespa.com\/no\/wp-json\/wp\/v2\/comments?post=16093"}],"wp:featuredmedia":[{"embeddable":true,"href":"https:\/\/krakow.piwnespa.com\/no\/wp-json\/wp\/v2\/media\/11427"}],"wp:attachment":[{"href":"https:\/\/krakow.piwnespa.com\/no\/wp-json\/wp\/v2\/media?parent=16093"}],"wp:term":[{"taxonomy":"product_brand","embeddable":true,"href":"https:\/\/krakow.piwnespa.com\/no\/wp-json\/wp\/v2\/product_brand?post=16093"},{"taxonomy":"product_cat","embeddable":true,"href":"https:\/\/krakow.piwnespa.com\/no\/wp-json\/wp\/v2\/product_cat?post=16093"},{"taxonomy":"product_tag","embeddable":true,"href":"https:\/\/krakow.piwnespa.com\/no\/wp-json\/wp\/v2\/product_tag?post=16093"}],"curies":[{"name":"wp","href":"https:\/\/api.w.org\/{rel}","templated":true}]}}