{"id":16082,"date":"2025-10-11T05:21:20","date_gmt":"2025-10-11T03:21:20","guid":{"rendered":"https:\/\/krakow.piwnespa.com\/produkt\/olbadolje\/"},"modified":"2025-10-11T05:21:20","modified_gmt":"2025-10-11T03:21:20","slug":"olbadolje","status":"publish","type":"product","link":"https:\/\/krakow.piwnespa.com\/no\/produkt\/olbadolje\/","title":{"rendered":"\u00d8lbadolje"},"content":{"rendered":"<p>Saela-kosmetikk har blitt h\u00e5ndlaget siden 1999 i en liten tsjekkisk fabrikk i Brumovice. De inneholder naturlige ingredienser som tsjekkisk \u00f8l, humleekstrakt og \u00f8lgj\u00e6r, og er fri for syntetiske fargestoffer, noe som gj\u00f8r dem trygge ogs\u00e5 for barn. <\/p>\n<p>Intenst fuktighetsgivende badeolje med et <strong>h\u00f8yt innhold av \u00f8l (opptil 30 %)<\/strong> som vitaliserer huden og fjerner skadelige stoffer fra huden. Bare et 15-minutters bad er nok til \u00e5 gj\u00f8re huden myk, behagelig og fl\u00f8yelsaktig \u00e5 ta p\u00e5. <\/p>\n<p>Kapasitet: 500 ml<\/p>\n","protected":false},"excerpt":{"rendered":"<p>Saela-kosmetikk har blitt h\u00e5ndlaget siden 1999 i en liten tsjekkisk fabrikk i Brumovice. De inneholder naturlige ingredienser som tsjekkisk \u00f8l, humleekstrakt og \u00f8lgj\u00e6r, og er fri for syntetiske fargestoffer, noe som gj\u00f8r dem trygge ogs\u00e5 for barn. Intenst fuktighetsgivende badeolje med et h\u00f8yt innhold av \u00f8l (opptil 30 %) som vitaliserer huden og fjerner skadelige [&hellip;]<\/p>\n","protected":false},"featured_media":11404,"comment_status":"open","ping_status":"closed","template":"","meta":{"_acf_changed":false},"product_brand":[],"product_cat":[273],"product_tag":[],"class_list":{"0":"post-16082","1":"product","2":"type-product","3":"status-publish","4":"has-post-thumbnail","6":"product_cat-gavekort","8":"first","9":"instock","10":"taxable","11":"shipping-taxable","12":"purchasable","13":"product-type-simple"},"acf":[],"_links":{"self":[{"href":"https:\/\/krakow.piwnespa.com\/no\/wp-json\/wp\/v2\/product\/16082","targetHints":{"allow":["GET"]}}],"collection":[{"href":"https:\/\/krakow.piwnespa.com\/no\/wp-json\/wp\/v2\/product"}],"about":[{"href":"https:\/\/krakow.piwnespa.com\/no\/wp-json\/wp\/v2\/types\/product"}],"replies":[{"embeddable":true,"href":"https:\/\/krakow.piwnespa.com\/no\/wp-json\/wp\/v2\/comments?post=16082"}],"wp:featuredmedia":[{"embeddable":true,"href":"https:\/\/krakow.piwnespa.com\/no\/wp-json\/wp\/v2\/media\/11404"}],"wp:attachment":[{"href":"https:\/\/krakow.piwnespa.com\/no\/wp-json\/wp\/v2\/media?parent=16082"}],"wp:term":[{"taxonomy":"product_brand","embeddable":true,"href":"https:\/\/krakow.piwnespa.com\/no\/wp-json\/wp\/v2\/product_brand?post=16082"},{"taxonomy":"product_cat","embeddable":true,"href":"https:\/\/krakow.piwnespa.com\/no\/wp-json\/wp\/v2\/product_cat?post=16082"},{"taxonomy":"product_tag","embeddable":true,"href":"https:\/\/krakow.piwnespa.com\/no\/wp-json\/wp\/v2\/product_tag?post=16082"}],"curies":[{"name":"wp","href":"https:\/\/api.w.org\/{rel}","templated":true}]}}