{"id":11681,"date":"2025-10-11T05:24:37","date_gmt":"2025-10-11T03:24:37","guid":{"rendered":"https:\/\/krakow.piwnespa.com\/produkt\/pomadka-ochronna-do-ust\/"},"modified":"2025-10-19T11:19:53","modified_gmt":"2025-10-19T09:19:53","slug":"beskyttende-leppestift","status":"publish","type":"product","link":"https:\/\/krakow.piwnespa.com\/no\/produkt\/beskyttende-leppestift\/","title":{"rendered":"Beskyttende leppestift"},"content":{"rendered":"<p>Saela-kosmetikkprodukter har blitt produsert for h\u00e5nd siden 1999 i en liten tsjekkisk fabrikk i Brumovice. De inneholder naturlige ingredienser som tsjekkisk \u00f8l, humleekstrakt og \u00f8lgj\u00e6r, og er fri for syntetiske fargestoffer, noe som gj\u00f8r dem trygge selv for barn.<\/p>\n<p>Beskyttende leppestift med naturlig UV-filter er en unik sammensetning av ingredienser som arganolje, ricinusolje og avokadoolje, samt sheasm\u00f8r, bivoks og humleekstrakt. Den gir en effektiv barriere mot ugunstige v\u00e6rforhold. Den har en anti-aldrende effekt, st\u00f8tter regenerative prosesser og fremskynder helbredelse. Allerede etter f\u00f8rste bruk blir leppene synlig fuktige, mer elastiske, glatte og myke.<\/p>\n","protected":false},"excerpt":{"rendered":"<p>Saela-kosmetikkprodukter har blitt produsert for h\u00e5nd siden 1999 i en liten tsjekkisk fabrikk i Brumovice. De inneholder naturlige ingredienser som tsjekkisk \u00f8l, humleekstrakt og \u00f8lgj\u00e6r, og er fri for syntetiske fargestoffer, noe som gj\u00f8r dem trygge selv for barn. Beskyttende leppestift med naturlig UV-filter er en unik sammensetning av ingredienser som arganolje, ricinusolje og avokadoolje, [&hellip;]<\/p>\n","protected":false},"featured_media":11450,"comment_status":"open","ping_status":"closed","template":"","meta":{"_acf_changed":false},"product_brand":[],"product_cat":[273],"product_tag":[],"class_list":{"0":"post-11681","1":"product","2":"type-product","3":"status-publish","4":"has-post-thumbnail","6":"product_cat-gavekort","8":"first","9":"instock","10":"taxable","11":"shipping-taxable","12":"purchasable","13":"product-type-simple"},"acf":[],"_links":{"self":[{"href":"https:\/\/krakow.piwnespa.com\/no\/wp-json\/wp\/v2\/product\/11681","targetHints":{"allow":["GET"]}}],"collection":[{"href":"https:\/\/krakow.piwnespa.com\/no\/wp-json\/wp\/v2\/product"}],"about":[{"href":"https:\/\/krakow.piwnespa.com\/no\/wp-json\/wp\/v2\/types\/product"}],"replies":[{"embeddable":true,"href":"https:\/\/krakow.piwnespa.com\/no\/wp-json\/wp\/v2\/comments?post=11681"}],"wp:featuredmedia":[{"embeddable":true,"href":"https:\/\/krakow.piwnespa.com\/no\/wp-json\/wp\/v2\/media\/11450"}],"wp:attachment":[{"href":"https:\/\/krakow.piwnespa.com\/no\/wp-json\/wp\/v2\/media?parent=11681"}],"wp:term":[{"taxonomy":"product_brand","embeddable":true,"href":"https:\/\/krakow.piwnespa.com\/no\/wp-json\/wp\/v2\/product_brand?post=11681"},{"taxonomy":"product_cat","embeddable":true,"href":"https:\/\/krakow.piwnespa.com\/no\/wp-json\/wp\/v2\/product_cat?post=11681"},{"taxonomy":"product_tag","embeddable":true,"href":"https:\/\/krakow.piwnespa.com\/no\/wp-json\/wp\/v2\/product_tag?post=11681"}],"curies":[{"name":"wp","href":"https:\/\/api.w.org\/{rel}","templated":true}]}}