{"id":9288,"date":"2025-07-22T09:43:06","date_gmt":"2025-07-22T07:43:06","guid":{"rendered":"https:\/\/krakow.piwnespa.com\/regler-for-olspa\/"},"modified":"2025-11-04T14:38:28","modified_gmt":"2025-11-04T13:38:28","slug":"regler-for-olspa","status":"publish","type":"page","link":"https:\/\/krakow.piwnespa.com\/no\/regler-for-olspa\/","title":{"rendered":"Vilk\u00e5r og betingelser Beernarium Beer Spa Krakow"},"content":{"rendered":"\n<h2 class=\"wp-block-heading\">1. Generelle bestemmelser<\/h2>\n\n<p>Dette reglementet spesifiserer prinsippene for organisering og bruk av tjenester som tilbys av Beernarium Piwne Spa i Floria\u0144ska-gaten 13, 31-019 Krak\u00f3w.<br\/>F\u00f8lgende definisjoner brukes i dette reglementet:<br\/>&#8211; Spa &#8211; Beernarium Piwne Spa i Krak\u00f3w;<br\/>&#8211; Ansatte &#8211; personer som er ansatt i Beernarium Piwne Spa;<br\/>&#8211; Gjest &#8211; en person som benytter seg av Spaets tjenester;<br\/>&#8211; Behandling &#8211; bad, massasje, peeling og andre tjenester som tilbys av Spaet.<br\/>Spaet er \u00e5pent fra s\u00f8ndag til torsdag fra kl. 14.00 til 21.30, og p\u00e5 fredager og l\u00f8rdager fra kl. 11.00 til 23.00. Spaet forbeholder seg retten til \u00e5 endre \u00e5pningstidene og til \u00e5 stenge anlegget p\u00e5 utvalgte dager.<br\/>Ved \u00e5 foreta en reservasjon eller benytte seg av spaets tjenester godtar gjesten disse reglene og erkl\u00e6rer at det ikke foreligger helsemessige kontraindikasjoner mot \u00e5 benytte seg av tjenestene.<br\/>Barn og unge under 16 \u00e5r kan kun benytte seg av tjenestene med samtykke fra og i n\u00e6rv\u00e6r av en forelder eller foresatt.  <\/p>\n\n<h2 class=\"wp-block-heading\">2. Reservasjoner og betalinger<\/h2>\n\n<p>Reservasjon av behandlinger i spaet kan gj\u00f8res:<br\/>&#8211; via nettstedet www.krakow.piwnespa.com,<br\/>&#8211; per telefon p\u00e5 +48 451 581 552,<br\/>&#8211; per e-post p\u00e5 krakow@piwnespa.com,<br\/>&#8211; personlig i spaets resepsjon.<br\/>Bekreftelse av reservasjonen krever betaling av 100 % av verdien av de bestilte tjenestene. Etter at betalingen er gjennomf\u00f8rt, vil gjesten motta en e-post med bekreftelse p\u00e5 dato, klokkeslett og sted for behandlingen.<br\/>Hvis bestillingen er gjort p\u00e5 et annet sted enn Beernarium Beer Spa Krakow, er Spaet ikke ansvarlig for feil valg av sted. I en slik situasjon kan det hende at behandlingen ikke blir utf\u00f8rt, og depositumet vil ikke bli refundert.<br\/>Endringer av en behandlingsdato kan gj\u00f8res inntil 24 timer f\u00f8r den planlagte avtalen uten ekstra kostnader. Den nye timen kan ikke avbestilles igjen. Det er ikke mulig \u00e5 endre dato mindre enn 24 timer f\u00f8r avtalen.<br\/>Avbestilling av en reservasjon gir gjesten rett til:<br\/>&#8211; 100 % refusjon av tjenestens verdi ved avbestilling opptil 7 dager f\u00f8r behandlingsdatoen,<br\/>&#8211; 30 % refusjon av verdien ved avbestilling mindre enn 7 dager f\u00f8r behandlingsdatoen,<br\/>&#8211; ingen refusjon ved avbestilling mindre enn 24 timer f\u00f8r avtalen.<br\/>Refusjonen skal skje innen 14 dager etter avbestillingen.<br\/>Gjesten er forpliktet til \u00e5 oppgi det endelige antallet deltakere senest 5 dager f\u00f8r bes\u00f8ksdatoen. Ved et lavere antall gjester p\u00e5 utf\u00f8relsesdagen belastes avgiften i henhold til det opprinnelig oppgitte deltakerantallet, og behandlingens varighet endres ikke.<br\/>Gavekort kan kj\u00f8pes via nettstedet eller i spaets resepsjon. Gavekort er gyldige i 12 m\u00e5neder fra kj\u00f8psdatoen, med mindre annet er angitt i tilbudet. Kj\u00f8p av gavekort inneb\u00e6rer aksept av reglene for gavekort som er tilgjengelige p\u00e5 spaets nettside.<br\/>Spaet fakturerer for utf\u00f8rte tjenester &#8211; vennligst kontakt resepsjonen for dette.<br\/>Uten forh\u00e5ndsreservasjon kan en gjest kun benytte seg av tjenester med ledige plasser.       <\/p>\n\n<h2 class=\"wp-block-heading\">3 Regler for bruk av spa-tjenester<\/h2>\n\n<p>Gjestene m\u00e5 komme i tide til den planlagte behandlingen &#8211; det anbefales \u00e5 komme 10-15 minutter f\u00f8r avtalt tid. Ved forsinkelse forbeholder Spaet seg retten til \u00e5 forkorte behandlingens varighet uten prisavslag.<br\/>Det er obligatorisk \u00e5 bytte fott\u00f8y til engangst\u00f8fler og \u00e5 ta p\u00e5 seg det utleverte tilbeh\u00f8ret.<br\/>Video- og lydopptak er kun tillatt med samtykke fra Spaets personale.<br\/>Det anbefales at gjestene ikke tar med seg smykker eller verdisaker inn i Spaet. Spaet er ikke ansvarlig for tap av disse.<br\/>Personer som er p\u00e5virket av alkohol, rusmidler, har \u00e5pne s\u00e5r, betennelse i huden eller utgj\u00f8r en trussel mot andre gjester eller personalet, vil ikke f\u00e5 adgang til spaet.<br\/>Spaet er et omr\u00e5de for stillhet og avslapning. Gjestene m\u00e5 v\u00e6re stille og avst\u00e5 fra h\u00f8ylytte samtaler. Personalet har rett til \u00e5 be forstyrrende personer om \u00e5 forlate stedet uten godtgj\u00f8relse.<br\/>Det er kun tillatt \u00e5 innta drikkevarer i de angitte omr\u00e5dene. Det er forbudt \u00e5 ta med drikke utenfor disse omr\u00e5dene.<br\/>Gjestene m\u00e5 fylle ut et helsesp\u00f8rreskjema f\u00f8r enhver behandling.     <\/p>\n\n<h2 class=\"wp-block-heading\">4 Sikkerhet og kontraindikasjoner<\/h2>\n\n<p>F\u00f8lgende er forbudt i spaet:<br\/>&#8211; r\u00f8yking,<br\/>&#8211; medbringelse og inntak av egen mat og drikke,<br\/>&#8211; bruk av narkotika og andre rusmidler,<br\/>&#8211; medbringelse av kj\u00e6ledyr.<br\/>Kontraindikasjoner for spa-tjenester inkluderer, men er ikke begrenset til: epilepsi, kreft, virusinfeksjoner med feber, pacemaker, \u00e5pne s\u00e5r eller skader.<br\/>Gjestene er \u00f8konomisk ansvarlige for eventuelle skader eller \u00f8deleggelser for\u00e5rsaket av dem selv eller personer de har ansvaret for.<br\/>Hvis rommene etterlates i en tilstand som krever rengj\u00f8ring utover standard, har spaet rett til \u00e5 kreve et tilleggsgebyr p\u00e5 200 z\u0142 per ansatt.<br\/>Badekarene kan brukes av maksimalt to personer. Det er forbudt \u00e5 hoppe ned i karene. Et ekstra badekar kan gj\u00f8res tilgjengelig etter forh\u00e5ndsvarsel og mot et pristillegg.  <\/p>\n\n<h2 class=\"wp-block-heading\">5 Ansvar og reklamasjoner<\/h2>\n\n<p>Beer Spa er ikke ansvarlig for gjenstander som er etterlatt utenfor l\u00e5ste skap eller for eventuelle avbrudd i tjenestene p\u00e5 grunn av uavhengige \u00e5rsaker som driftsstans eller force majeure.<br\/>Klager p\u00e5 tjenester skal fremsettes personlig i Spa-resepsjonen eller via e-post til krakow@piwnespa.com innen 7 dager etter tjenesten. Klager behandles innen 14 virkedager fra datoen for varselet.<br\/>Personopplysninger om gjester behandles kun med det form\u00e5l \u00e5 levere tjenester i samsvar med bestemmelsene i RODO. <\/p>\n\n<h2 class=\"wp-block-heading\">6 Avsluttende bestemmelser<\/h2>\n\n<p>Beernarium Beer Spa forbeholder seg retten til \u00e5 endre disse vilk\u00e5rene.<br\/>Den gjeldende versjonen av vilk\u00e5rene er tilgjengelig i resepsjonen p\u00e5 spaet og p\u00e5 nettstedet www.krakow.piwnespa.com.<br\/><br\/><\/p>\n","protected":false},"excerpt":{"rendered":"<p>1. Generelle bestemmelser Dette reglementet spesifiserer prinsippene for organisering og bruk av tjenester som tilbys av Beernarium Piwne Spa i Floria\u0144ska-gaten 13, 31-019 Krak\u00f3w.F\u00f8lgende definisjoner brukes i dette reglementet:&#8211; Spa &#8211; Beernarium Piwne Spa i Krak\u00f3w;&#8211; Ansatte &#8211; personer som er ansatt i Beernarium Piwne Spa;&#8211; Gjest &#8211; en person som benytter seg av Spaets [&hellip;]<\/p>\n","protected":false},"author":2,"featured_media":9116,"parent":0,"menu_order":0,"comment_status":"closed","ping_status":"closed","template":"","meta":{"_acf_changed":false,"footnotes":""},"class_list":["post-9288","page","type-page","status-publish","has-post-thumbnail","hentry"],"acf":[],"_links":{"self":[{"href":"https:\/\/krakow.piwnespa.com\/no\/wp-json\/wp\/v2\/pages\/9288","targetHints":{"allow":["GET"]}}],"collection":[{"href":"https:\/\/krakow.piwnespa.com\/no\/wp-json\/wp\/v2\/pages"}],"about":[{"href":"https:\/\/krakow.piwnespa.com\/no\/wp-json\/wp\/v2\/types\/page"}],"author":[{"embeddable":true,"href":"https:\/\/krakow.piwnespa.com\/no\/wp-json\/wp\/v2\/users\/2"}],"replies":[{"embeddable":true,"href":"https:\/\/krakow.piwnespa.com\/no\/wp-json\/wp\/v2\/comments?post=9288"}],"version-history":[{"count":3,"href":"https:\/\/krakow.piwnespa.com\/no\/wp-json\/wp\/v2\/pages\/9288\/revisions"}],"predecessor-version":[{"id":16166,"href":"https:\/\/krakow.piwnespa.com\/no\/wp-json\/wp\/v2\/pages\/9288\/revisions\/16166"}],"wp:featuredmedia":[{"embeddable":true,"href":"https:\/\/krakow.piwnespa.com\/no\/wp-json\/wp\/v2\/media\/9116"}],"wp:attachment":[{"href":"https:\/\/krakow.piwnespa.com\/no\/wp-json\/wp\/v2\/media?parent=9288"}],"curies":[{"name":"wp","href":"https:\/\/api.w.org\/{rel}","templated":true}]}}