{"id":16112,"date":"2025-10-11T05:15:59","date_gmt":"2025-10-11T03:15:59","guid":{"rendered":"https:\/\/krakow.piwnespa.com\/produkt\/shampoo-per-capelli-alla-birra\/"},"modified":"2025-10-11T05:15:59","modified_gmt":"2025-10-11T03:15:59","slug":"shampoo-per-capelli-alla-birra","status":"publish","type":"product","link":"https:\/\/krakow.piwnespa.com\/it\/produkt\/shampoo-per-capelli-alla-birra\/","title":{"rendered":"Shampoo per capelli alla birra"},"content":{"rendered":"<p>I cosmetici Saela sono prodotti a mano dal 1999 in una piccola fabbrica ceca a Brumovice. Contengono ingredienti naturali come la birra ceca, l&#8217;estratto di luppolo e il lievito di birra e sono privi di coloranti sintetici, il che li rende sicuri anche per i bambini. <\/p>\n<p>La birra \u00e8 un tesoro di minerali che favoriscono la crescita dei follicoli piliferi e aiutano a mantenere i capelli pi\u00f9 freschi pi\u00f9 a lungo. Lo shampoo per la caduta dei capelli di Saela, che si distingue per il suo altissimo contenuto di birra (fino al 30%), <strong>ha ottenuto il plauso dei clienti ed \u00e8 diventato uno dei nostri bestseller<\/strong>. <\/p>\n<p>Lo Shampoo Idratante alla Birra dona ai capelli un aspetto sano, lucentezza e ne rafforza la struttura aumentandone il volume. Grazie alla ricchezza di vitamine contenute nella birra, nutre i capelli, favorisce la rigenerazione del cuoio capelluto e migliora la condizione generale dei capelli. Il luppolo contenuto ha un effetto lenitivo, elimina il prurito e favorisce la crescita sana dei capelli.  <\/p>\n<p>La formula dello shampoo Saela \u00e8 stata sviluppata per le persone con una tendenza ai capelli grassi. Con un uso regolare, gli effetti si notano rapidamente. Il prodotto \u00e8 ideale per la cura quotidiana.  <\/p>\n<p>Capacit\u00e0: 300 ml<\/p>\n","protected":false},"excerpt":{"rendered":"<p>Lo Shampoo Idratante alla Birra dona ai capelli un aspetto sano, lucentezza e ne rafforza la struttura aumentandone il volume. Grazie alla ricchezza di vitamine contenute nella birra, nutre i capelli, favorisce la rigenerazione del cuoio capelluto e migliora la condizione generale dei capelli. Il luppolo contenuto ha un effetto lenitivo, elimina il prurito e favorisce la crescita sana dei capelli.  <\/p>\n","protected":false},"featured_media":11366,"comment_status":"open","ping_status":"closed","template":"","meta":{"_acf_changed":false},"product_brand":[],"product_cat":[305],"product_tag":[],"class_list":{"0":"post-16112","1":"product","2":"type-product","3":"status-publish","4":"has-post-thumbnail","6":"product_cat-buono-regalo","8":"first","9":"instock","10":"taxable","11":"shipping-taxable","12":"purchasable","13":"product-type-simple"},"acf":[],"_links":{"self":[{"href":"https:\/\/krakow.piwnespa.com\/it\/wp-json\/wp\/v2\/product\/16112","targetHints":{"allow":["GET"]}}],"collection":[{"href":"https:\/\/krakow.piwnespa.com\/it\/wp-json\/wp\/v2\/product"}],"about":[{"href":"https:\/\/krakow.piwnespa.com\/it\/wp-json\/wp\/v2\/types\/product"}],"replies":[{"embeddable":true,"href":"https:\/\/krakow.piwnespa.com\/it\/wp-json\/wp\/v2\/comments?post=16112"}],"wp:featuredmedia":[{"embeddable":true,"href":"https:\/\/krakow.piwnespa.com\/it\/wp-json\/wp\/v2\/media\/11366"}],"wp:attachment":[{"href":"https:\/\/krakow.piwnespa.com\/it\/wp-json\/wp\/v2\/media?parent=16112"}],"wp:term":[{"taxonomy":"product_brand","embeddable":true,"href":"https:\/\/krakow.piwnespa.com\/it\/wp-json\/wp\/v2\/product_brand?post=16112"},{"taxonomy":"product_cat","embeddable":true,"href":"https:\/\/krakow.piwnespa.com\/it\/wp-json\/wp\/v2\/product_cat?post=16112"},{"taxonomy":"product_tag","embeddable":true,"href":"https:\/\/krakow.piwnespa.com\/it\/wp-json\/wp\/v2\/product_tag?post=16112"}],"curies":[{"name":"wp","href":"https:\/\/api.w.org\/{rel}","templated":true}]}}