{"id":16095,"date":"2025-10-11T05:23:00","date_gmt":"2025-10-11T03:23:00","guid":{"rendered":"https:\/\/krakow.piwnespa.com\/produkt\/sapone-liquido-alla-birra\/"},"modified":"2025-10-11T05:23:00","modified_gmt":"2025-10-11T03:23:00","slug":"sapone-liquido-alla-birra","status":"publish","type":"product","link":"https:\/\/krakow.piwnespa.com\/it\/produkt\/sapone-liquido-alla-birra\/","title":{"rendered":"Sapone liquido alla birra"},"content":{"rendered":"<p>I cosmetici Saela sono prodotti a mano dal 1999 in una piccola fabbrica ceca a Brumovice. Contengono ingredienti naturali come la birra ceca, l&#8217;estratto di luppolo e il lievito di birra e sono privi di coloranti sintetici, il che li rende sicuri anche per i bambini. <\/p>\n<p>Il<strong> sapone<\/strong> delicato<strong> alla birra (fino al 30% della composizione)<\/strong> \u00e8 ricco di preziose vitamine e micro e macroelementi come vitamine del gruppo B, potassio, ferro e proteine.<\/p>\n<p>Realizzata a mano, \u00e8 perfetta per la pelle secca soggetta a desquamazione, screpolature e prurito. Grazie alla sua formula ipoallergenica, \u00e8 adatto all&#8217;uso quotidiano. \u00c8 ideale sia per la doccia che per il bagno. La comoda pompa assicura un dosaggio facile e preciso del prodotto.   <\/p>\n<p>Capacit\u00e0: 500 ml<\/p>\n","protected":false},"excerpt":{"rendered":"<p>I cosmetici Saela sono prodotti a mano dal 1999 in una piccola fabbrica ceca a Brumovice. Contengono ingredienti naturali come la birra ceca, l&#8217;estratto di luppolo e il lievito di birra e sono privi di coloranti sintetici, il che li rende sicuri anche per i bambini. Il sapone delicato alla birra (fino al 30% della [&hellip;]<\/p>\n","protected":false},"featured_media":11426,"comment_status":"open","ping_status":"closed","template":"","meta":{"_acf_changed":false},"product_brand":[],"product_cat":[305],"product_tag":[],"class_list":{"0":"post-16095","1":"product","2":"type-product","3":"status-publish","4":"has-post-thumbnail","6":"product_cat-buono-regalo","8":"first","9":"instock","10":"taxable","11":"shipping-taxable","12":"purchasable","13":"product-type-simple"},"acf":[],"_links":{"self":[{"href":"https:\/\/krakow.piwnespa.com\/it\/wp-json\/wp\/v2\/product\/16095","targetHints":{"allow":["GET"]}}],"collection":[{"href":"https:\/\/krakow.piwnespa.com\/it\/wp-json\/wp\/v2\/product"}],"about":[{"href":"https:\/\/krakow.piwnespa.com\/it\/wp-json\/wp\/v2\/types\/product"}],"replies":[{"embeddable":true,"href":"https:\/\/krakow.piwnespa.com\/it\/wp-json\/wp\/v2\/comments?post=16095"}],"wp:featuredmedia":[{"embeddable":true,"href":"https:\/\/krakow.piwnespa.com\/it\/wp-json\/wp\/v2\/media\/11426"}],"wp:attachment":[{"href":"https:\/\/krakow.piwnespa.com\/it\/wp-json\/wp\/v2\/media?parent=16095"}],"wp:term":[{"taxonomy":"product_brand","embeddable":true,"href":"https:\/\/krakow.piwnespa.com\/it\/wp-json\/wp\/v2\/product_brand?post=16095"},{"taxonomy":"product_cat","embeddable":true,"href":"https:\/\/krakow.piwnespa.com\/it\/wp-json\/wp\/v2\/product_cat?post=16095"},{"taxonomy":"product_tag","embeddable":true,"href":"https:\/\/krakow.piwnespa.com\/it\/wp-json\/wp\/v2\/product_tag?post=16095"}],"curies":[{"name":"wp","href":"https:\/\/api.w.org\/{rel}","templated":true}]}}