{"id":11679,"date":"2025-10-11T05:24:37","date_gmt":"2025-10-11T03:24:37","guid":{"rendered":"https:\/\/krakow.piwnespa.com\/produkt\/pomadka-ochronna-do-ust\/"},"modified":"2025-10-19T11:17:24","modified_gmt":"2025-10-19T09:17:24","slug":"rossetto-protettivo-per-le-labbra","status":"publish","type":"product","link":"https:\/\/krakow.piwnespa.com\/it\/produkt\/rossetto-protettivo-per-le-labbra\/","title":{"rendered":"Rossetto protettivo per le labbra"},"content":{"rendered":"<p>I cosmetici Saela sono prodotti artigianalmente dal 1999 in una piccola manifattura ceca a Brumovice. Contengono ingredienti naturali come birra ceca, estratto di luppolo e lievito di birra, e sono privi di coloranti sintetici, il che li rende sicuri anche per i bambini.<\/p>\n<p>Il rossetto protettivo per le labbra con filtro UV naturale \u00e8 una composizione unica di ingredienti quali olio di argan, olio di ricino e olio di avocado, burro di karit\u00e9, cera d&#8217;api ed estratto di luppolo. Fornisce una barriera efficace contro le condizioni atmosferiche avverse. Ha un effetto antiet\u00e0, favorisce i processi rigenerativi e accelera la guarigione. Gi\u00e0 dopo il primo utilizzo, le labbra risultano visibilmente idratate, pi\u00f9 elastiche, lisce e morbide.<\/p>\n","protected":false},"excerpt":{"rendered":"<p>I cosmetici Saela sono prodotti artigianalmente dal 1999 in una piccola manifattura ceca a Brumovice. Contengono ingredienti naturali come birra ceca, estratto di luppolo e lievito di birra, e sono privi di coloranti sintetici, il che li rende sicuri anche per i bambini. Il rossetto protettivo per le labbra con filtro UV naturale \u00e8 una [&hellip;]<\/p>\n","protected":false},"featured_media":11449,"comment_status":"open","ping_status":"closed","template":"","meta":{"_acf_changed":false},"product_brand":[],"product_cat":[305],"product_tag":[],"class_list":{"0":"post-11679","1":"product","2":"type-product","3":"status-publish","4":"has-post-thumbnail","6":"product_cat-buono-regalo","8":"first","9":"instock","10":"taxable","11":"shipping-taxable","12":"purchasable","13":"product-type-simple"},"acf":[],"_links":{"self":[{"href":"https:\/\/krakow.piwnespa.com\/it\/wp-json\/wp\/v2\/product\/11679","targetHints":{"allow":["GET"]}}],"collection":[{"href":"https:\/\/krakow.piwnespa.com\/it\/wp-json\/wp\/v2\/product"}],"about":[{"href":"https:\/\/krakow.piwnespa.com\/it\/wp-json\/wp\/v2\/types\/product"}],"replies":[{"embeddable":true,"href":"https:\/\/krakow.piwnespa.com\/it\/wp-json\/wp\/v2\/comments?post=11679"}],"wp:featuredmedia":[{"embeddable":true,"href":"https:\/\/krakow.piwnespa.com\/it\/wp-json\/wp\/v2\/media\/11449"}],"wp:attachment":[{"href":"https:\/\/krakow.piwnespa.com\/it\/wp-json\/wp\/v2\/media?parent=11679"}],"wp:term":[{"taxonomy":"product_brand","embeddable":true,"href":"https:\/\/krakow.piwnespa.com\/it\/wp-json\/wp\/v2\/product_brand?post=11679"},{"taxonomy":"product_cat","embeddable":true,"href":"https:\/\/krakow.piwnespa.com\/it\/wp-json\/wp\/v2\/product_cat?post=11679"},{"taxonomy":"product_tag","embeddable":true,"href":"https:\/\/krakow.piwnespa.com\/it\/wp-json\/wp\/v2\/product_tag?post=11679"}],"curies":[{"name":"wp","href":"https:\/\/api.w.org\/{rel}","templated":true}]}}