{"id":9335,"date":"2025-07-29T11:50:08","date_gmt":"2025-07-29T09:50:08","guid":{"rendered":"https:\/\/krakow.piwnespa.com\/rezydencja-sienkiewiczowka-beer-spa\/"},"modified":"2025-09-01T19:37:22","modified_gmt":"2025-09-01T17:37:22","slug":"rezydencja-sienkiewiczowka-beer-spa","status":"publish","type":"page","link":"https:\/\/krakow.piwnespa.com\/it\/rezydencja-sienkiewiczowka-beer-spa\/","title":{"rendered":"Rezydencja Sienkiewicz\u00f3wka &amp; Beer Spa"},"content":{"rendered":"<h1 class=\"has-text-align-center wp-block-heading\">Hotel &amp; SPA<\/h1><h4 class=\"wp-block-heading\">Rezydencja Sienkiewicz\u00f3wka &amp; Beer Spa<\/h4><p><strong><br\/>Due notti con colazione<\/strong><br\/><strong>Pacchetto Day Spa alla birra<\/strong><\/p><p>\u00a0<\/p><div class=\"elementor-element elementor-element-4cf92a5 elementor-widget elementor-widget-text-editor\" data-id=\"4cf92a5\" data-element_type=\"widget\" data-widget_type=\"text-editor.default\"><div class=\"elementor-widget-container\">Fantastyczny pakiet na weekend dla par. Komfortowy nocleg z pysznym \u015bniadaniem w przytulnej\u00a0<strong><a href=\"http:\/\/sienkiewiczowka.pl\/pakiety\/?id=32320\" target=\"_blank\" rel=\"noopener\">Rezydencji Sienkiewicz\u00f3wka<\/a><\/strong>\u00a0oraz wieczorny seans w Piwnym Spa\u00a0<a href=\"https:\/\/krakow.piwnespa.com\/oferta\/day-spa\/beer-day-spa\/\"><strong>Beer Day Spa<\/strong><\/a>: k\u0105piel piwna z degustacj\u0105 r\u00f3\u017cnorodnych piw, le\u017cakowanie na s\u0142omie i odpr\u0119\u017caj\u0105cy piwny masa\u017c cz\u0119\u015bciowy.\u00a0Rezydencja znajduje si\u0119 w Krak\u00f3wm ul. Zamoyskiego 28 \u2013 ok. 450 m od Piwnego Spa<\/div><\/div><div class=\"elementor-element elementor-element-55545d6 elementor-widget elementor-widget-text-editor\" data-id=\"55545d6\" data-element_type=\"widget\" data-widget_type=\"text-editor.default\"><div class=\"elementor-widget-container\"><p>Contatta Rezydencja Sienkiewicz\u00f3wka per informazioni e per prenotare un pacchetto:<\/p><p><a href=\"tel:601%20203%20605\">601 203 605<\/a><br\/><a href=\"tel:18%2020%20647%2022\">18 20 647 22<\/a><br\/><a href=\"mailto:sienkiewiczowka@impol.net.pl\">sienkiewiczowka@impol.net.pl<\/a><\/p><\/div><\/div>","protected":false},"excerpt":{"rendered":"<p>Hotel &amp; SPA Rezydencja Sienkiewicz\u00f3wka &amp; Beer Spa Due notti con colazionePacchetto Day Spa alla birra \u00a0 Fantastyczny pakiet na weekend dla par. Komfortowy nocleg z pysznym \u015bniadaniem w przytulnej\u00a0Rezydencji Sienkiewicz\u00f3wka\u00a0oraz wieczorny seans w Piwnym Spa\u00a0Beer Day Spa: k\u0105piel piwna z degustacj\u0105 r\u00f3\u017cnorodnych piw, le\u017cakowanie na s\u0142omie i odpr\u0119\u017caj\u0105cy piwny masa\u017c cz\u0119\u015bciowy.\u00a0Rezydencja znajduje si\u0119 w [&hellip;]<\/p>\n","protected":false},"author":3,"featured_media":9067,"parent":0,"menu_order":0,"comment_status":"closed","ping_status":"closed","template":"","meta":{"_acf_changed":false,"footnotes":""},"class_list":["post-9335","page","type-page","status-publish","has-post-thumbnail","hentry"],"acf":[],"_links":{"self":[{"href":"https:\/\/krakow.piwnespa.com\/it\/wp-json\/wp\/v2\/pages\/9335","targetHints":{"allow":["GET"]}}],"collection":[{"href":"https:\/\/krakow.piwnespa.com\/it\/wp-json\/wp\/v2\/pages"}],"about":[{"href":"https:\/\/krakow.piwnespa.com\/it\/wp-json\/wp\/v2\/types\/page"}],"author":[{"embeddable":true,"href":"https:\/\/krakow.piwnespa.com\/it\/wp-json\/wp\/v2\/users\/3"}],"replies":[{"embeddable":true,"href":"https:\/\/krakow.piwnespa.com\/it\/wp-json\/wp\/v2\/comments?post=9335"}],"version-history":[{"count":1,"href":"https:\/\/krakow.piwnespa.com\/it\/wp-json\/wp\/v2\/pages\/9335\/revisions"}],"predecessor-version":[{"id":9336,"href":"https:\/\/krakow.piwnespa.com\/it\/wp-json\/wp\/v2\/pages\/9335\/revisions\/9336"}],"wp:featuredmedia":[{"embeddable":true,"href":"https:\/\/krakow.piwnespa.com\/it\/wp-json\/wp\/v2\/media\/9067"}],"wp:attachment":[{"href":"https:\/\/krakow.piwnespa.com\/it\/wp-json\/wp\/v2\/media?parent=9335"}],"curies":[{"name":"wp","href":"https:\/\/api.w.org\/{rel}","templated":true}]}}