{"id":9279,"date":"2025-07-22T09:43:06","date_gmt":"2025-07-22T07:43:06","guid":{"rendered":"https:\/\/krakow.piwnespa.com\/regolamento-delle-terme-della-birra\/"},"modified":"2025-11-04T14:38:28","modified_gmt":"2025-11-04T13:38:28","slug":"regolamento-delle-terme-della-birra","status":"publish","type":"page","link":"https:\/\/krakow.piwnespa.com\/it\/regolamento-delle-terme-della-birra\/","title":{"rendered":"Termini e condizioni Beernarium Beer Spa Krakow"},"content":{"rendered":"\n<h2 class=\"wp-block-heading\">1. disposizioni generali<\/h2>\n\n<p>Il presente Regolamento specifica i principi dell&#8217;organizzazione e dell&#8217;utilizzo dei servizi forniti dalla Beernarium Piwne Spa, situata in via Floria\u0144ska 13, 31-019 Cracovia.<br\/>Nel presente Regolamento vengono utilizzate le seguenti definizioni:<br\/>&#8211; Spa &#8211; Beernarium Piwne Spa di Cracovia;<br\/>&#8211; Personale &#8211; persone impiegate presso la Beernarium Piwne Spa;<br\/>&#8211; Ospite &#8211; persona che usufruisce dei servizi della Spa;<br\/>&#8211; Trattamento &#8211; bagno, massaggio, peeling e altri servizi offerti dalla Spa.<br\/>La Spa \u00e8 aperta dalla domenica al gioved\u00ec dalle 14:00 alle 21:30 e il venerd\u00ec e il sabato dalle 11:00 alle 23:00. La Spa si riserva il diritto di modificare gli orari di apertura e di chiudere la struttura in determinati giorni.<br\/>La prenotazione o l&#8217;utilizzo dei servizi della Spa implica l&#8217;accettazione del presente Regolamento e la dichiarazione da parte dell&#8217;Ospite che non esistono controindicazioni di salute all&#8217;utilizzo dei servizi.<br\/>I bambini e i ragazzi di et\u00e0 inferiore ai 16 anni possono utilizzare i servizi solo con il consenso e in presenza di un genitore o di un tutore legale.  <\/p>\n\n<h2 class=\"wp-block-heading\">2. Prenotazioni e pagamenti<\/h2>\n\n<p>La prenotazione dei trattamenti nella Spa pu\u00f2 essere effettuata:<br\/>&#8211; tramite il sito web www.krakow.piwnespa.com,<br\/>&#8211; per telefono al numero +48 451 581 552,<br\/>&#8211; via e-mail all&#8217;indirizzo krakow@piwnespa.com,<br\/>&#8211; di persona alla reception della Spa.<br\/>La conferma della prenotazione richiede il pagamento del 100% del valore dei servizi ordinati. Dopo aver effettuato il pagamento, l&#8217;Ospite ricever\u00e0 un&#8217;e-mail di conferma della data, dell&#8217;ora e del luogo in cui si svolger\u00e0 il servizio.<br\/>Se la prenotazione viene effettuata in un luogo diverso dalla Beernarium Beer Spa Krakow, la Spa non \u00e8 responsabile per un luogo selezionato in modo errato. In tal caso, il trattamento potrebbe non essere effettuato e l&#8217;acconto non sar\u00e0 rimborsato.<br\/>Le modifiche alla data del trattamento possono essere effettuate fino a 24 ore prima dell&#8217;appuntamento previsto senza alcun costo aggiuntivo. Il nuovo appuntamento non pu\u00f2 essere cancellato. Il cambio di data a meno di 24 ore dall&#8217;appuntamento non \u00e8 possibile.<br\/>La cancellazione di una prenotazione d\u00e0 diritto a:<br\/>&#8211; rimborso del 100% del valore del servizio se la cancellazione avviene fino a 7 giorni prima della data del trattamento,<br\/>&#8211; rimborso del 30% del valore se la cancellazione avviene a meno di 7 giorni dalla data del trattamento,<br\/>&#8211; nessun rimborso se la cancellazione avviene a meno di 24 ore dall&#8217;appuntamento.<br\/>Il rimborso sar\u00e0 effettuato entro 14 giorni dalla notifica della cancellazione.<br\/>L&#8217;Ospite \u00e8 tenuto a fornire il numero definitivo di partecipanti entro e non oltre 5 giorni prima della data della visita. In caso di un numero inferiore di Ospiti il giorno dell&#8217;esecuzione, la tariffa rimane addebitata in base al numero di partecipanti inizialmente dichiarato e la durata del trattamento non cambia.<br\/>I buoni regalo possono essere acquistati tramite il sito web o presso la reception della Spa. I voucher sono validi per 12 mesi a partire dalla data di acquisto, se non diversamente indicato nell&#8217;offerta. L&#8217;acquisto di un voucher implica l&#8217;accettazione del regolamento dei voucher disponibile sul sito web della Spa.<br\/>La Spa emette una fattura per i servizi forniti &#8211; si prega di contattare la reception per questo.<br\/>In assenza di una prenotazione preventiva, l&#8217;ospite pu\u00f2 usufruire solo dei servizi con posti disponibili.       <\/p>\n\n<h2 class=\"wp-block-heading\">3 Regole per l&#8217;utilizzo dei servizi della Spa<\/h2>\n\n<p>Gli ospiti sono tenuti ad arrivare in orario per il trattamento programmato &#8211; si consiglia di arrivare con 10-15 minuti di anticipo. In caso di ritardo, la Spa si riserva il diritto di ridurre la durata di un trattamento senza alcuna riduzione di prezzo.<br\/>\u00c8 obbligatorio cambiare le calzature con ciabatte monouso e indossare gli accessori forniti.<br\/>Le riprese video e audio sono consentite solo con il consenso del personale della Spa.<br\/>Si raccomanda agli Ospiti di non portare gioielli o oggetti di valore nella Spa. La Spa non \u00e8 responsabile per la loro perdita.<br\/>Le persone sotto l&#8217;influenza di alcolici, intossicanti, con ferite aperte, infiammazioni della pelle o che rappresentano una minaccia per gli altri Ospiti o per il personale non saranno ammesse alla Spa.<br\/>La Spa \u00e8 un&#8217;area di silenzio e relax. Gli Ospiti sono tenuti a rimanere in silenzio e ad astenersi da conversazioni ad alta voce. Il personale ha il diritto di chiedere alle persone che disturbano di andarsene senza alcun rimborso.<br\/>Il consumo di bevande \u00e8 consentito solo nelle aree designate. \u00c8 vietato consumare bevande al di fuori di queste aree.<br\/>Gli ospiti sono tenuti a compilare un questionario sullo stato di salute prima di sottoporsi a qualsiasi trattamento.     <\/p>\n\n<h2 class=\"wp-block-heading\">4 Sicurezza e controindicazioni<\/h2>\n\n<p>Nella Spa \u00e8 vietato:<br\/>&#8211; fumare,<br\/>&#8211; introdurre e consumare cibo e bevande proprie,<br\/>&#8211; fare uso di droghe e altri intossicanti,<br\/>&#8211; introdurre animali domestici.<br\/>Le controindicazioni all&#8217;uso della Spa includono, ma non si limitano a: epilessia, cancro, infezioni virali con febbre, avere un pacemaker, ferite aperte o lesioni.<br\/>Gli ospiti sono finanziariamente responsabili di qualsiasi danno o distruzione causati da loro stessi o da persone di cui sono responsabili.<br\/>Se le camere vengono lasciate in condizioni che richiedono una pulizia superiore agli standard, la Spa ha il diritto di addebitare un costo aggiuntivo di z\u0142 200 per ogni persona del personale.<br\/>Le vasche da bagno possono essere utilizzate da un massimo di due persone. \u00c8 vietato saltare nelle vasche. Una vasca aggiuntiva pu\u00f2 essere messa a disposizione previa notifica e con un costo aggiuntivo.  <\/p>\n\n<h2 class=\"wp-block-heading\">5 Responsabilit\u00e0 e reclami<\/h2>\n\n<p>La Beer Spa non \u00e8 responsabile per gli oggetti lasciati fuori dagli armadietti chiusi a chiave o per eventuali interruzioni dei servizi dovute a motivi indipendenti, come guasti o cause di forza maggiore.<br\/>I reclami relativi ai servizi devono essere presentati di persona alla reception della Spa o via e-mail all&#8217;indirizzo krakow@piwnespa.com entro 7 giorni dal servizio. I reclami vengono gestiti entro 14 giorni lavorativi dalla data di notifica.<br\/>I dati personali degli Ospiti vengono trattati solo allo scopo di fornire servizi in conformit\u00e0 con le disposizioni del RODO. <\/p>\n\n<h2 class=\"wp-block-heading\">6 Disposizioni finali<\/h2>\n\n<p>Beernarium Beer Spa si riserva il diritto di modificare i presenti Termini e Condizioni.<br\/>La versione attuale dei Termini e Condizioni \u00e8 disponibile presso la reception della Spa e sul sito web www.krakow.piwnespa.com.<br\/><br\/><\/p>\n","protected":false},"excerpt":{"rendered":"<p>1. disposizioni generali Il presente Regolamento specifica i principi dell&#8217;organizzazione e dell&#8217;utilizzo dei servizi forniti dalla Beernarium Piwne Spa, situata in via Floria\u0144ska 13, 31-019 Cracovia.Nel presente Regolamento vengono utilizzate le seguenti definizioni:&#8211; Spa &#8211; Beernarium Piwne Spa di Cracovia;&#8211; Personale &#8211; persone impiegate presso la Beernarium Piwne Spa;&#8211; Ospite &#8211; persona che usufruisce dei [&hellip;]<\/p>\n","protected":false},"author":2,"featured_media":9122,"parent":0,"menu_order":0,"comment_status":"closed","ping_status":"closed","template":"","meta":{"_acf_changed":false,"footnotes":""},"class_list":["post-9279","page","type-page","status-publish","has-post-thumbnail","hentry"],"acf":[],"_links":{"self":[{"href":"https:\/\/krakow.piwnespa.com\/it\/wp-json\/wp\/v2\/pages\/9279","targetHints":{"allow":["GET"]}}],"collection":[{"href":"https:\/\/krakow.piwnespa.com\/it\/wp-json\/wp\/v2\/pages"}],"about":[{"href":"https:\/\/krakow.piwnespa.com\/it\/wp-json\/wp\/v2\/types\/page"}],"author":[{"embeddable":true,"href":"https:\/\/krakow.piwnespa.com\/it\/wp-json\/wp\/v2\/users\/2"}],"replies":[{"embeddable":true,"href":"https:\/\/krakow.piwnespa.com\/it\/wp-json\/wp\/v2\/comments?post=9279"}],"version-history":[{"count":3,"href":"https:\/\/krakow.piwnespa.com\/it\/wp-json\/wp\/v2\/pages\/9279\/revisions"}],"predecessor-version":[{"id":16170,"href":"https:\/\/krakow.piwnespa.com\/it\/wp-json\/wp\/v2\/pages\/9279\/revisions\/16170"}],"wp:featuredmedia":[{"embeddable":true,"href":"https:\/\/krakow.piwnespa.com\/it\/wp-json\/wp\/v2\/media\/9122"}],"wp:attachment":[{"href":"https:\/\/krakow.piwnespa.com\/it\/wp-json\/wp\/v2\/media?parent=9279"}],"curies":[{"name":"wp","href":"https:\/\/api.w.org\/{rel}","templated":true}]}}