{"id":16098,"date":"2025-10-11T05:23:00","date_gmt":"2025-10-11T03:23:00","guid":{"rendered":"https:\/\/krakow.piwnespa.com\/produkt\/sor-folyekony-szappan\/"},"modified":"2025-10-11T05:23:00","modified_gmt":"2025-10-11T03:23:00","slug":"sor-folyekony-szappan","status":"publish","type":"product","link":"https:\/\/krakow.piwnespa.com\/hu\/produkt\/sor-folyekony-szappan\/","title":{"rendered":"S\u00f6r foly\u00e9kony szappan"},"content":{"rendered":"<p>A Saela kozmetikumokat 1999 \u00f3ta k\u00e9zzel k\u00e9sz\u00edtik egy kis cseh manufakt\u00far\u00e1ban Brumovic\u00e9ben. Olyan term\u00e9szetes \u00f6sszetev\u0151ket tartalmaznak, mint a cseh s\u00f6r, koml\u00f3kivonat \u00e9s s\u00f6r\u00e9leszt\u0151, \u00e9s nem tartalmaznak szintetikus sz\u00ednez\u00e9ket, \u00edgy m\u00e9g a gyermekek sz\u00e1m\u00e1ra is biztons\u00e1gosak. <\/p>\n<p><strong> A s\u00f6rrel k\u00e9sz\u00fclt<\/strong> enyhe<strong> szappan (az \u00f6sszet\u00e9tel ak\u00e1r 30%-a)<\/strong> \u00e9rt\u00e9kes vitamin<strong> okban<\/strong>, mikro- \u00e9s makroelemekben, p\u00e9ld\u00e1ul B-vitaminokban, k\u00e1liumban, vasban \u00e9s feh\u00e9rj\u00e9kben<strong> gazdag<\/strong>.<\/p>\n<p>K\u00e9zzel k\u00e9sz\u00edtett, t\u00f6k\u00e9letes a h\u00e1ml\u00e1sra, repedez\u00e9sre \u00e9s viszket\u00e9sre hajlamos sz\u00e1raz b\u0151rre. Hipoallerg\u00e9n formul\u00e1j\u00e1nak k\u00f6sz\u00f6nhet\u0151en napi haszn\u00e1latra alkalmas. Ide\u00e1lis mind a zuhany alatt, mind a k\u00e1dban. A praktikus pumpa biztos\u00edtja a term\u00e9k k\u00f6nny\u0171 \u00e9s pontos adagol\u00e1s\u00e1t.   <\/p>\n<p>Kapacit\u00e1s: 500 ml<\/p>\n","protected":false},"excerpt":{"rendered":"<p>A Saela kozmetikumokat 1999 \u00f3ta k\u00e9zzel k\u00e9sz\u00edtik egy kis cseh manufakt\u00far\u00e1ban Brumovic\u00e9ben. Olyan term\u00e9szetes \u00f6sszetev\u0151ket tartalmaznak, mint a cseh s\u00f6r, koml\u00f3kivonat \u00e9s s\u00f6r\u00e9leszt\u0151, \u00e9s nem tartalmaznak szintetikus sz\u00ednez\u00e9ket, \u00edgy m\u00e9g a gyermekek sz\u00e1m\u00e1ra is biztons\u00e1gosak. A s\u00f6rrel k\u00e9sz\u00fclt enyhe szappan (az \u00f6sszet\u00e9tel ak\u00e1r 30%-a) \u00e9rt\u00e9kes vitamin okban, mikro- \u00e9s makroelemekben, p\u00e9ld\u00e1ul B-vitaminokban, k\u00e1liumban, vasban \u00e9s [&hellip;]<\/p>\n","protected":false},"featured_media":11425,"comment_status":"open","ping_status":"closed","template":"","meta":{"_acf_changed":false},"product_brand":[],"product_cat":[337],"product_tag":[],"class_list":{"0":"post-16098","1":"product","2":"type-product","3":"status-publish","4":"has-post-thumbnail","6":"product_cat-ajandekutalvany","8":"first","9":"instock","10":"taxable","11":"shipping-taxable","12":"purchasable","13":"product-type-simple"},"acf":[],"_links":{"self":[{"href":"https:\/\/krakow.piwnespa.com\/hu\/wp-json\/wp\/v2\/product\/16098","targetHints":{"allow":["GET"]}}],"collection":[{"href":"https:\/\/krakow.piwnespa.com\/hu\/wp-json\/wp\/v2\/product"}],"about":[{"href":"https:\/\/krakow.piwnespa.com\/hu\/wp-json\/wp\/v2\/types\/product"}],"replies":[{"embeddable":true,"href":"https:\/\/krakow.piwnespa.com\/hu\/wp-json\/wp\/v2\/comments?post=16098"}],"wp:featuredmedia":[{"embeddable":true,"href":"https:\/\/krakow.piwnespa.com\/hu\/wp-json\/wp\/v2\/media\/11425"}],"wp:attachment":[{"href":"https:\/\/krakow.piwnespa.com\/hu\/wp-json\/wp\/v2\/media?parent=16098"}],"wp:term":[{"taxonomy":"product_brand","embeddable":true,"href":"https:\/\/krakow.piwnespa.com\/hu\/wp-json\/wp\/v2\/product_brand?post=16098"},{"taxonomy":"product_cat","embeddable":true,"href":"https:\/\/krakow.piwnespa.com\/hu\/wp-json\/wp\/v2\/product_cat?post=16098"},{"taxonomy":"product_tag","embeddable":true,"href":"https:\/\/krakow.piwnespa.com\/hu\/wp-json\/wp\/v2\/product_tag?post=16098"}],"curies":[{"name":"wp","href":"https:\/\/api.w.org\/{rel}","templated":true}]}}