{"id":16085,"date":"2025-10-11T05:21:20","date_gmt":"2025-10-11T03:21:20","guid":{"rendered":"https:\/\/krakow.piwnespa.com\/produkt\/sorfurdo-olaj\/"},"modified":"2025-10-11T05:21:20","modified_gmt":"2025-10-11T03:21:20","slug":"sorfurdo-olaj","status":"publish","type":"product","link":"https:\/\/krakow.piwnespa.com\/hu\/produkt\/sorfurdo-olaj\/","title":{"rendered":"S\u00f6rf\u00fcrd\u0151 olaj"},"content":{"rendered":"<p>A Saela kozmetikumokat 1999 \u00f3ta k\u00e9zzel k\u00e9sz\u00edtik egy kis cseh manufakt\u00far\u00e1ban Brumovic\u00e9ben. Olyan term\u00e9szetes \u00f6sszetev\u0151ket tartalmaznak, mint a cseh s\u00f6r, koml\u00f3kivonat \u00e9s s\u00f6r\u00e9leszt\u0151, \u00e9s nem tartalmaznak szintetikus sz\u00ednez\u00e9ket, \u00edgy m\u00e9g a gyermekek sz\u00e1m\u00e1ra is biztons\u00e1gosak. <\/p>\n<p>Az intenz\u00edven hidrat\u00e1l\u00f3 f\u00fcrd\u0151olaj <strong>magas s\u00f6rtartalommal (ak\u00e1r 30%) t\u00e1mogatja<\/strong> a b\u0151r vitaliz\u00e1l\u00e1s\u00e1t \u00e9s elt\u00e1vol\u00edtja a k\u00e1ros anyagokat a b\u0151rb\u0151l. M\u00e1r egy 15 perces f\u00fcrd\u0151 elegend\u0151 ahhoz, hogy a b\u0151r puha, kellemes \u00e9s b\u00e1rsonyos tapint\u00e1s\u00fa legyen. <\/p>\n<p>Kapacit\u00e1s: 500 ml<\/p>\n","protected":false},"excerpt":{"rendered":"<p>A Saela kozmetikumokat 1999 \u00f3ta k\u00e9zzel k\u00e9sz\u00edtik egy kis cseh manufakt\u00far\u00e1ban Brumovic\u00e9ben. Olyan term\u00e9szetes \u00f6sszetev\u0151ket tartalmaznak, mint a cseh s\u00f6r, koml\u00f3kivonat \u00e9s s\u00f6r\u00e9leszt\u0151, \u00e9s nem tartalmaznak szintetikus sz\u00ednez\u00e9ket, \u00edgy m\u00e9g a gyermekek sz\u00e1m\u00e1ra is biztons\u00e1gosak. Az intenz\u00edven hidrat\u00e1l\u00f3 f\u00fcrd\u0151olaj magas s\u00f6rtartalommal (ak\u00e1r 30%) t\u00e1mogatja a b\u0151r vitaliz\u00e1l\u00e1s\u00e1t \u00e9s elt\u00e1vol\u00edtja a k\u00e1ros anyagokat a b\u0151rb\u0151l. M\u00e1r [&hellip;]<\/p>\n","protected":false},"featured_media":11402,"comment_status":"open","ping_status":"closed","template":"","meta":{"_acf_changed":false},"product_brand":[],"product_cat":[337],"product_tag":[],"class_list":{"0":"post-16085","1":"product","2":"type-product","3":"status-publish","4":"has-post-thumbnail","6":"product_cat-ajandekutalvany","8":"first","9":"instock","10":"taxable","11":"shipping-taxable","12":"purchasable","13":"product-type-simple"},"acf":[],"_links":{"self":[{"href":"https:\/\/krakow.piwnespa.com\/hu\/wp-json\/wp\/v2\/product\/16085","targetHints":{"allow":["GET"]}}],"collection":[{"href":"https:\/\/krakow.piwnespa.com\/hu\/wp-json\/wp\/v2\/product"}],"about":[{"href":"https:\/\/krakow.piwnespa.com\/hu\/wp-json\/wp\/v2\/types\/product"}],"replies":[{"embeddable":true,"href":"https:\/\/krakow.piwnespa.com\/hu\/wp-json\/wp\/v2\/comments?post=16085"}],"wp:featuredmedia":[{"embeddable":true,"href":"https:\/\/krakow.piwnespa.com\/hu\/wp-json\/wp\/v2\/media\/11402"}],"wp:attachment":[{"href":"https:\/\/krakow.piwnespa.com\/hu\/wp-json\/wp\/v2\/media?parent=16085"}],"wp:term":[{"taxonomy":"product_brand","embeddable":true,"href":"https:\/\/krakow.piwnespa.com\/hu\/wp-json\/wp\/v2\/product_brand?post=16085"},{"taxonomy":"product_cat","embeddable":true,"href":"https:\/\/krakow.piwnespa.com\/hu\/wp-json\/wp\/v2\/product_cat?post=16085"},{"taxonomy":"product_tag","embeddable":true,"href":"https:\/\/krakow.piwnespa.com\/hu\/wp-json\/wp\/v2\/product_tag?post=16085"}],"curies":[{"name":"wp","href":"https:\/\/api.w.org\/{rel}","templated":true}]}}