{"id":16076,"date":"2025-10-11T05:15:59","date_gmt":"2025-10-11T03:15:59","guid":{"rendered":"https:\/\/krakow.piwnespa.com\/produkt\/soros-hajsampon\/"},"modified":"2025-10-11T05:15:59","modified_gmt":"2025-10-11T03:15:59","slug":"soros-hajsampon","status":"publish","type":"product","link":"https:\/\/krakow.piwnespa.com\/hu\/produkt\/soros-hajsampon\/","title":{"rendered":"S\u00f6r\u00f6s hajsampon"},"content":{"rendered":"<p>A Saela kozmetikumokat 1999 \u00f3ta k\u00e9zzel k\u00e9sz\u00edtik egy kis cseh manufakt\u00far\u00e1ban Brumovic\u00e9ben. Olyan term\u00e9szetes \u00f6sszetev\u0151ket tartalmaznak, mint a cseh s\u00f6r, koml\u00f3kivonat \u00e9s s\u00f6r\u00e9leszt\u0151, \u00e9s nem tartalmaznak szintetikus sz\u00ednez\u00e9ket, \u00edgy m\u00e9g a gyermekek sz\u00e1m\u00e1ra is biztons\u00e1gosak. <\/p>\n<p>A s\u00f6r olyan \u00e1sv\u00e1nyi anyagok kincsesb\u00e1ny\u00e1ja, amelyek el\u0151seg\u00edtik a hajhagym\u00e1k n\u00f6veked\u00e9s\u00e9t, \u00e9s seg\u00edtenek hosszabb ideig frissen tartani a hajat. A Saela hajhull\u00e1s elleni sampon, amelyet nagyon magas s\u00f6rtartalma (ak\u00e1r 30%) k\u00fcl\u00f6nb\u00f6ztet meg, elnyerte a <strong>v\u00e1s\u00e1rl\u00f3k<\/strong> dics\u00e9ret\u00e9t <strong>, \u00e9s az egyik legkelend\u0151bb term\u00e9k\u00fcnkk\u00e9 v\u00e1lt.<\/strong> <\/p>\n<p>A hidrat\u00e1l\u00f3 s\u00f6rsampon eg\u00e9szs\u00e9ges kin\u00e9zetet \u00e9s f\u00e9nyt ad a hajnak, er\u0151s\u00edti a szerkezet\u00e9t, mik\u00f6zben n\u00f6veli a volument. A s\u00f6rben tal\u00e1lhat\u00f3 gazdag vitaminoknak k\u00f6sz\u00f6nhet\u0151en t\u00e1pl\u00e1lja a hajat, el\u0151seg\u00edti a fejb\u0151r regener\u00e1l\u00f3d\u00e1s\u00e1t \u00e9s jav\u00edtja a haj \u00e1ltal\u00e1nos \u00e1llapot\u00e1t. A koml\u00f3tartalom nyugtat\u00f3 hat\u00e1s\u00fa, megsz\u00fcnteti a viszket\u00e9st \u00e9s el\u0151seg\u00edti a haj eg\u00e9szs\u00e9ges n\u00f6veked\u00e9s\u00e9t.  <\/p>\n<p>A Saela sampon formul\u00e1j\u00e1t a zs\u00edros hajra hajlamos emberek sz\u00e1m\u00e1ra fejlesztett\u00e9k ki. Rendszeres haszn\u00e1lat eset\u00e9n a hat\u00e1s gyorsan \u00e9szrevehet\u0151. A term\u00e9k ide\u00e1lis a mindennapi \u00e1pol\u00e1shoz.  <\/p>\n<p>Kapacit\u00e1s: 300 ml<\/p>\n","protected":false},"excerpt":{"rendered":"<p>A hidrat\u00e1l\u00f3 s\u00f6rsampon eg\u00e9szs\u00e9ges kin\u00e9zetet \u00e9s f\u00e9nyt ad a hajnak, er\u0151s\u00edti a szerkezet\u00e9t, mik\u00f6zben n\u00f6veli a volument. A s\u00f6rben tal\u00e1lhat\u00f3 gazdag vitaminoknak k\u00f6sz\u00f6nhet\u0151en t\u00e1pl\u00e1lja a hajat, el\u0151seg\u00edti a fejb\u0151r regener\u00e1l\u00f3d\u00e1s\u00e1t \u00e9s jav\u00edtja a haj \u00e1ltal\u00e1nos \u00e1llapot\u00e1t. A koml\u00f3tartalom nyugtat\u00f3 hat\u00e1s\u00fa, megsz\u00fcnteti a viszket\u00e9st \u00e9s el\u0151seg\u00edti a haj eg\u00e9szs\u00e9ges n\u00f6veked\u00e9s\u00e9t.  <\/p>\n","protected":false},"featured_media":11365,"comment_status":"open","ping_status":"closed","template":"","meta":{"_acf_changed":false},"product_brand":[],"product_cat":[337],"product_tag":[],"class_list":{"0":"post-16076","1":"product","2":"type-product","3":"status-publish","4":"has-post-thumbnail","6":"product_cat-ajandekutalvany","8":"first","9":"instock","10":"taxable","11":"shipping-taxable","12":"purchasable","13":"product-type-simple"},"acf":[],"_links":{"self":[{"href":"https:\/\/krakow.piwnespa.com\/hu\/wp-json\/wp\/v2\/product\/16076","targetHints":{"allow":["GET"]}}],"collection":[{"href":"https:\/\/krakow.piwnespa.com\/hu\/wp-json\/wp\/v2\/product"}],"about":[{"href":"https:\/\/krakow.piwnespa.com\/hu\/wp-json\/wp\/v2\/types\/product"}],"replies":[{"embeddable":true,"href":"https:\/\/krakow.piwnespa.com\/hu\/wp-json\/wp\/v2\/comments?post=16076"}],"wp:featuredmedia":[{"embeddable":true,"href":"https:\/\/krakow.piwnespa.com\/hu\/wp-json\/wp\/v2\/media\/11365"}],"wp:attachment":[{"href":"https:\/\/krakow.piwnespa.com\/hu\/wp-json\/wp\/v2\/media?parent=16076"}],"wp:term":[{"taxonomy":"product_brand","embeddable":true,"href":"https:\/\/krakow.piwnespa.com\/hu\/wp-json\/wp\/v2\/product_brand?post=16076"},{"taxonomy":"product_cat","embeddable":true,"href":"https:\/\/krakow.piwnespa.com\/hu\/wp-json\/wp\/v2\/product_cat?post=16076"},{"taxonomy":"product_tag","embeddable":true,"href":"https:\/\/krakow.piwnespa.com\/hu\/wp-json\/wp\/v2\/product_tag?post=16076"}],"curies":[{"name":"wp","href":"https:\/\/api.w.org\/{rel}","templated":true}]}}