{"id":11680,"date":"2025-10-11T05:24:37","date_gmt":"2025-10-11T03:24:37","guid":{"rendered":"https:\/\/krakow.piwnespa.com\/produkt\/pomadka-ochronna-do-ust\/"},"modified":"2025-10-19T11:18:46","modified_gmt":"2025-10-19T09:18:46","slug":"vedo-ajakapolo","status":"publish","type":"product","link":"https:\/\/krakow.piwnespa.com\/hu\/produkt\/vedo-ajakapolo\/","title":{"rendered":"V\u00e9d\u0151 ajak\u00e1pol\u00f3"},"content":{"rendered":"<p>A Saela kozmetikumokat 1999 \u00f3ta k\u00e9zzel gy\u00e1rtj\u00e1k egy kis cseh gy\u00e1rban, Brumovice-ban. Term\u00e9szetes \u00f6sszetev\u0151ket tartalmaznak, mint p\u00e9ld\u00e1ul cseh s\u00f6r, koml\u00f3 kivonat \u00e9s s\u00f6r\u00e9leszt\u0151, \u00e9s nem tartalmaznak szintetikus sz\u00ednez\u00e9ket, \u00edgy gyermekek sz\u00e1m\u00e1ra is biztons\u00e1gosak.<\/p>\n<p>A term\u00e9szetes UV-sz\u0171r\u0151vel ell\u00e1tott v\u00e9d\u0151 ajak\u00e1pol\u00f3 egyed\u00fcl\u00e1ll\u00f3 \u00f6sszet\u00e9tel\u0171, olyan \u00f6sszetev\u0151ket tartalmaz, mint az arg\u00e1n-, ricinus- \u00e9s avok\u00e1d\u00f3olaj, valamint a sheavaj, a m\u00e9hviasz \u00e9s a koml\u00f3 kivonat. Hat\u00e9kony v\u00e9delmet ny\u00fajt a kedvez\u0151tlen id\u0151j\u00e1r\u00e1si k\u00f6r\u00fclm\u00e9nyek ellen. \u00d6reged\u00e9sg\u00e1tl\u00f3 tulajdons\u00e1gokkal rendelkezik, t\u00e1mogatja a regener\u00e1ci\u00f3s folyamatokat \u00e9s gyors\u00edtja a gy\u00f3gyul\u00e1st. Az els\u0151 haszn\u00e1lat ut\u00e1n az ajkak l\u00e1that\u00f3an hidrat\u00e1ltak, rugalmasabbak, sim\u00e1bbak \u00e9s puh\u00e1bbak lesznek.<\/p>\n","protected":false},"excerpt":{"rendered":"<p>A Saela kozmetikumokat 1999 \u00f3ta k\u00e9zzel gy\u00e1rtj\u00e1k egy kis cseh gy\u00e1rban, Brumovice-ban. Term\u00e9szetes \u00f6sszetev\u0151ket tartalmaznak, mint p\u00e9ld\u00e1ul cseh s\u00f6r, koml\u00f3 kivonat \u00e9s s\u00f6r\u00e9leszt\u0151, \u00e9s nem tartalmaznak szintetikus sz\u00ednez\u00e9ket, \u00edgy gyermekek sz\u00e1m\u00e1ra is biztons\u00e1gosak. A term\u00e9szetes UV-sz\u0171r\u0151vel ell\u00e1tott v\u00e9d\u0151 ajak\u00e1pol\u00f3 egyed\u00fcl\u00e1ll\u00f3 \u00f6sszet\u00e9tel\u0171, olyan \u00f6sszetev\u0151ket tartalmaz, mint az arg\u00e1n-, ricinus- \u00e9s avok\u00e1d\u00f3olaj, valamint a sheavaj, a m\u00e9hviasz [&hellip;]<\/p>\n","protected":false},"featured_media":11448,"comment_status":"open","ping_status":"closed","template":"","meta":{"_acf_changed":false},"product_brand":[],"product_cat":[337],"product_tag":[],"class_list":{"0":"post-11680","1":"product","2":"type-product","3":"status-publish","4":"has-post-thumbnail","6":"product_cat-ajandekutalvany","8":"first","9":"instock","10":"taxable","11":"shipping-taxable","12":"purchasable","13":"product-type-simple"},"acf":[],"_links":{"self":[{"href":"https:\/\/krakow.piwnespa.com\/hu\/wp-json\/wp\/v2\/product\/11680","targetHints":{"allow":["GET"]}}],"collection":[{"href":"https:\/\/krakow.piwnespa.com\/hu\/wp-json\/wp\/v2\/product"}],"about":[{"href":"https:\/\/krakow.piwnespa.com\/hu\/wp-json\/wp\/v2\/types\/product"}],"replies":[{"embeddable":true,"href":"https:\/\/krakow.piwnespa.com\/hu\/wp-json\/wp\/v2\/comments?post=11680"}],"wp:featuredmedia":[{"embeddable":true,"href":"https:\/\/krakow.piwnespa.com\/hu\/wp-json\/wp\/v2\/media\/11448"}],"wp:attachment":[{"href":"https:\/\/krakow.piwnespa.com\/hu\/wp-json\/wp\/v2\/media?parent=11680"}],"wp:term":[{"taxonomy":"product_brand","embeddable":true,"href":"https:\/\/krakow.piwnespa.com\/hu\/wp-json\/wp\/v2\/product_brand?post=11680"},{"taxonomy":"product_cat","embeddable":true,"href":"https:\/\/krakow.piwnespa.com\/hu\/wp-json\/wp\/v2\/product_cat?post=11680"},{"taxonomy":"product_tag","embeddable":true,"href":"https:\/\/krakow.piwnespa.com\/hu\/wp-json\/wp\/v2\/product_tag?post=11680"}],"curies":[{"name":"wp","href":"https:\/\/api.w.org\/{rel}","templated":true}]}}