{"id":9313,"date":"2025-07-29T11:13:05","date_gmt":"2025-07-29T09:13:05","guid":{"rendered":"https:\/\/krakow.piwnespa.com\/zakopane-legenybucsu\/"},"modified":"2025-11-04T14:38:44","modified_gmt":"2025-11-04T13:38:44","slug":"zakopane-legenybucsu","status":"publish","type":"page","link":"https:\/\/krakow.piwnespa.com\/hu\/csoportok-szamara\/zakopane-legenybucsu\/","title":{"rendered":"Leg\u00e9nyb\u00facs\u00fa Krakk\u00f3ban"},"content":{"rendered":"","protected":false},"excerpt":{"rendered":"","protected":false},"author":3,"featured_media":9314,"parent":9358,"menu_order":0,"comment_status":"closed","ping_status":"closed","template":"","meta":{"_acf_changed":false,"footnotes":""},"class_list":["post-9313","page","type-page","status-publish","has-post-thumbnail","hentry"],"acf":[],"_links":{"self":[{"href":"https:\/\/krakow.piwnespa.com\/hu\/wp-json\/wp\/v2\/pages\/9313","targetHints":{"allow":["GET"]}}],"collection":[{"href":"https:\/\/krakow.piwnespa.com\/hu\/wp-json\/wp\/v2\/pages"}],"about":[{"href":"https:\/\/krakow.piwnespa.com\/hu\/wp-json\/wp\/v2\/types\/page"}],"author":[{"embeddable":true,"href":"https:\/\/krakow.piwnespa.com\/hu\/wp-json\/wp\/v2\/users\/3"}],"replies":[{"embeddable":true,"href":"https:\/\/krakow.piwnespa.com\/hu\/wp-json\/wp\/v2\/comments?post=9313"}],"version-history":[{"count":6,"href":"https:\/\/krakow.piwnespa.com\/hu\/wp-json\/wp\/v2\/pages\/9313\/revisions"}],"predecessor-version":[{"id":16191,"href":"https:\/\/krakow.piwnespa.com\/hu\/wp-json\/wp\/v2\/pages\/9313\/revisions\/16191"}],"up":[{"embeddable":true,"href":"https:\/\/krakow.piwnespa.com\/hu\/wp-json\/wp\/v2\/pages\/9358"}],"wp:featuredmedia":[{"embeddable":true,"href":"https:\/\/krakow.piwnespa.com\/hu\/wp-json\/wp\/v2\/media\/9314"}],"wp:attachment":[{"href":"https:\/\/krakow.piwnespa.com\/hu\/wp-json\/wp\/v2\/media?parent=9313"}],"curies":[{"name":"wp","href":"https:\/\/api.w.org\/{rel}","templated":true}]}}