{"id":9306,"date":"2025-07-29T09:00:14","date_gmt":"2025-07-29T07:00:14","guid":{"rendered":"https:\/\/krakow.piwnespa.com\/holgyek-ejszakaja-a-beer-spa-ban-zakopane-kozpontjaban\/"},"modified":"2025-11-04T14:38:34","modified_gmt":"2025-11-04T13:38:34","slug":"holgyek-ejszakaja-a-beer-spa-ban-zakopane-kozpontjaban","status":"publish","type":"page","link":"https:\/\/krakow.piwnespa.com\/hu\/csoportok-szamara\/holgyek-ejszakaja-a-beer-spa-ban-zakopane-kozpontjaban\/","title":{"rendered":"H\u00f6lgyek \u00e9jszak\u00e1ja a krakk\u00f3i Beer Spa-ban Krakk\u00f3 k\u00f6zpontj\u00e1ban"},"content":{"rendered":"","protected":false},"excerpt":{"rendered":"","protected":false},"author":3,"featured_media":9307,"parent":9358,"menu_order":0,"comment_status":"closed","ping_status":"closed","template":"","meta":{"_acf_changed":false,"footnotes":""},"class_list":["post-9306","page","type-page","status-publish","has-post-thumbnail","hentry"],"acf":[],"_links":{"self":[{"href":"https:\/\/krakow.piwnespa.com\/hu\/wp-json\/wp\/v2\/pages\/9306","targetHints":{"allow":["GET"]}}],"collection":[{"href":"https:\/\/krakow.piwnespa.com\/hu\/wp-json\/wp\/v2\/pages"}],"about":[{"href":"https:\/\/krakow.piwnespa.com\/hu\/wp-json\/wp\/v2\/types\/page"}],"author":[{"embeddable":true,"href":"https:\/\/krakow.piwnespa.com\/hu\/wp-json\/wp\/v2\/users\/3"}],"replies":[{"embeddable":true,"href":"https:\/\/krakow.piwnespa.com\/hu\/wp-json\/wp\/v2\/comments?post=9306"}],"version-history":[{"count":6,"href":"https:\/\/krakow.piwnespa.com\/hu\/wp-json\/wp\/v2\/pages\/9306\/revisions"}],"predecessor-version":[{"id":16180,"href":"https:\/\/krakow.piwnespa.com\/hu\/wp-json\/wp\/v2\/pages\/9306\/revisions\/16180"}],"up":[{"embeddable":true,"href":"https:\/\/krakow.piwnespa.com\/hu\/wp-json\/wp\/v2\/pages\/9358"}],"wp:featuredmedia":[{"embeddable":true,"href":"https:\/\/krakow.piwnespa.com\/hu\/wp-json\/wp\/v2\/media\/9307"}],"wp:attachment":[{"href":"https:\/\/krakow.piwnespa.com\/hu\/wp-json\/wp\/v2\/media?parent=9306"}],"curies":[{"name":"wp","href":"https:\/\/api.w.org\/{rel}","templated":true}]}}