{"id":9076,"date":"2025-07-18T02:15:41","date_gmt":"2025-07-18T00:15:41","guid":{"rendered":"https:\/\/krakow.piwnespa.com\/latnivalok-csoportok-szamara-zakopane\/"},"modified":"2025-11-04T14:37:35","modified_gmt":"2025-11-04T13:37:35","slug":"latnivalok-csoportok-szamara-zakopane","status":"publish","type":"page","link":"https:\/\/krakow.piwnespa.com\/hu\/csoportok-szamara\/latnivalok-csoportok-szamara-zakopane\/","title":{"rendered":"L\u00e1tnival\u00f3k csoportok sz\u00e1m\u00e1ra Krakk\u00f3"},"content":{"rendered":"","protected":false},"excerpt":{"rendered":"","protected":false},"author":2,"featured_media":11341,"parent":9358,"menu_order":0,"comment_status":"closed","ping_status":"closed","template":"","meta":{"_acf_changed":false,"footnotes":""},"class_list":["post-9076","page","type-page","status-publish","has-post-thumbnail","hentry"],"acf":[],"_links":{"self":[{"href":"https:\/\/krakow.piwnespa.com\/hu\/wp-json\/wp\/v2\/pages\/9076","targetHints":{"allow":["GET"]}}],"collection":[{"href":"https:\/\/krakow.piwnespa.com\/hu\/wp-json\/wp\/v2\/pages"}],"about":[{"href":"https:\/\/krakow.piwnespa.com\/hu\/wp-json\/wp\/v2\/types\/page"}],"author":[{"embeddable":true,"href":"https:\/\/krakow.piwnespa.com\/hu\/wp-json\/wp\/v2\/users\/2"}],"replies":[{"embeddable":true,"href":"https:\/\/krakow.piwnespa.com\/hu\/wp-json\/wp\/v2\/comments?post=9076"}],"version-history":[{"count":6,"href":"https:\/\/krakow.piwnespa.com\/hu\/wp-json\/wp\/v2\/pages\/9076\/revisions"}],"predecessor-version":[{"id":16116,"href":"https:\/\/krakow.piwnespa.com\/hu\/wp-json\/wp\/v2\/pages\/9076\/revisions\/16116"}],"up":[{"embeddable":true,"href":"https:\/\/krakow.piwnespa.com\/hu\/wp-json\/wp\/v2\/pages\/9358"}],"wp:featuredmedia":[{"embeddable":true,"href":"https:\/\/krakow.piwnespa.com\/hu\/wp-json\/wp\/v2\/media\/11341"}],"wp:attachment":[{"href":"https:\/\/krakow.piwnespa.com\/hu\/wp-json\/wp\/v2\/media?parent=9076"}],"curies":[{"name":"wp","href":"https:\/\/api.w.org\/{rel}","templated":true}]}}