{"id":16089,"date":"2025-10-11T05:21:20","date_gmt":"2025-10-11T03:21:20","guid":{"rendered":"https:\/\/krakow.piwnespa.com\/produkt\/huile-de-bain-a-la-biere\/"},"modified":"2025-10-11T05:21:20","modified_gmt":"2025-10-11T03:21:20","slug":"huile-de-bain-a-la-biere","status":"publish","type":"product","link":"https:\/\/krakow.piwnespa.com\/fr\/produkt\/huile-de-bain-a-la-biere\/","title":{"rendered":"Huile de bain \u00e0 la bi\u00e8re"},"content":{"rendered":"<p>Les produits cosm\u00e9tiques Saela sont fabriqu\u00e9s \u00e0 la main depuis 1999 dans une petite usine tch\u00e8que situ\u00e9e \u00e0 Brumovice. Ils contiennent des ingr\u00e9dients naturels tels que de la bi\u00e8re tch\u00e8que, de l&#8217;extrait de houblon et de la levure de bi\u00e8re, et sont exempts de colorants synth\u00e9tiques, ce qui les rend sans danger m\u00eame pour les enfants. <\/p>\n<p>L&#8217;huile de bain intens\u00e9ment hydratante \u00e0 <strong>forte teneur en bi\u00e8re (jusqu&#8217;\u00e0 30 %)<\/strong> favorise la vitalisation de la peau et \u00e9limine les substances nocives qui s&#8217;y trouvent. Un bain de 15 minutes suffit pour rendre la peau douce, agr\u00e9able et velout\u00e9e au toucher. <\/p>\n<p>Capacit\u00e9 : 500 ml<\/p>\n","protected":false},"excerpt":{"rendered":"<p>Les produits cosm\u00e9tiques Saela sont fabriqu\u00e9s \u00e0 la main depuis 1999 dans une petite usine tch\u00e8que situ\u00e9e \u00e0 Brumovice. Ils contiennent des ingr\u00e9dients naturels tels que de la bi\u00e8re tch\u00e8que, de l&#8217;extrait de houblon et de la levure de bi\u00e8re, et sont exempts de colorants synth\u00e9tiques, ce qui les rend sans danger m\u00eame pour les [&hellip;]<\/p>\n","protected":false},"featured_media":11400,"comment_status":"open","ping_status":"closed","template":"","meta":{"_acf_changed":false},"product_brand":[],"product_cat":[372],"product_tag":[],"class_list":{"0":"post-16089","1":"product","2":"type-product","3":"status-publish","4":"has-post-thumbnail","6":"product_cat-cheque-cadeau","8":"first","9":"instock","10":"taxable","11":"shipping-taxable","12":"purchasable","13":"product-type-simple"},"acf":[],"_links":{"self":[{"href":"https:\/\/krakow.piwnespa.com\/fr\/wp-json\/wp\/v2\/product\/16089","targetHints":{"allow":["GET"]}}],"collection":[{"href":"https:\/\/krakow.piwnespa.com\/fr\/wp-json\/wp\/v2\/product"}],"about":[{"href":"https:\/\/krakow.piwnespa.com\/fr\/wp-json\/wp\/v2\/types\/product"}],"replies":[{"embeddable":true,"href":"https:\/\/krakow.piwnespa.com\/fr\/wp-json\/wp\/v2\/comments?post=16089"}],"wp:featuredmedia":[{"embeddable":true,"href":"https:\/\/krakow.piwnespa.com\/fr\/wp-json\/wp\/v2\/media\/11400"}],"wp:attachment":[{"href":"https:\/\/krakow.piwnespa.com\/fr\/wp-json\/wp\/v2\/media?parent=16089"}],"wp:term":[{"taxonomy":"product_brand","embeddable":true,"href":"https:\/\/krakow.piwnespa.com\/fr\/wp-json\/wp\/v2\/product_brand?post=16089"},{"taxonomy":"product_cat","embeddable":true,"href":"https:\/\/krakow.piwnespa.com\/fr\/wp-json\/wp\/v2\/product_cat?post=16089"},{"taxonomy":"product_tag","embeddable":true,"href":"https:\/\/krakow.piwnespa.com\/fr\/wp-json\/wp\/v2\/product_tag?post=16089"}],"curies":[{"name":"wp","href":"https:\/\/api.w.org\/{rel}","templated":true}]}}