{"id":16080,"date":"2025-10-11T05:15:59","date_gmt":"2025-10-11T03:15:59","guid":{"rendered":"https:\/\/krakow.piwnespa.com\/produkt\/shampooing-a-la-biere\/"},"modified":"2025-10-11T05:15:59","modified_gmt":"2025-10-11T03:15:59","slug":"shampooing-a-la-biere","status":"publish","type":"product","link":"https:\/\/krakow.piwnespa.com\/fr\/produkt\/shampooing-a-la-biere\/","title":{"rendered":"Shampooing \u00e0 la bi\u00e8re"},"content":{"rendered":"<p>Les produits cosm\u00e9tiques Saela sont fabriqu\u00e9s \u00e0 la main depuis 1999 dans une petite usine tch\u00e8que situ\u00e9e \u00e0 Brumovice. Ils contiennent des ingr\u00e9dients naturels tels que de la bi\u00e8re tch\u00e8que, de l&#8217;extrait de houblon et de la levure de bi\u00e8re, et sont exempts de colorants synth\u00e9tiques, ce qui les rend sans danger m\u00eame pour les enfants. <\/p>\n<p>La bi\u00e8re est un tr\u00e9sor de min\u00e9raux qui favorisent la croissance des follicules pileux et aident \u00e0 garder les cheveux frais plus longtemps. Le shampooing antichute de Saela, qui se distingue par sa tr\u00e8s forte teneur en bi\u00e8re (jusqu&#8217;\u00e0 30 %), a \u00e9t\u00e9 <strong>pl\u00e9biscit\u00e9 par les clients et est devenu l&#8217;un de nos best-sellers<\/strong>. <\/p>\n<p>Le shampooing hydratant \u00e0 la bi\u00e8re donne aux cheveux un aspect sain, de la brillance et renforce leur structure tout en augmentant leur volume. Gr\u00e2ce aux riches vitamines contenues dans la bi\u00e8re, il nourrit les cheveux, favorise la r\u00e9g\u00e9n\u00e9ration du cuir chevelu et am\u00e9liore l&#8217;\u00e9tat g\u00e9n\u00e9ral des cheveux. La teneur en houblon a un effet apaisant, \u00e9limine les d\u00e9mangeaisons et favorise une croissance saine des cheveux.  <\/p>\n<p>La formule du shampooing Saela a \u00e9t\u00e9 d\u00e9velopp\u00e9e pour les personnes ayant tendance \u00e0 avoir les cheveux gras. En cas d&#8217;utilisation r\u00e9guli\u00e8re, les effets sont rapidement perceptibles. Le produit est id\u00e9al pour les soins quotidiens.  <\/p>\n<p>Capacit\u00e9 : 300 ml<\/p>\n","protected":false},"excerpt":{"rendered":"<p>Le shampooing hydratant \u00e0 la bi\u00e8re donne aux cheveux un aspect sain, de la brillance et renforce leur structure tout en augmentant leur volume. Gr\u00e2ce aux riches vitamines contenues dans la bi\u00e8re, il nourrit les cheveux, favorise la r\u00e9g\u00e9n\u00e9ration du cuir chevelu et am\u00e9liore l&#8217;\u00e9tat g\u00e9n\u00e9ral des cheveux. La teneur en houblon a un effet apaisant, \u00e9limine les d\u00e9mangeaisons et favorise une croissance saine des cheveux.  <\/p>\n","protected":false},"featured_media":11363,"comment_status":"open","ping_status":"closed","template":"","meta":{"_acf_changed":false},"product_brand":[],"product_cat":[372],"product_tag":[],"class_list":{"0":"post-16080","1":"product","2":"type-product","3":"status-publish","4":"has-post-thumbnail","6":"product_cat-cheque-cadeau","8":"first","9":"instock","10":"taxable","11":"shipping-taxable","12":"purchasable","13":"product-type-simple"},"acf":[],"_links":{"self":[{"href":"https:\/\/krakow.piwnespa.com\/fr\/wp-json\/wp\/v2\/product\/16080","targetHints":{"allow":["GET"]}}],"collection":[{"href":"https:\/\/krakow.piwnespa.com\/fr\/wp-json\/wp\/v2\/product"}],"about":[{"href":"https:\/\/krakow.piwnespa.com\/fr\/wp-json\/wp\/v2\/types\/product"}],"replies":[{"embeddable":true,"href":"https:\/\/krakow.piwnespa.com\/fr\/wp-json\/wp\/v2\/comments?post=16080"}],"wp:featuredmedia":[{"embeddable":true,"href":"https:\/\/krakow.piwnespa.com\/fr\/wp-json\/wp\/v2\/media\/11363"}],"wp:attachment":[{"href":"https:\/\/krakow.piwnespa.com\/fr\/wp-json\/wp\/v2\/media?parent=16080"}],"wp:term":[{"taxonomy":"product_brand","embeddable":true,"href":"https:\/\/krakow.piwnespa.com\/fr\/wp-json\/wp\/v2\/product_brand?post=16080"},{"taxonomy":"product_cat","embeddable":true,"href":"https:\/\/krakow.piwnespa.com\/fr\/wp-json\/wp\/v2\/product_cat?post=16080"},{"taxonomy":"product_tag","embeddable":true,"href":"https:\/\/krakow.piwnespa.com\/fr\/wp-json\/wp\/v2\/product_tag?post=16080"}],"curies":[{"name":"wp","href":"https:\/\/api.w.org\/{rel}","templated":true}]}}