{"id":11676,"date":"2025-10-11T05:24:37","date_gmt":"2025-10-11T03:24:37","guid":{"rendered":"https:\/\/krakow.piwnespa.com\/produkt\/pomadka-ochronna-do-ust\/"},"modified":"2025-10-19T11:10:34","modified_gmt":"2025-10-19T09:10:34","slug":"baume-protecteur-pour-les-levres","status":"publish","type":"product","link":"https:\/\/krakow.piwnespa.com\/fr\/produkt\/baume-protecteur-pour-les-levres\/","title":{"rendered":"Baume protecteur pour les l\u00e8vres"},"content":{"rendered":"<p>Les cosm\u00e9tiques Saela sont fabriqu\u00e9s \u00e0 la main depuis 1999 dans une petite manufacture tch\u00e8que \u00e0 Brumovice. Ils contiennent des ingr\u00e9dients naturels tels que de la bi\u00e8re tch\u00e8que, de l&#8217;extrait de houblon et de la levure de bi\u00e8re, et sont exempts de colorants synth\u00e9tiques, ce qui les rend sans danger m\u00eame pour les enfants.<\/p>\n<p>Le baume \u00e0 l\u00e8vres protecteur avec filtre UV naturel est une composition unique d&#8217;ingr\u00e9dients tels que l&#8217;huile d&#8217;argan, l&#8217;huile de ricin et l&#8217;huile d&#8217;avocat, ainsi que le beurre de karit\u00e9, la cire d&#8217;abeille et l&#8217;extrait de houblon. Il offre une barri\u00e8re efficace contre les conditions climatiques d\u00e9favorables. Il a un effet anti-\u00e2ge, favorise les processus de r\u00e9g\u00e9n\u00e9ration et acc\u00e9l\u00e8re la cicatrisation. D\u00e8s la premi\u00e8re utilisation, les l\u00e8vres sont visiblement hydrat\u00e9es, plus souples, lisses et douces.<\/p>\n","protected":false},"excerpt":{"rendered":"<p>Les cosm\u00e9tiques Saela sont fabriqu\u00e9s \u00e0 la main depuis 1999 dans une petite manufacture tch\u00e8que \u00e0 Brumovice. Ils contiennent des ingr\u00e9dients naturels tels que de la bi\u00e8re tch\u00e8que, de l&#8217;extrait de houblon et de la levure de bi\u00e8re, et sont exempts de colorants synth\u00e9tiques, ce qui les rend sans danger m\u00eame pour les enfants. Le [&hellip;]<\/p>\n","protected":false},"featured_media":11446,"comment_status":"open","ping_status":"closed","template":"","meta":{"_acf_changed":false},"product_brand":[],"product_cat":[372],"product_tag":[],"class_list":{"0":"post-11676","1":"product","2":"type-product","3":"status-publish","4":"has-post-thumbnail","6":"product_cat-cheque-cadeau","8":"first","9":"instock","10":"taxable","11":"shipping-taxable","12":"purchasable","13":"product-type-simple"},"acf":[],"_links":{"self":[{"href":"https:\/\/krakow.piwnespa.com\/fr\/wp-json\/wp\/v2\/product\/11676","targetHints":{"allow":["GET"]}}],"collection":[{"href":"https:\/\/krakow.piwnespa.com\/fr\/wp-json\/wp\/v2\/product"}],"about":[{"href":"https:\/\/krakow.piwnespa.com\/fr\/wp-json\/wp\/v2\/types\/product"}],"replies":[{"embeddable":true,"href":"https:\/\/krakow.piwnespa.com\/fr\/wp-json\/wp\/v2\/comments?post=11676"}],"wp:featuredmedia":[{"embeddable":true,"href":"https:\/\/krakow.piwnespa.com\/fr\/wp-json\/wp\/v2\/media\/11446"}],"wp:attachment":[{"href":"https:\/\/krakow.piwnespa.com\/fr\/wp-json\/wp\/v2\/media?parent=11676"}],"wp:term":[{"taxonomy":"product_brand","embeddable":true,"href":"https:\/\/krakow.piwnespa.com\/fr\/wp-json\/wp\/v2\/product_brand?post=11676"},{"taxonomy":"product_cat","embeddable":true,"href":"https:\/\/krakow.piwnespa.com\/fr\/wp-json\/wp\/v2\/product_cat?post=11676"},{"taxonomy":"product_tag","embeddable":true,"href":"https:\/\/krakow.piwnespa.com\/fr\/wp-json\/wp\/v2\/product_tag?post=11676"}],"curies":[{"name":"wp","href":"https:\/\/api.w.org\/{rel}","templated":true}]}}