{"id":9343,"date":"2025-07-29T11:50:08","date_gmt":"2025-07-29T09:50:08","guid":{"rendered":"https:\/\/krakow.piwnespa.com\/rezydencja-sienkiewiczowka-beer-spa\/"},"modified":"2025-09-01T19:37:22","modified_gmt":"2025-09-01T17:37:22","slug":"rezydencja-sienkiewiczowka-beer-spa","status":"publish","type":"page","link":"https:\/\/krakow.piwnespa.com\/fr\/rezydencja-sienkiewiczowka-beer-spa\/","title":{"rendered":"Rezydencja Sienkiewicz\u00f3wka &amp; Beer Spa"},"content":{"rendered":"<h1 class=\"has-text-align-center wp-block-heading\">H\u00f4tel &amp; SPA<\/h1><h4 class=\"wp-block-heading\">Rezydencja Sienkiewicz\u00f3wka &amp; Beer Spa<\/h4><p><strong><br\/>Deux nuits avec petit-d\u00e9jeuner<\/strong><br\/><strong>Forfait Spa pour la journ\u00e9e de la bi\u00e8re<\/strong><\/p><p>\u00a0<\/p><div class=\"elementor-element elementor-element-4cf92a5 elementor-widget elementor-widget-text-editor\" data-id=\"4cf92a5\" data-element_type=\"widget\" data-widget_type=\"text-editor.default\"><div class=\"elementor-widget-container\">Fantastyczny pakiet na weekend dla par. Komfortowy nocleg z pysznym \u015bniadaniem w przytulnej\u00a0<strong><a href=\"http:\/\/sienkiewiczowka.pl\/pakiety\/?id=32320\" target=\"_blank\" rel=\"noopener\">Rezydencji Sienkiewicz\u00f3wka<\/a><\/strong>\u00a0oraz wieczorny seans w Piwnym Spa\u00a0<a href=\"https:\/\/krakow.piwnespa.com\/oferta\/day-spa\/beer-day-spa\/\"><strong>Beer Day Spa<\/strong><\/a>: k\u0105piel piwna z degustacj\u0105 r\u00f3\u017cnorodnych piw, le\u017cakowanie na s\u0142omie i odpr\u0119\u017caj\u0105cy piwny masa\u017c cz\u0119\u015bciowy.\u00a0Rezydencja znajduje si\u0119 w Krak\u00f3wm ul. Zamoyskiego 28 \u2013 ok. 450 m od Piwnego Spa<\/div><\/div><div class=\"elementor-element elementor-element-55545d6 elementor-widget elementor-widget-text-editor\" data-id=\"55545d6\" data-element_type=\"widget\" data-widget_type=\"text-editor.default\"><div class=\"elementor-widget-container\"><p>Contactez Rezydencja Sienkiewicz\u00f3wka pour obtenir des informations et r\u00e9server un forfait :<\/p><p><a href=\"tel:601%20203%20605\">601 203 605<\/a><br\/><a href=\"tel:18%2020%20647%2022\">18 20 647 22<\/a><br\/><a href=\"mailto:sienkiewiczowka@impol.net.pl\">sienkiewiczowka@impol.net.pl<\/a><\/p><\/div><\/div>","protected":false},"excerpt":{"rendered":"<p>H\u00f4tel &amp; SPA Rezydencja Sienkiewicz\u00f3wka &amp; Beer Spa Deux nuits avec petit-d\u00e9jeunerForfait Spa pour la journ\u00e9e de la bi\u00e8re \u00a0 Fantastyczny pakiet na weekend dla par. Komfortowy nocleg z pysznym \u015bniadaniem w przytulnej\u00a0Rezydencji Sienkiewicz\u00f3wka\u00a0oraz wieczorny seans w Piwnym Spa\u00a0Beer Day Spa: k\u0105piel piwna z degustacj\u0105 r\u00f3\u017cnorodnych piw, le\u017cakowanie na s\u0142omie i odpr\u0119\u017caj\u0105cy piwny masa\u017c cz\u0119\u015bciowy.\u00a0Rezydencja [&hellip;]<\/p>\n","protected":false},"author":3,"featured_media":9080,"parent":0,"menu_order":0,"comment_status":"closed","ping_status":"closed","template":"","meta":{"_acf_changed":false,"footnotes":""},"class_list":["post-9343","page","type-page","status-publish","has-post-thumbnail","hentry"],"acf":[],"_links":{"self":[{"href":"https:\/\/krakow.piwnespa.com\/fr\/wp-json\/wp\/v2\/pages\/9343","targetHints":{"allow":["GET"]}}],"collection":[{"href":"https:\/\/krakow.piwnespa.com\/fr\/wp-json\/wp\/v2\/pages"}],"about":[{"href":"https:\/\/krakow.piwnespa.com\/fr\/wp-json\/wp\/v2\/types\/page"}],"author":[{"embeddable":true,"href":"https:\/\/krakow.piwnespa.com\/fr\/wp-json\/wp\/v2\/users\/3"}],"replies":[{"embeddable":true,"href":"https:\/\/krakow.piwnespa.com\/fr\/wp-json\/wp\/v2\/comments?post=9343"}],"version-history":[{"count":1,"href":"https:\/\/krakow.piwnespa.com\/fr\/wp-json\/wp\/v2\/pages\/9343\/revisions"}],"predecessor-version":[{"id":9346,"href":"https:\/\/krakow.piwnespa.com\/fr\/wp-json\/wp\/v2\/pages\/9343\/revisions\/9346"}],"wp:featuredmedia":[{"embeddable":true,"href":"https:\/\/krakow.piwnespa.com\/fr\/wp-json\/wp\/v2\/media\/9080"}],"wp:attachment":[{"href":"https:\/\/krakow.piwnespa.com\/fr\/wp-json\/wp\/v2\/media?parent=9343"}],"curies":[{"name":"wp","href":"https:\/\/api.w.org\/{rel}","templated":true}]}}