{"id":9287,"date":"2025-07-22T09:43:06","date_gmt":"2025-07-22T07:43:06","guid":{"rendered":"https:\/\/krakow.piwnespa.com\/reglement-sur-les-spas-a-biere\/"},"modified":"2025-11-04T14:38:29","modified_gmt":"2025-11-04T13:38:29","slug":"reglement-sur-les-spas-a-biere","status":"publish","type":"page","link":"https:\/\/krakow.piwnespa.com\/fr\/reglement-sur-les-spas-a-biere\/","title":{"rendered":"Conditions d&#8217;utilisation Beernarium Beer Spa Krakow"},"content":{"rendered":"\n<h2 class=\"wp-block-heading\">1. dispositions g\u00e9n\u00e9rales<\/h2>\n\n<p>Le pr\u00e9sent r\u00e8glement pr\u00e9cise les principes d&#8217;organisation et d&#8217;utilisation des services offerts par la station thermale Beernarium Piwne, situ\u00e9e au 13, rue Floria\u0144ska, 31-019 Cracovie.<br\/>Les d\u00e9finitions suivantes sont utilis\u00e9es dans le pr\u00e9sent r\u00e8glement :<br\/>&#8211; station thermale &#8211; Beernarium Piwne Spa \u00e0 Cracovie ;<br\/>&#8211; personnel &#8211; personnes employ\u00e9es par Beernarium Piwne Spa ;<br\/>&#8211; invit\u00e9 &#8211; personne utilisant les services de la station thermale ;<br\/>&#8211; traitement &#8211; bain, massage, peeling et autres services offerts par la station thermale.<br\/>Le Spa est ouvert du dimanche au jeudi de 14h00 \u00e0 21h30, et les vendredis et samedis de 11h00 \u00e0 23h00. Le Spa se r\u00e9serve le droit de modifier les heures d&#8217;ouverture et de fermer l&#8217;\u00e9tablissement certains jours.<br\/>La r\u00e9servation ou l&#8217;utilisation des services du Spa implique l&#8217;acceptation du pr\u00e9sent r\u00e8glement et la d\u00e9claration par le client qu&#8217;il n&#8217;y a pas de contre-indication \u00e0 l&#8217;utilisation des services.<br\/>Les enfants et les jeunes de moins de 16 ans ne peuvent utiliser les services qu&#8217;avec l&#8217;accord et en pr\u00e9sence d&#8217;un parent ou d&#8217;un tuteur l\u00e9gal.  <\/p>\n\n<h2 class=\"wp-block-heading\">2. les r\u00e9servations et les paiements<\/h2>\n\n<p>La r\u00e9servation des traitements dans le Spa peut \u00eatre faite :<br\/>&#8211; via le site web www.krakow.piwnespa.com,<br\/>&#8211; par t\u00e9l\u00e9phone au +48 451 581 552,<br\/>&#8211; par e-mail \u00e0 krakow@piwnespa.com,<br\/>&#8211; en personne \u00e0 la r\u00e9ception du Spa.<br\/>La confirmation de la r\u00e9servation n\u00e9cessite le paiement de 100% de la valeur des services command\u00e9s. Une fois le paiement effectu\u00e9, le client recevra un e-mail confirmant la date, l&#8217;heure et le lieu du service.<br\/>Si une r\u00e9servation est effectu\u00e9e dans un lieu autre que le Beernarium Beer Spa Krakow, le Spa n&#8217;est pas responsable d&#8217;un lieu incorrectement choisi. Dans ce cas, le traitement peut ne pas \u00eatre effectu\u00e9 et l&#8217;acompte ne sera pas rembours\u00e9.<br\/>Il est possible de modifier la date d&#8217;un traitement jusqu&#8217;\u00e0 24 heures avant le rendez-vous pr\u00e9vu, sans frais suppl\u00e9mentaires. Le nouveau rendez-vous ne peut pas \u00eatre annul\u00e9 \u00e0 nouveau. Un changement de date moins de 24 heures avant le rendez-vous n&#8217;est pas possible.<br\/>En cas d&#8217;annulation d&#8217;une r\u00e9servation, le client a droit \u00e0 :<br\/>&#8211; un remboursement de 100 % de la valeur du service en cas d&#8217;annulation jusqu&#8217;\u00e0 7 jours avant la date du traitement,<br\/>&#8211; un remboursement de 30 % de la valeur du service en cas d&#8217;annulation moins de 7 jours avant la date du traitement,<br\/>&#8211; aucun remboursement en cas d&#8217;annulation moins de 24 heures avant la date du rendez-vous.<br\/>Le remboursement sera effectu\u00e9 dans les 14 jours suivant la notification de l&#8217;annulation.<br\/>L&#8217;invit\u00e9 est tenu de fournir le nombre d\u00e9finitif de participants au plus tard 5 jours avant la date de la visite. Si le nombre d&#8217;invit\u00e9s est inf\u00e9rieur le jour de l&#8217;ex\u00e9cution, le prix reste factur\u00e9 en fonction du nombre de participants initialement d\u00e9clar\u00e9 et la dur\u00e9e du traitement ne change pas.<br\/>Des bons cadeaux peuvent \u00eatre achet\u00e9s via le site web ou \u00e0 la r\u00e9ception du Spa. Les bons sont valables 12 mois \u00e0 partir de la date d&#8217;achat, sauf mention contraire dans l&#8217;offre. L&#8217;achat d&#8217;un bon implique l&#8217;acceptation du r\u00e8glement du bon disponible sur le site web du Spa.<br\/>Le Spa facture les services fournis &#8211; veuillez contacter la r\u00e9ception \u00e0 ce sujet.<br\/>En l&#8217;absence de r\u00e9servation pr\u00e9alable, un client ne peut utiliser les services que s&#8217;il y a des places disponibles.       <\/p>\n\n<h2 class=\"wp-block-heading\">3 R\u00e8gles d&#8217;utilisation des services du spa<\/h2>\n\n<p>Les clients sont tenus d&#8217;arriver \u00e0 l&#8217;heure pour leur traitement programm\u00e9 &#8211; il est recommand\u00e9 d&#8217;arriver 10 \u00e0 15 minutes \u00e0 l&#8217;avance. En cas de retard, le Spa se r\u00e9serve le droit d&#8217;\u00e9courter la dur\u00e9e du traitement sans r\u00e9duction de prix.<br\/>Il est obligatoire de changer de chaussures pour des pantoufles jetables et de rev\u00eatir les accessoires fournis.<br\/>Les enregistrements vid\u00e9o et sonores ne sont autoris\u00e9s qu&#8217;avec le consentement du personnel du Spa.<br\/>Il est recommand\u00e9 aux clients de ne pas apporter de bijoux ou d&#8217;objets de valeur dans le Spa, qui n&#8217;est pas responsable de leur perte. Le Spa n&#8217;est pas responsable de leur perte.<br\/>Les personnes sous l&#8217;influence de l&#8217;alcool, de produits intoxicants, pr\u00e9sentant des plaies ouvertes, une inflammation de la peau ou constituant une menace pour les autres clients ou le personnel ne seront pas admises au Spa.<br\/>Le Spa est un espace de silence et de relaxation. Les clients sont tenus de rester silencieux et de s&#8217;abstenir de toute conversation bruyante. Le personnel a le droit de demander aux personnes perturbatrices de quitter les lieux sans remboursement.<br\/>La consommation de boissons n&#8217;est autoris\u00e9e que dans les zones d\u00e9sign\u00e9es. Il est interdit d&#8217;emporter des boissons en dehors de ces zones.<br\/>Les clients sont tenus de remplir un questionnaire de sant\u00e9 avant tout traitement.     <\/p>\n\n<h2 class=\"wp-block-heading\">4 S\u00e9curit\u00e9 et contre-indications<\/h2>\n\n<p>Il est interdit de fumer dans les thermes (<br\/>), d&#8217;apporter et de consommer sa propre nourriture et ses propres boissons (<br\/>), de consommer des drogues et d&#8217;autres substances intoxicantes (<br\/>), d&#8217;amener des animaux domestiques (<br\/>).<br\/>Les contre-indications aux services des thermes sont, entre autres, l&#8217;\u00e9pilepsie, le cancer, les infections virales avec fi\u00e8vre, la pr\u00e9sence d&#8217;un stimulateur cardiaque, les plaies ouvertes ou les blessures.<br\/>Les clients sont financi\u00e8rement responsables de tout dommage ou destruction caus\u00e9 par eux-m\u00eames ou par des personnes dont ils sont responsables.<br\/>Si les chambres sont laiss\u00e9es dans un \u00e9tat n\u00e9cessitant un nettoyage sup\u00e9rieur aux normes, le spa a le droit de facturer un suppl\u00e9ment de 200 z\u0142 par membre du personnel.<br\/>Les baignoires ne peuvent \u00eatre utilis\u00e9es que par deux personnes au maximum. Il est interdit de sauter dans les baignoires. Une baignoire suppl\u00e9mentaire peut \u00eatre mise \u00e0 disposition sur notification pr\u00e9alable et moyennant un suppl\u00e9ment.  <\/p>\n\n<h2 class=\"wp-block-heading\">5 Responsabilit\u00e9 et plaintes<\/h2>\n\n<p>Le Beer Spa n&#8217;est pas responsable des objets laiss\u00e9s \u00e0 l&#8217;ext\u00e9rieur des casiers ferm\u00e9s \u00e0 cl\u00e9 ou de toute interruption des services due \u00e0 des raisons ind\u00e9pendantes telles que des pannes ou des cas de force majeure.<br\/>Les plaintes concernant les services doivent \u00eatre d\u00e9pos\u00e9es en personne \u00e0 la r\u00e9ception du Spa ou par e-mail \u00e0 krakow@piwnespa.com dans les 7 jours suivant le service. Les plaintes sont trait\u00e9es dans un d\u00e9lai de 14 jours ouvrables \u00e0 compter de la date de notification.<br\/>Les donn\u00e9es personnelles des h\u00f4tes sont trait\u00e9es uniquement dans le but de fournir des services conform\u00e9ment aux dispositions du RODO. <\/p>\n\n<h2 class=\"wp-block-heading\">6 Dispositions finales<\/h2>\n\n<p>Le Beernarium Beer Spa se r\u00e9serve le droit de modifier ces conditions g\u00e9n\u00e9rales.<br\/>La version actuelle des conditions g\u00e9n\u00e9rales est disponible \u00e0 la r\u00e9ception du Spa et sur le site web www.krakow.piwnespa.com.<br\/><br\/><\/p>\n","protected":false},"excerpt":{"rendered":"<p>1. dispositions g\u00e9n\u00e9rales Le pr\u00e9sent r\u00e8glement pr\u00e9cise les principes d&#8217;organisation et d&#8217;utilisation des services offerts par la station thermale Beernarium Piwne, situ\u00e9e au 13, rue Floria\u0144ska, 31-019 Cracovie.Les d\u00e9finitions suivantes sont utilis\u00e9es dans le pr\u00e9sent r\u00e8glement :&#8211; station thermale &#8211; Beernarium Piwne Spa \u00e0 Cracovie ;&#8211; personnel &#8211; personnes employ\u00e9es par Beernarium Piwne Spa ;&#8211; [&hellip;]<\/p>\n","protected":false},"author":2,"featured_media":9131,"parent":0,"menu_order":0,"comment_status":"closed","ping_status":"closed","template":"","meta":{"_acf_changed":false,"footnotes":""},"class_list":["post-9287","page","type-page","status-publish","has-post-thumbnail","hentry"],"acf":[],"_links":{"self":[{"href":"https:\/\/krakow.piwnespa.com\/fr\/wp-json\/wp\/v2\/pages\/9287","targetHints":{"allow":["GET"]}}],"collection":[{"href":"https:\/\/krakow.piwnespa.com\/fr\/wp-json\/wp\/v2\/pages"}],"about":[{"href":"https:\/\/krakow.piwnespa.com\/fr\/wp-json\/wp\/v2\/types\/page"}],"author":[{"embeddable":true,"href":"https:\/\/krakow.piwnespa.com\/fr\/wp-json\/wp\/v2\/users\/2"}],"replies":[{"embeddable":true,"href":"https:\/\/krakow.piwnespa.com\/fr\/wp-json\/wp\/v2\/comments?post=9287"}],"version-history":[{"count":3,"href":"https:\/\/krakow.piwnespa.com\/fr\/wp-json\/wp\/v2\/pages\/9287\/revisions"}],"predecessor-version":[{"id":16160,"href":"https:\/\/krakow.piwnespa.com\/fr\/wp-json\/wp\/v2\/pages\/9287\/revisions\/16160"}],"wp:featuredmedia":[{"embeddable":true,"href":"https:\/\/krakow.piwnespa.com\/fr\/wp-json\/wp\/v2\/media\/9131"}],"wp:attachment":[{"href":"https:\/\/krakow.piwnespa.com\/fr\/wp-json\/wp\/v2\/media?parent=9287"}],"curies":[{"name":"wp","href":"https:\/\/api.w.org\/{rel}","templated":true}]}}