{"id":7434,"date":"2025-07-28T12:48:03","date_gmt":"2025-07-28T12:48:03","guid":{"rendered":"https:\/\/krakow.piwnespa.com\/produkt\/saela-bier-kosmetik\/"},"modified":"2025-07-28T12:48:03","modified_gmt":"2025-07-28T10:48:03","slug":"saela-bier-kosmetik","status":"publish","type":"product","link":"https:\/\/krakow.piwnespa.com\/de\/produkt\/saela-bier-kosmetik\/","title":{"rendered":"Saela Bier Kosmetik"},"content":{"rendered":"<div class=\"elementor-element elementor-element-168cc799 elementor-widget elementor-widget-woocommerce-product-short-description\" data-id=\"168cc799\" data-element_type=\"widget\" data-widget_type=\"woocommerce-product-short-description.default\">\n<div class=\"elementor-widget-container\">\n<div class=\"woocommerce-product-details__short-description\">\n<p>Ein Set mit Bierkosmetik von SAELA.<\/p>\n<p>Es handelt sich um einzigartige Pr\u00e4parate, die das ber\u00fchmte tschechische Bier, Hopfenextrakt und Bierhefe in ihrer Zusammensetzung enthalten. Alle Kosmetika sind hypoallergen, mild und haben einen angenehmen, fruchtigen Duft. Die Produkte sind sowohl f\u00fcr M\u00e4nner und Frauen als auch f\u00fcr Kinder ab 3 Jahren geeignet. Bei regelm\u00e4\u00dfiger Anwendung halten sie die Haut feucht, geschmeidig, weich und seidig.   <\/p>\n<p>Enthalten:<\/p>\n<p>&#8211; 1 x Duschgel 300 ml<br \/>\n&#8211; 1 x Peeling 300 ml<br \/>\n&#8211; 1 x Maske f\u00fcr Gesicht, Hals und Dekollet\u00e9<\/p>\n<p><strong>Das Set ist perfekt f\u00fcr ein Geschenk!  <\/strong><\/p>\n<p>Versand in eleganter Kraftverpackung.<\/p>\n<\/div>\n<\/div>\n<\/div>\n","protected":false},"excerpt":{"rendered":"<p>Ein Set mit Bierkosmetik von SAELA. Es handelt sich um einzigartige Pr\u00e4parate, die das ber\u00fchmte tschechische Bier, Hopfenextrakt und Bierhefe in ihrer Zusammensetzung enthalten. Alle Kosmetika sind hypoallergen, mild und haben einen angenehmen, fruchtigen Duft. Die Produkte sind sowohl f\u00fcr M\u00e4nner und Frauen als auch f\u00fcr Kinder ab 3 Jahren geeignet. Bei regelm\u00e4\u00dfiger Anwendung halten [&hellip;]<\/p>\n","protected":false},"featured_media":3122,"comment_status":"open","ping_status":"closed","template":"","meta":{"_acf_changed":false},"product_brand":[],"product_cat":[165],"product_tag":[],"class_list":{"0":"post-7434","1":"product","2":"type-product","3":"status-publish","4":"has-post-thumbnail","6":"product_cat-bier-kosmetik","8":"first","9":"outofstock","10":"taxable","11":"shipping-taxable","12":"purchasable","13":"product-type-simple"},"acf":[],"_links":{"self":[{"href":"https:\/\/krakow.piwnespa.com\/de\/wp-json\/wp\/v2\/product\/7434","targetHints":{"allow":["GET"]}}],"collection":[{"href":"https:\/\/krakow.piwnespa.com\/de\/wp-json\/wp\/v2\/product"}],"about":[{"href":"https:\/\/krakow.piwnespa.com\/de\/wp-json\/wp\/v2\/types\/product"}],"replies":[{"embeddable":true,"href":"https:\/\/krakow.piwnespa.com\/de\/wp-json\/wp\/v2\/comments?post=7434"}],"wp:featuredmedia":[{"embeddable":true,"href":"https:\/\/krakow.piwnespa.com\/de\/wp-json\/wp\/v2\/media\/3122"}],"wp:attachment":[{"href":"https:\/\/krakow.piwnespa.com\/de\/wp-json\/wp\/v2\/media?parent=7434"}],"wp:term":[{"taxonomy":"product_brand","embeddable":true,"href":"https:\/\/krakow.piwnespa.com\/de\/wp-json\/wp\/v2\/product_brand?post=7434"},{"taxonomy":"product_cat","embeddable":true,"href":"https:\/\/krakow.piwnespa.com\/de\/wp-json\/wp\/v2\/product_cat?post=7434"},{"taxonomy":"product_tag","embeddable":true,"href":"https:\/\/krakow.piwnespa.com\/de\/wp-json\/wp\/v2\/product_tag?post=7434"}],"curies":[{"name":"wp","href":"https:\/\/api.w.org\/{rel}","templated":true}]}}