{"id":7399,"date":"2025-07-18T05:15:22","date_gmt":"2025-07-18T05:15:22","guid":{"rendered":"https:\/\/krakow.piwnespa.com\/produkt\/gutschein-spa-zakopane\/"},"modified":"2025-12-05T14:39:23","modified_gmt":"2025-12-05T13:39:23","slug":"gutschein-spa-zakopane","status":"publish","type":"product","link":"https:\/\/krakow.piwnespa.com\/de\/produkt\/gutschein-spa-zakopane\/","title":{"rendered":"Wellness-Gutschein Krakau"},"content":{"rendered":"<h3 style=\"text-align: center;\">Ein Gutschein f\u00fcr eine beliebige Behandlung f\u00fcr zwei oder f\u00fcr eine Person:<\/h3>\n<p>&nbsp;<\/p>\n<p><strong>Bierbad mit Verkostung<\/strong><\/p>\n<p>&#8211; ist die perfekte Wahl f\u00fcr Bierliebhaber. Das Bad wird durch das Aufl\u00f6sen von nat\u00fcrlichem Bier und Bierbad\u00f6l in Wasser zubereitet. Die Behandlung wird von einer Bierverkostung aus dem Browar Zamkowy Cieszyn begleitet.  <\/p>\n<p>&nbsp;<\/p>\n<p><strong>Weinbad mit Verkostung<\/strong><\/p>\n<p>&#8211; Zubereitet mit Hilfe von Weinextraktion in Form eines Badeschaums. Er unterst\u00fctzt den Abbau von Fettgewebe und Cellulite. Das Bad wird von einer Weinverkostung begleitet.  <\/p>\n<p>&nbsp;<\/p>\n<p><strong>VIP-Bier- oder Weinbad mit Sauna und unbegrenzter Verkostung<\/strong><\/p>\n<p>&#8211; W\u00e4rmen Sie sich in der Sauna auf, w\u00e4hlen Sie Ihren Badetyp und genie\u00dfen Sie unbegrenzte Verkostungen. Das VIP-Bad ist eine tolle Geschenkidee in Form eines Gutscheins. <\/p>\n<p>&nbsp;<\/p>\n<p><strong>Romantisches Milchbad<\/strong><\/p>\n<p>&#8211; Ein Saunagang, ein romantisches Bad in Ziegenmilch, dekoriert mit Rosenbl\u00e4ttern, begleitet von einer Prosecco-Verkostung. Und das alles in einer intimen Atmosph\u00e4re bei Kerzenlicht. Ein Gutschein f\u00fcr ein romantisches Bad im Spa in Krakau ist das perfekte Geschenk f\u00fcr Frischverm\u00e4hlte.  <\/p>\n<p>&nbsp;<\/p>\n<p><strong>Bad Gold  <\/strong><\/p>\n<p>\u2013 Ein Milchbad, das mit Goldpartikeln schimmert und mit schwebenden Rosenbl\u00e4ttern verziert ist, ist ein wahrer Genuss f\u00fcr die Sinne. Beruhigende Aromen, sanfte Musik und Kerzenschein \u2013 das ist die perfekte Kulisse f\u00fcr einen Abend zu zweit. Ein Glas Prosecco unterstreicht zus\u00e4tzlich die Einzigartigkeit dieses Erlebnisses.  <\/p>\n<p>&nbsp;<\/p>\n<p><strong>Bier Day Spa Paket<\/strong><\/p>\n<p>&#8211; Bierbad + Verkostung verschiedener Craft-Biere von Browar Zamkowy Cieszyn + Teilentspannungsmassage. Ein Gutschein f\u00fcr das Spa in Krakau f\u00fcr eine Beer Day Spa-Behandlung ist das perfekte Geschenk f\u00fcr Bierliebhaber. <\/p>\n<p>&nbsp;<\/p>\n<p><strong>Spezielles Day Spa Paket<\/strong><\/p>\n<p>&#8211; VIP-Bad + holistische Entspannungsmassage. Es ist eine Behandlung f\u00fcr Menschen, die sich Entspannung auf h\u00f6chstem Niveau w\u00fcnschen. Sie suchen einen Gutschein f\u00fcr das Spa in Krakau? Schenken Sie einem geliebten Menschen ein unvergessliches Erlebnis und gl\u00fcckselige Entspannung mit einer Special Day Spa-Behandlung.   <\/p>\n<p>&nbsp;<\/p>\n<p><strong>Liebe Day Spa Paket<\/strong><\/p>\n<p>&#8211; Romantisches Bad + Teilentspannungsmassage. Ein Gutschein f\u00fcr diese Behandlung geht sehr oft an Frischverm\u00e4hlte. <\/p>\n<p>&nbsp;<\/p>\n<p><strong>Gold Day Spa Paket<\/strong><\/p>\n<p>\u2013 Goldbad + Ganzk\u00f6rpermassage auf Basis von Sheabutter und kolloidalem Gold. Die Massage hilft Ihnen, verspannte Muskeln zu entspannen und gemeinsam einen Moment nur f\u00fcr Sie zu genie\u00dfen. Das gesamte Ritual findet in der Privatsph\u00e4re eines privaten Badezimmers statt.  <\/p>\n<p>&nbsp;<\/p>\n<p><strong>Entspannung, Bier, klassische oder Kerzenmassage<\/strong><\/p>\n<p>&#8211; Liebhaber von Massagen werden sich \u00fcber einen Gutschein f\u00fcr das Beer Spa in Krakau freuen, mit dem Sie bei einer Massage durch einen qualifizierten Physiotherapeuten herrlich entspannen k\u00f6nnen.<\/p>\n","protected":false},"excerpt":{"rendered":"<p>Ein Gutschein f\u00fcr eine beliebige Behandlung f\u00fcr zwei oder f\u00fcr eine Person: &nbsp; Bierbad mit Verkostung &#8211; ist die perfekte Wahl f\u00fcr Bierliebhaber. Das Bad wird durch das Aufl\u00f6sen von nat\u00fcrlichem Bier und Bierbad\u00f6l in Wasser zubereitet. Die Behandlung wird von einer Bierverkostung aus dem Browar Zamkowy Cieszyn begleitet. &nbsp; Weinbad mit Verkostung &#8211; Zubereitet [&hellip;]<\/p>\n","protected":false},"featured_media":12200,"comment_status":"open","ping_status":"closed","template":"","meta":{"_acf_changed":false},"product_brand":[],"product_cat":[163],"product_tag":[485],"class_list":{"0":"post-7399","1":"product","2":"type-product","3":"status-publish","4":"has-post-thumbnail","6":"product_cat-geschenkgutschein","7":"product_tag-voucher-de","8":"product_shipping_class-elektronische-zustellung","9":"pa_zabiegi-bad-gold-1-person","10":"pa_zabiegi-bad-gold-2-personen","11":"pa_zabiegi-bier-day-spa-1-person","12":"pa_zabiegi-bier-day-spa-2-personen","13":"pa_zabiegi-bier-gesichtsbehandlung-1-person","14":"pa_zabiegi-bier-gesichtsbehandlung-2-personen","15":"pa_zabiegi-bierbad-1-person","16":"pa_zabiegi-bierbad-2-personen","17":"pa_zabiegi-biermassage-1-person","18":"pa_zabiegi-biermassage-2-personen","19":"pa_zabiegi-entspannungsmassage-fur-den-ganzen-korper-1-person","20":"pa_zabiegi-entspannungsmassage-fur-den-ganzen-korper-2-personen","21":"pa_zabiegi-gold-day-spa-1-person-de","22":"pa_zabiegi-gold-day-spa-2-personen","23":"pa_zabiegi-kerzenmassage-1-person","24":"pa_zabiegi-kerzenmassage-2-personen","25":"pa_zabiegi-klassische-massage-1-person","26":"pa_zabiegi-klassische-massage-2-personen","27":"pa_zabiegi-liebe-day-spa-1-person","28":"pa_zabiegi-liebe-day-spa-2-personen","29":"pa_zabiegi-romantisches-bad-1-person","30":"pa_zabiegi-romantisches-bad-2-personen","31":"pa_zabiegi-spezial-day-spa-1-person","32":"pa_zabiegi-spezial-day-spa-2-personen","33":"pa_zabiegi-teilweise-entspannungsmassage-1-person","34":"pa_zabiegi-teilweise-entspannungsmassage-2-personen","35":"pa_zabiegi-vip-bad-1-person","36":"pa_zabiegi-vip-bad-2-personen","37":"pa_zabiegi-weinbad-1-person","38":"pa_zabiegi-weinbad-2-personen","40":"first","41":"instock","42":"taxable","43":"shipping-taxable","44":"purchasable","45":"product-type-variable"},"acf":[],"_links":{"self":[{"href":"https:\/\/krakow.piwnespa.com\/de\/wp-json\/wp\/v2\/product\/7399","targetHints":{"allow":["GET"]}}],"collection":[{"href":"https:\/\/krakow.piwnespa.com\/de\/wp-json\/wp\/v2\/product"}],"about":[{"href":"https:\/\/krakow.piwnespa.com\/de\/wp-json\/wp\/v2\/types\/product"}],"replies":[{"embeddable":true,"href":"https:\/\/krakow.piwnespa.com\/de\/wp-json\/wp\/v2\/comments?post=7399"}],"wp:featuredmedia":[{"embeddable":true,"href":"https:\/\/krakow.piwnespa.com\/de\/wp-json\/wp\/v2\/media\/12200"}],"wp:attachment":[{"href":"https:\/\/krakow.piwnespa.com\/de\/wp-json\/wp\/v2\/media?parent=7399"}],"wp:term":[{"taxonomy":"product_brand","embeddable":true,"href":"https:\/\/krakow.piwnespa.com\/de\/wp-json\/wp\/v2\/product_brand?post=7399"},{"taxonomy":"product_cat","embeddable":true,"href":"https:\/\/krakow.piwnespa.com\/de\/wp-json\/wp\/v2\/product_cat?post=7399"},{"taxonomy":"product_tag","embeddable":true,"href":"https:\/\/krakow.piwnespa.com\/de\/wp-json\/wp\/v2\/product_tag?post=7399"}],"curies":[{"name":"wp","href":"https:\/\/api.w.org\/{rel}","templated":true}]}}