{"id":16107,"date":"2025-10-23T15:53:38","date_gmt":"2025-10-23T13:53:38","guid":{"rendered":"https:\/\/krakow.piwnespa.com\/produkt\/bier-duschgel\/"},"modified":"2025-10-23T15:53:38","modified_gmt":"2025-10-23T13:53:38","slug":"bier-duschgel","status":"publish","type":"product","link":"https:\/\/krakow.piwnespa.com\/de\/produkt\/bier-duschgel\/","title":{"rendered":"Bier-Duschgel"},"content":{"rendered":"<div class=\"elementor-element elementor-element-9910a69 elementor-widget elementor-widget-woocommerce-product-short-description\" data-id=\"9910a69\" data-element_type=\"widget\" data-widget_type=\"woocommerce-product-short-description.default\">\n<div class=\"elementor-widget-container\">\n<div class=\"woocommerce-product-details__short-description\">\n<p>Die Kosmetika von Saela werden seit 1999 in einer kleinen tschechischen Manufaktur in Brumovice von Hand hergestellt. Sie enthalten nat\u00fcrliche Inhaltsstoffe wie tschechisches Bier, Hopfenextrakt und Bierhefe und sind frei von synthetischen Farbstoffen, was sie auch f\u00fcr Kinder sicher macht. <\/p>\n<p>Feuchtigkeitsspendendes Duschgel mit<strong> Bier (bis zu 30%)<\/strong> und B-Vitaminen, unterst\u00fctzt die vollst\u00e4ndige Regeneration der Haut bei t\u00e4glicher Anwendung. Ideal f\u00fcr trockene Haut, die zu Schuppenbildung, Rissen und Juckreiz neigt. Bereits nach der ersten Anwendung spendet es der Haut intensive Feuchtigkeit und Elastizit\u00e4t.  <\/p>\n<p>Fassungsverm\u00f6gen: 300 ml<\/p>\n<\/div>\n<\/div>\n<\/div>\n","protected":false},"excerpt":{"rendered":"<p>Die Kosmetika von Saela werden seit 1999 in einer kleinen tschechischen Manufaktur in Brumovice von Hand hergestellt. Sie enthalten nat\u00fcrliche Inhaltsstoffe wie tschechisches Bier, Hopfenextrakt und Bierhefe und sind frei von synthetischen Farbstoffen, was sie auch f\u00fcr Kinder sicher macht. Feuchtigkeitsspendendes Duschgel mit Bier (bis zu 30%) und B-Vitaminen, unterst\u00fctzt die vollst\u00e4ndige Regeneration der Haut [&hellip;]<\/p>\n","protected":false},"featured_media":11845,"comment_status":"open","ping_status":"closed","template":"","meta":{"_acf_changed":false},"product_brand":[],"product_cat":[165],"product_tag":[],"class_list":{"0":"post-16107","1":"product","2":"type-product","3":"status-publish","4":"has-post-thumbnail","6":"product_cat-bier-kosmetik","8":"first","9":"instock","10":"taxable","11":"shipping-taxable","12":"purchasable","13":"product-type-simple"},"acf":[],"_links":{"self":[{"href":"https:\/\/krakow.piwnespa.com\/de\/wp-json\/wp\/v2\/product\/16107","targetHints":{"allow":["GET"]}}],"collection":[{"href":"https:\/\/krakow.piwnespa.com\/de\/wp-json\/wp\/v2\/product"}],"about":[{"href":"https:\/\/krakow.piwnespa.com\/de\/wp-json\/wp\/v2\/types\/product"}],"replies":[{"embeddable":true,"href":"https:\/\/krakow.piwnespa.com\/de\/wp-json\/wp\/v2\/comments?post=16107"}],"wp:featuredmedia":[{"embeddable":true,"href":"https:\/\/krakow.piwnespa.com\/de\/wp-json\/wp\/v2\/media\/11845"}],"wp:attachment":[{"href":"https:\/\/krakow.piwnespa.com\/de\/wp-json\/wp\/v2\/media?parent=16107"}],"wp:term":[{"taxonomy":"product_brand","embeddable":true,"href":"https:\/\/krakow.piwnespa.com\/de\/wp-json\/wp\/v2\/product_brand?post=16107"},{"taxonomy":"product_cat","embeddable":true,"href":"https:\/\/krakow.piwnespa.com\/de\/wp-json\/wp\/v2\/product_cat?post=16107"},{"taxonomy":"product_tag","embeddable":true,"href":"https:\/\/krakow.piwnespa.com\/de\/wp-json\/wp\/v2\/product_tag?post=16107"}],"curies":[{"name":"wp","href":"https:\/\/api.w.org\/{rel}","templated":true}]}}