{"id":16099,"date":"2025-10-11T05:23:00","date_gmt":"2025-10-11T03:23:00","guid":{"rendered":"https:\/\/krakow.piwnespa.com\/produkt\/bier-fluessigseife\/"},"modified":"2025-10-11T05:23:00","modified_gmt":"2025-10-11T03:23:00","slug":"bier-fluessigseife","status":"publish","type":"product","link":"https:\/\/krakow.piwnespa.com\/de\/produkt\/bier-fluessigseife\/","title":{"rendered":"Bier Fl\u00fcssigseife"},"content":{"rendered":"<p>Die Kosmetika von Saela werden seit 1999 in einer kleinen tschechischen Manufaktur in Brumovice von Hand hergestellt. Sie enthalten nat\u00fcrliche Inhaltsstoffe wie tschechisches Bier, Hopfenextrakt und Bierhefe und sind frei von synthetischen Farbstoffen, was sie auch f\u00fcr Kinder sicher macht. <\/p>\n<p>Die milde<strong> Seife mit Bier (bis zu 30% der Zusammensetzung)<\/strong> ist reich an wertvollen Vitaminen und Mikro- und Makroelementen wie B-Vitaminen, Kalium, Eisen und Proteinen.<\/p>\n<p>Die handgefertigte Creme ist perfekt f\u00fcr trockene Haut, die zu Schuppenbildung, Rissen und Juckreiz neigt. Dank ihrer hypoallergenen Formel ist sie f\u00fcr die t\u00e4gliche Anwendung geeignet. Sie ist sowohl f\u00fcr die Dusche als auch f\u00fcr die Badewanne geeignet. Die praktische Pumpe sorgt f\u00fcr eine einfache und pr\u00e4zise Dosierung des Produkts.   <\/p>\n<p>Fassungsverm\u00f6gen: 500 ml<\/p>\n","protected":false},"excerpt":{"rendered":"<p>Die Kosmetika von Saela werden seit 1999 in einer kleinen tschechischen Manufaktur in Brumovice von Hand hergestellt. Sie enthalten nat\u00fcrliche Inhaltsstoffe wie tschechisches Bier, Hopfenextrakt und Bierhefe und sind frei von synthetischen Farbstoffen, was sie auch f\u00fcr Kinder sicher macht. Die milde Seife mit Bier (bis zu 30% der Zusammensetzung) ist reich an wertvollen Vitaminen [&hellip;]<\/p>\n","protected":false},"featured_media":11424,"comment_status":"open","ping_status":"closed","template":"","meta":{"_acf_changed":false},"product_brand":[],"product_cat":[163],"product_tag":[],"class_list":{"0":"post-16099","1":"product","2":"type-product","3":"status-publish","4":"has-post-thumbnail","6":"product_cat-geschenkgutschein","8":"first","9":"instock","10":"taxable","11":"shipping-taxable","12":"purchasable","13":"product-type-simple"},"acf":[],"_links":{"self":[{"href":"https:\/\/krakow.piwnespa.com\/de\/wp-json\/wp\/v2\/product\/16099","targetHints":{"allow":["GET"]}}],"collection":[{"href":"https:\/\/krakow.piwnespa.com\/de\/wp-json\/wp\/v2\/product"}],"about":[{"href":"https:\/\/krakow.piwnespa.com\/de\/wp-json\/wp\/v2\/types\/product"}],"replies":[{"embeddable":true,"href":"https:\/\/krakow.piwnespa.com\/de\/wp-json\/wp\/v2\/comments?post=16099"}],"wp:featuredmedia":[{"embeddable":true,"href":"https:\/\/krakow.piwnespa.com\/de\/wp-json\/wp\/v2\/media\/11424"}],"wp:attachment":[{"href":"https:\/\/krakow.piwnespa.com\/de\/wp-json\/wp\/v2\/media?parent=16099"}],"wp:term":[{"taxonomy":"product_brand","embeddable":true,"href":"https:\/\/krakow.piwnespa.com\/de\/wp-json\/wp\/v2\/product_brand?post=16099"},{"taxonomy":"product_cat","embeddable":true,"href":"https:\/\/krakow.piwnespa.com\/de\/wp-json\/wp\/v2\/product_cat?post=16099"},{"taxonomy":"product_tag","embeddable":true,"href":"https:\/\/krakow.piwnespa.com\/de\/wp-json\/wp\/v2\/product_tag?post=16099"}],"curies":[{"name":"wp","href":"https:\/\/api.w.org\/{rel}","templated":true}]}}