{"id":16087,"date":"2025-10-11T05:21:20","date_gmt":"2025-10-11T03:21:20","guid":{"rendered":"https:\/\/krakow.piwnespa.com\/produkt\/bier-badeoel\/"},"modified":"2025-10-11T05:21:20","modified_gmt":"2025-10-11T03:21:20","slug":"bier-badeoel","status":"publish","type":"product","link":"https:\/\/krakow.piwnespa.com\/de\/produkt\/bier-badeoel\/","title":{"rendered":"Bier-Bade\u00f6l"},"content":{"rendered":"<p>Die Kosmetika von Saela werden seit 1999 in einer kleinen tschechischen Manufaktur in Brumovice von Hand hergestellt. Sie enthalten nat\u00fcrliche Inhaltsstoffe wie tschechisches Bier, Hopfenextrakt und Bierhefe und sind frei von synthetischen Farbstoffen, was sie auch f\u00fcr Kinder sicher macht. <\/p>\n<p>Das intensiv feuchtigkeitsspendende Bade\u00f6l mit <strong>hohem Bieranteil (bis zu 30%)<\/strong> unterst\u00fctzt die Vitalisierung der Haut und befreit sie von Schadstoffen. Schon ein 15-min\u00fctiges Bad reicht aus, um die Haut weich, angenehm und samtig zu machen. <\/p>\n<p>Fassungsverm\u00f6gen: 500 ml<\/p>\n","protected":false},"excerpt":{"rendered":"<p>Die Kosmetika von Saela werden seit 1999 in einer kleinen tschechischen Manufaktur in Brumovice von Hand hergestellt. Sie enthalten nat\u00fcrliche Inhaltsstoffe wie tschechisches Bier, Hopfenextrakt und Bierhefe und sind frei von synthetischen Farbstoffen, was sie auch f\u00fcr Kinder sicher macht. Das intensiv feuchtigkeitsspendende Bade\u00f6l mit hohem Bieranteil (bis zu 30%) unterst\u00fctzt die Vitalisierung der Haut [&hellip;]<\/p>\n","protected":false},"featured_media":11401,"comment_status":"open","ping_status":"closed","template":"","meta":{"_acf_changed":false},"product_brand":[],"product_cat":[163],"product_tag":[],"class_list":{"0":"post-16087","1":"product","2":"type-product","3":"status-publish","4":"has-post-thumbnail","6":"product_cat-geschenkgutschein","8":"first","9":"instock","10":"taxable","11":"shipping-taxable","12":"purchasable","13":"product-type-simple"},"acf":[],"_links":{"self":[{"href":"https:\/\/krakow.piwnespa.com\/de\/wp-json\/wp\/v2\/product\/16087","targetHints":{"allow":["GET"]}}],"collection":[{"href":"https:\/\/krakow.piwnespa.com\/de\/wp-json\/wp\/v2\/product"}],"about":[{"href":"https:\/\/krakow.piwnespa.com\/de\/wp-json\/wp\/v2\/types\/product"}],"replies":[{"embeddable":true,"href":"https:\/\/krakow.piwnespa.com\/de\/wp-json\/wp\/v2\/comments?post=16087"}],"wp:featuredmedia":[{"embeddable":true,"href":"https:\/\/krakow.piwnespa.com\/de\/wp-json\/wp\/v2\/media\/11401"}],"wp:attachment":[{"href":"https:\/\/krakow.piwnespa.com\/de\/wp-json\/wp\/v2\/media?parent=16087"}],"wp:term":[{"taxonomy":"product_brand","embeddable":true,"href":"https:\/\/krakow.piwnespa.com\/de\/wp-json\/wp\/v2\/product_brand?post=16087"},{"taxonomy":"product_cat","embeddable":true,"href":"https:\/\/krakow.piwnespa.com\/de\/wp-json\/wp\/v2\/product_cat?post=16087"},{"taxonomy":"product_tag","embeddable":true,"href":"https:\/\/krakow.piwnespa.com\/de\/wp-json\/wp\/v2\/product_tag?post=16087"}],"curies":[{"name":"wp","href":"https:\/\/api.w.org\/{rel}","templated":true}]}}