{"id":16078,"date":"2025-10-11T05:15:59","date_gmt":"2025-10-11T03:15:59","guid":{"rendered":"https:\/\/krakow.piwnespa.com\/produkt\/bier-haarshampoo\/"},"modified":"2025-10-11T05:15:59","modified_gmt":"2025-10-11T03:15:59","slug":"bier-haarshampoo","status":"publish","type":"product","link":"https:\/\/krakow.piwnespa.com\/de\/produkt\/bier-haarshampoo\/","title":{"rendered":"Bier Haarshampoo"},"content":{"rendered":"<p>Die Kosmetika von Saela werden seit 1999 in einer kleinen tschechischen Manufaktur in Brumovice von Hand hergestellt. Sie enthalten nat\u00fcrliche Inhaltsstoffe wie tschechisches Bier, Hopfenextrakt und Bierhefe und sind frei von synthetischen Farbstoffen, was sie auch f\u00fcr Kinder sicher macht. <\/p>\n<p>Bier ist eine Fundgrube an Mineralien, die das Wachstum der Haarfollikel f\u00f6rdern und dazu beitragen, dass das Haar l\u00e4nger frisch bleibt. Das Shampoo gegen Haarausfall von Saela, das sich durch seinen sehr hohen Bieranteil (bis zu 30%) auszeichnet, <strong>hat das Lob der Kunden gewonnen und ist zu einem unserer Bestseller geworden<\/strong>. <\/p>\n<p>Das Moisturising Beer Shampoo verleiht dem Haar ein gesundes Aussehen, Glanz und st\u00e4rkt seine Struktur, w\u00e4hrend es gleichzeitig an Volumen gewinnt. Dank der reichhaltigen Vitamine, die im Bier enthalten sind, n\u00e4hrt es das Haar, f\u00f6rdert die Regeneration der Kopfhaut und verbessert den Gesamtzustand des Haares. Der enthaltene Hopfen hat eine beruhigende Wirkung, beseitigt Juckreiz und f\u00f6rdert ein gesundes Haarwachstum.  <\/p>\n<p>Die Shampooformel von Saela wurde f\u00fcr Menschen mit einer Neigung zu fettigem Haar entwickelt. Bei regelm\u00e4\u00dfiger Anwendung ist die Wirkung schnell sp\u00fcrbar. Das Produkt ist ideal f\u00fcr die t\u00e4gliche Pflege.  <\/p>\n<p>Fassungsverm\u00f6gen: 300 ml<\/p>\n","protected":false},"excerpt":{"rendered":"<p>Das Moisturising Beer Shampoo verleiht dem Haar ein gesundes Aussehen, Glanz und st\u00e4rkt seine Struktur, w\u00e4hrend es gleichzeitig an Volumen gewinnt. Dank der reichhaltigen Vitamine, die im Bier enthalten sind, n\u00e4hrt es das Haar, f\u00f6rdert die Regeneration der Kopfhaut und verbessert den Gesamtzustand des Haares. Der enthaltene Hopfen hat eine beruhigende Wirkung, beseitigt Juckreiz und f\u00f6rdert ein gesundes Haarwachstum.  <\/p>\n","protected":false},"featured_media":11364,"comment_status":"open","ping_status":"closed","template":"","meta":{"_acf_changed":false},"product_brand":[],"product_cat":[163],"product_tag":[],"class_list":{"0":"post-16078","1":"product","2":"type-product","3":"status-publish","4":"has-post-thumbnail","6":"product_cat-geschenkgutschein","8":"first","9":"instock","10":"taxable","11":"shipping-taxable","12":"purchasable","13":"product-type-simple"},"acf":[],"_links":{"self":[{"href":"https:\/\/krakow.piwnespa.com\/de\/wp-json\/wp\/v2\/product\/16078","targetHints":{"allow":["GET"]}}],"collection":[{"href":"https:\/\/krakow.piwnespa.com\/de\/wp-json\/wp\/v2\/product"}],"about":[{"href":"https:\/\/krakow.piwnespa.com\/de\/wp-json\/wp\/v2\/types\/product"}],"replies":[{"embeddable":true,"href":"https:\/\/krakow.piwnespa.com\/de\/wp-json\/wp\/v2\/comments?post=16078"}],"wp:featuredmedia":[{"embeddable":true,"href":"https:\/\/krakow.piwnespa.com\/de\/wp-json\/wp\/v2\/media\/11364"}],"wp:attachment":[{"href":"https:\/\/krakow.piwnespa.com\/de\/wp-json\/wp\/v2\/media?parent=16078"}],"wp:term":[{"taxonomy":"product_brand","embeddable":true,"href":"https:\/\/krakow.piwnespa.com\/de\/wp-json\/wp\/v2\/product_brand?post=16078"},{"taxonomy":"product_cat","embeddable":true,"href":"https:\/\/krakow.piwnespa.com\/de\/wp-json\/wp\/v2\/product_cat?post=16078"},{"taxonomy":"product_tag","embeddable":true,"href":"https:\/\/krakow.piwnespa.com\/de\/wp-json\/wp\/v2\/product_tag?post=16078"}],"curies":[{"name":"wp","href":"https:\/\/api.w.org\/{rel}","templated":true}]}}