{"id":7539,"date":"2025-07-22T09:43:06","date_gmt":"2025-07-22T07:43:06","guid":{"rendered":"https:\/\/krakow.piwnespa.com\/bierkurverordnung\/"},"modified":"2025-11-04T14:38:28","modified_gmt":"2025-11-04T13:38:28","slug":"bierkurverordnung","status":"publish","type":"page","link":"https:\/\/krakow.piwnespa.com\/de\/bierkurverordnung\/","title":{"rendered":"Allgemeine Gesch\u00e4ftsbedingungen Beernarium Beer Spa Krakow"},"content":{"rendered":"\n<h2 class=\"wp-block-heading\">1. Allgemeine Bestimmungen<\/h2>\n\n<p>Diese Gesch\u00e4ftsordnung legt die Grunds\u00e4tze der Organisation und der Nutzung der Dienstleistungen des Beernarium Piwne Spa in der Floria\u0144ska Stra\u00dfe 13, 31-019 Krakau fest.<br\/>Die folgenden Definitionen werden in dieser Gesch\u00e4ftsordnung verwendet:<br\/>&#8211; Spa &#8211; Beernarium Piwne Spa in Krakau;<br\/>&#8211; Mitarbeiter &#8211; Personen, die im Beernarium Piwne Spa besch\u00e4ftigt sind;<br\/>&#8211; Gast &#8211; eine Person, die die Dienstleistungen des Spa in Anspruch nimmt;<br\/>&#8211; Behandlung &#8211; Bad, Massage, Peeling und andere vom Spa angebotene Dienstleistungen.<br\/>Das Spa ist sonntags bis donnerstags von 14:00 bis 21:30 Uhr und freitags und samstags von 11:00 bis 23:00 Uhr ge\u00f6ffnet. Das Spa beh\u00e4lt sich das Recht vor, die \u00d6ffnungszeiten zu \u00e4ndern und die Einrichtung an bestimmten Tagen zu schlie\u00dfen.<br\/>Eine Reservierung oder die Inanspruchnahme der Spa-Dienstleistungen setzt die Annahme dieser Regeln und Vorschriften sowie eine Erkl\u00e4rung des Gastes voraus, dass keine gesundheitlichen Gegenanzeigen f\u00fcr die Inanspruchnahme der Dienstleistungen vorliegen.<br\/>Kinder und Jugendliche unter 16 Jahren d\u00fcrfen die Dienstleistungen nur mit Zustimmung und in Anwesenheit eines Elternteils oder Erziehungsberechtigten in Anspruch nehmen.  <\/p>\n\n<h2 class=\"wp-block-heading\">2. reservierungen und Zahlungen<\/h2>\n\n<p>Reservierungen von Behandlungen im Spa k\u00f6nnen vorgenommen werden:<br\/>&#8211; \u00fcber die Website www.krakow.piwnespa.com,<br\/>&#8211; telefonisch unter +48 451 581 552,<br\/>&#8211; per E-Mail an krakow@piwnespa.com,<br\/>&#8211; pers\u00f6nlich an der Spa-Rezeption.<br\/>Die Best\u00e4tigung der Reservierung erfordert die Zahlung von 100% des Wertes der bestellten Dienstleistungen. Nach erfolgter Zahlung erh\u00e4lt der Gast eine E-Mail, in der Datum, Uhrzeit und Ort der Dienstleistung best\u00e4tigt werden.<br\/>Wenn eine Buchung an einem anderen Ort als dem Beernarium Beer Spa Krakau vorgenommen wird, ist das Spa nicht f\u00fcr einen falsch gew\u00e4hlten Ort verantwortlich. In einem solchen Fall kann die Behandlung nicht durchgef\u00fchrt werden und die Anzahlung wird nicht zur\u00fcckerstattet.<br\/>\u00c4nderungen eines Behandlungstermins k\u00f6nnen bis zu 24 Stunden vor dem geplanten Termin ohne zus\u00e4tzliche Kosten vorgenommen werden. Der neue Termin kann nicht mehr storniert werden. Eine Termin\u00e4nderung weniger als 24 Stunden vor dem Termin ist nicht m\u00f6glich.<br\/>Die Stornierung einer Reservierung berechtigt den Gast zu:<br\/>&#8211; 100% Erstattung des Wertes der Dienstleistung bei Stornierung bis zu 7 Tagen vor dem Behandlungstermin,<br\/>&#8211; 30% Erstattung des Wertes bei Stornierung weniger als 7 Tage vor dem Behandlungstermin,<br\/>&#8211; keine Erstattung bei Stornierung weniger als 24 Stunden vor dem Termin.<br\/>Die R\u00fcckerstattung erfolgt innerhalb von 14 Tagen nach der Stornierungsmitteilung.<br\/>Der Gast ist verpflichtet, die endg\u00fcltige Teilnehmerzahl sp\u00e4testens 5 Tage vor dem Datum des Besuchs mitzuteilen. Im Falle einer geringeren Anzahl von G\u00e4sten am Tag der Durchf\u00fchrung wird die Geb\u00fchr weiterhin entsprechend der urspr\u00fcnglich angegebenen Teilnehmerzahl berechnet und die Dauer der Behandlung \u00e4ndert sich nicht.<br\/>Geschenkgutscheine k\u00f6nnen \u00fcber die Website oder an der Spa-Rezeption erworben werden. Die Gutscheine sind 12 Monate ab dem Kaufdatum g\u00fcltig, sofern im Angebot nichts anderes angegeben ist. Mit dem Kauf eines Gutscheins akzeptieren Sie die auf der Spa-Website verf\u00fcgbaren Gutscheinbestimmungen.<br\/>Das Spa stellt die erbrachten Leistungen in Rechnung &#8211; bitte wenden Sie sich dazu an die Rezeption.<br\/>Ohne vorherige Buchung kann ein Gast nur die Leistungen in Anspruch nehmen, f\u00fcr die freie Pl\u00e4tze vorhanden sind.       <\/p>\n\n<h2 class=\"wp-block-heading\">3 Regeln f\u00fcr die Nutzung der Spa-Dienste<\/h2>\n\n<p>Die G\u00e4ste werden gebeten, p\u00fcnktlich zu ihrer geplanten Behandlung zu erscheinen &#8211; es wird empfohlen, 10-15 Minuten fr\u00fcher zu erscheinen. Im Falle einer Versp\u00e4tung beh\u00e4lt sich das Spa das Recht vor, die Dauer einer Behandlung ohne Preisnachlass zu verk\u00fcrzen.<br\/>Es ist obligatorisch, das Schuhwerk gegen Einwegpantoffeln zu tauschen und die zur Verf\u00fcgung gestellten Accessoires anzuziehen.<br\/>Video- und Tonaufnahmen sind nur mit Zustimmung des Spa-Personals gestattet.<br\/>Es wird empfohlen, dass die G\u00e4ste keinen Schmuck oder Wertsachen mit ins Spa bringen. Das Spa haftet nicht f\u00fcr deren Verlust.<br\/>Personen, die unter dem Einfluss von Alkohol oder Rauschmitteln stehen, offene Wunden oder Hautentz\u00fcndungen haben oder eine Gefahr f\u00fcr andere G\u00e4ste oder das Personal darstellen, wird der Zutritt zum Spa verwehrt.<br\/>Das Spa ist ein Ort der Ruhe und Entspannung. Die G\u00e4ste sind gehalten, sich ruhig zu verhalten und laute Gespr\u00e4che zu unterlassen. Das Personal hat das Recht, st\u00f6rende Personen aufzufordern, das Spa ohne Entsch\u00e4digung zu verlassen.<br\/>Der Konsum von Getr\u00e4nken ist nur in den daf\u00fcr vorgesehenen Bereichen erlaubt. Es ist verboten, Getr\u00e4nke au\u00dferhalb dieser Bereiche mitzunehmen.<br\/>Die G\u00e4ste m\u00fcssen vor jeder Behandlung einen Gesundheitsfragebogen ausf\u00fcllen.     <\/p>\n\n<h2 class=\"wp-block-heading\">4 Sicherheit und Kontraindikationen<\/h2>\n\n<p>Im Spa ist Folgendes verboten:<br\/>&#8211; Rauchen,<br\/>&#8211; das Mitbringen und der Verzehr von eigenen Speisen und Getr\u00e4nken,<br\/>&#8211; der Konsum von Drogen und anderen Rauschmitteln,<br\/>&#8211; das Mitbringen von Haustieren.<br\/>Gegenanzeigen f\u00fcr Spa-Dienstleistungen sind unter anderem: Epilepsie, Krebs, Virusinfektionen mit Fieber, ein Herzschrittmacher, offene Wunden oder Verletzungen.<br\/>Die G\u00e4ste sind f\u00fcr alle Sch\u00e4den oder Zerst\u00f6rungen, die sie selbst oder Personen, f\u00fcr die sie verantwortlich sind, verursachen, finanziell verantwortlich.<br\/>Wenn die Zimmer in einem Zustand hinterlassen werden, der eine \u00fcber den Standard hinausgehende Reinigung erfordert, hat das Spa das Recht, eine zus\u00e4tzliche Geb\u00fchr von z\u0142 200 pro Mitarbeiter zu erheben.<br\/>Die Badewannen d\u00fcrfen von maximal zwei Personen benutzt werden. Es ist untersagt, in die Wannen zu springen. Eine zus\u00e4tzliche Badewanne kann nach vorheriger Anmeldung und gegen eine zus\u00e4tzliche Geb\u00fchr zur Verf\u00fcgung gestellt werden.  <\/p>\n\n<h2 class=\"wp-block-heading\">5 Haftung und Beschwerden<\/h2>\n\n<p>Das Beer Spa ist nicht verantwortlich f\u00fcr Gegenst\u00e4nde, die au\u00dferhalb der verschlossenen Schlie\u00dff\u00e4cher zur\u00fcckgelassen werden, oder f\u00fcr eine Unterbrechung der Dienstleistungen aufgrund von unabh\u00e4ngigen Gr\u00fcnden wie Pannen oder h\u00f6herer Gewalt.<br\/>Beschwerden \u00fcber Dienstleistungen sollten pers\u00f6nlich an der Spa-Rezeption oder per E-Mail an krakow@piwnespa.com innerhalb von 7 Tagen nach der Dienstleistung eingereicht werden. Beschwerden werden innerhalb von 14 Werktagen ab dem Datum der Mitteilung bearbeitet.<br\/>Pers\u00f6nliche Daten von G\u00e4sten werden nur zum Zweck der Erbringung von Dienstleistungen in \u00dcbereinstimmung mit den Bestimmungen der RODO verarbeitet. <\/p>\n\n<h2 class=\"wp-block-heading\">6 Schlussbestimmungen<\/h2>\n\n<p>Beernarium Beer Spa beh\u00e4lt sich das Recht vor, diese Allgemeinen Gesch\u00e4ftsbedingungen zu \u00e4ndern.<br\/>Die aktuelle Version der Allgemeinen Gesch\u00e4ftsbedingungen ist an der Spa-Rezeption und auf der Website www.krakow.piwnespa.com erh\u00e4ltlich.<br\/><br\/><\/p>\n","protected":false},"excerpt":{"rendered":"<p>1. Allgemeine Bestimmungen Diese Gesch\u00e4ftsordnung legt die Grunds\u00e4tze der Organisation und der Nutzung der Dienstleistungen des Beernarium Piwne Spa in der Floria\u0144ska Stra\u00dfe 13, 31-019 Krakau fest.Die folgenden Definitionen werden in dieser Gesch\u00e4ftsordnung verwendet:&#8211; Spa &#8211; Beernarium Piwne Spa in Krakau;&#8211; Mitarbeiter &#8211; Personen, die im Beernarium Piwne Spa besch\u00e4ftigt sind;&#8211; Gast &#8211; eine Person, [&hellip;]<\/p>\n","protected":false},"author":2,"featured_media":7482,"parent":0,"menu_order":0,"comment_status":"closed","ping_status":"closed","template":"","meta":{"_acf_changed":false,"footnotes":""},"class_list":["post-7539","page","type-page","status-publish","has-post-thumbnail","hentry"],"acf":[],"_links":{"self":[{"href":"https:\/\/krakow.piwnespa.com\/de\/wp-json\/wp\/v2\/pages\/7539","targetHints":{"allow":["GET"]}}],"collection":[{"href":"https:\/\/krakow.piwnespa.com\/de\/wp-json\/wp\/v2\/pages"}],"about":[{"href":"https:\/\/krakow.piwnespa.com\/de\/wp-json\/wp\/v2\/types\/page"}],"author":[{"embeddable":true,"href":"https:\/\/krakow.piwnespa.com\/de\/wp-json\/wp\/v2\/users\/2"}],"replies":[{"embeddable":true,"href":"https:\/\/krakow.piwnespa.com\/de\/wp-json\/wp\/v2\/comments?post=7539"}],"version-history":[{"count":3,"href":"https:\/\/krakow.piwnespa.com\/de\/wp-json\/wp\/v2\/pages\/7539\/revisions"}],"predecessor-version":[{"id":16176,"href":"https:\/\/krakow.piwnespa.com\/de\/wp-json\/wp\/v2\/pages\/7539\/revisions\/16176"}],"wp:featuredmedia":[{"embeddable":true,"href":"https:\/\/krakow.piwnespa.com\/de\/wp-json\/wp\/v2\/media\/7482"}],"wp:attachment":[{"href":"https:\/\/krakow.piwnespa.com\/de\/wp-json\/wp\/v2\/media?parent=7539"}],"curies":[{"name":"wp","href":"https:\/\/api.w.org\/{rel}","templated":true}]}}