{"id":9668,"date":"2025-07-18T05:15:22","date_gmt":"2025-07-18T05:15:22","guid":{"rendered":"https:\/\/krakow.piwnespa.com\/produkt\/voucher-lazne-zakopane\/"},"modified":"2025-12-05T14:39:23","modified_gmt":"2025-12-05T13:39:23","slug":"voucher-lazne-zakopane","status":"publish","type":"product","link":"https:\/\/krakow.piwnespa.com\/cs\/produkt\/voucher-lazne-zakopane\/","title":{"rendered":"L\u00e1ze\u0148sk\u00fd poukaz Krakov"},"content":{"rendered":"<h3 style=\"text-align: center;\">Poukaz na libovoln\u00e9 o\u0161et\u0159en\u00ed pro dv\u011b nebo jednu osobu:<\/h3>\n<p>&nbsp;<\/p>\n<p><strong>Pivn\u00ed koupel s ochutn\u00e1vkou<\/strong><\/p>\n<p>&#8211; je ide\u00e1ln\u00ed volbou pro milovn\u00edky piva. Koupel se p\u0159ipravuje rozpu\u0161t\u011bn\u00edm p\u0159\u00edrodn\u00edho piva a pivn\u00edho oleje ve vod\u011b. Proceduru doprov\u00e1z\u00ed ochutn\u00e1vka piva z pivovaru Browar Zamkowy Cieszyn.  <\/p>\n<p>&nbsp;<\/p>\n<p><strong>Vinn\u00e1 koupel s ochutn\u00e1vkou<\/strong><\/p>\n<p>&#8211; P\u0159ipravuje se extrakc\u00ed v\u00edna ve form\u011b p\u011bny do koupele. Podporuje redukci tukov\u00e9 tk\u00e1n\u011b a celulitidy. Koupel je doprov\u00e1zena ochutn\u00e1vkou v\u00edna.  <\/p>\n<p>&nbsp;<\/p>\n<p><strong>VIP pivn\u00ed nebo vinn\u00e1 l\u00e1ze\u0148 se saunou a neomezenou ochutn\u00e1vkou<\/strong><\/p>\n<p>&#8211; Proh\u0159ejte se v saun\u011b, vyberte si typ koupele a vychutnejte si neomezen\u00e9 ochutn\u00e1vky. VIP koupel je skv\u011bl\u00fdm n\u00e1padem na d\u00e1rek v podob\u011b poukazu. <\/p>\n<p>&nbsp;<\/p>\n<p><strong>Romantick\u00e1 ml\u00e9\u010dn\u00e1 koupel<\/strong><\/p>\n<p>&#8211; Saunov\u00e1n\u00ed, romantick\u00e1 koupel v koz\u00edm ml\u00e9ce zdoben\u00e1 okv\u011btn\u00edmi l\u00edstky r\u016f\u017e\u00ed a ochutn\u00e1vka Prosecca. A to v\u0161e v intimn\u00ed atmosf\u00e9\u0159e p\u0159i sv\u00ed\u010dk\u00e1ch. Poukaz do l\u00e1zn\u00ed v Krakov\u011b na romantickou koupel je ide\u00e1ln\u00edm d\u00e1rkem pro novoman\u017eele.  <\/p>\n<p>&nbsp;<\/p>\n<p><strong>Bath Gold  <\/strong><\/p>\n<p>&#8211; Ml\u00e9\u010dn\u00e1 koupel s t\u0159pytiv\u00fdmi zlat\u00fdmi skvrnkami a zdoben\u00e1 plovouc\u00edmi okv\u011btn\u00edmi l\u00edstky r\u016f\u017e\u00ed je skute\u010dnou pastvou pro smysly. Uklid\u0148uj\u00edc\u00ed v\u016fn\u011b, klidn\u00e1 hudba a sv\u011btlo sv\u00ed\u010dek &#8211; dokonal\u00e9 prost\u0159ed\u00ed pro ve\u010der ve dvou. Sklenka prosecca je\u0161t\u011b v\u00edce umocn\u00ed jedine\u010dnost z\u00e1\u017eitku.  <\/p>\n<p>&nbsp;<\/p>\n<p><strong>Bal\u00ed\u010dek denn\u00edch pivn\u00edch l\u00e1zn\u00ed<\/strong><\/p>\n<p>&#8211; Pivn\u00ed koupel + ochutn\u00e1vka r\u016fzn\u00fdch \u0159emesln\u00fdch piv z Browaru Zamkowy Cieszyn + \u010d\u00e1ste\u010dn\u00e1 relaxa\u010dn\u00ed mas\u00e1\u017e. Poukaz do l\u00e1zn\u00ed v Krakov\u011b na l\u00e1ze\u0148skou proceduru Pivn\u00ed den bude ide\u00e1ln\u00edm d\u00e1rkem pro milovn\u00edky piva. <\/p>\n<p>&nbsp;<\/p>\n<p><strong>Speci\u00e1ln\u00ed denn\u00ed l\u00e1ze\u0148sk\u00fd bal\u00ed\u010dek<\/strong><\/p>\n<p>&#8211; VIP koupel + celostn\u00ed relaxa\u010dn\u00ed mas\u00e1\u017e. Je to procedura ur\u010den\u00e1 pro lidi, kte\u0159\u00ed cht\u011bj\u00ed relaxovat na nejvy\u0161\u0161\u00ed \u00farovni. Hled\u00e1te poukaz do l\u00e1zn\u00ed v Krakov\u011b? Darujte sv\u00fdm bl\u00edzk\u00fdm nezapomenuteln\u00fd z\u00e1\u017eitek a bla\u017eenou relaxaci d\u00edky speci\u00e1ln\u00ed denn\u00ed l\u00e1ze\u0148sk\u00e9 procedu\u0159e.   <\/p>\n<p>&nbsp;<\/p>\n<p><strong>Bal\u00ed\u010dek Love Day Spa<\/strong><\/p>\n<p>&#8211; romantick\u00e1 koupel + \u010d\u00e1ste\u010dn\u00e1 relaxa\u010dn\u00ed mas\u00e1\u017e. Poukaz na tuto proceduru velmi \u010dasto dost\u00e1vaj\u00ed novoman\u017eel\u00e9. <\/p>\n<p>&nbsp;<\/p>\n<p><strong>Zlat\u00fd denn\u00ed l\u00e1ze\u0148sk\u00fd bal\u00ed\u010dek<\/strong><\/p>\n<p>&#8211; zlat\u00e1 koupel + mas\u00e1\u017e cel\u00e9ho t\u011bla na b\u00e1zi bambuck\u00e9ho m\u00e1sla a koloidn\u00edho zlata. Mas\u00e1\u017e v\u00e1m umo\u017en\u00ed uvolnit napjat\u00e9 svaly a spole\u010dn\u011b si u\u017e\u00edt chv\u00edli jen pro v\u00e1s. Cel\u00fd ritu\u00e1l prob\u00edh\u00e1 v soukrom\u00ed soukrom\u00e9 l\u00e1zn\u011b.  <\/p>\n<p>&nbsp;<\/p>\n<p><strong>Relaxa\u010dn\u00ed, pivn\u00ed, klasick\u00e1 nebo sv\u00ed\u010dkov\u00e1 mas\u00e1\u017e<\/strong><\/p>\n<p>&#8211; Milovn\u00edky mas\u00e1\u017e\u00ed jist\u011b pot\u011b\u0161\u00ed poukaz do Pivn\u00edch l\u00e1zn\u00ed v Krakov\u011b, kter\u00fd umo\u017en\u00ed blahod\u00e1rnou relaxaci p\u0159i mas\u00e1\u017ei prov\u00e1d\u011bn\u00e9 kvalifikovan\u00fdm fyzioterapeutem.<\/p>\n","protected":false},"excerpt":{"rendered":"<p>Poukaz na libovoln\u00e9 o\u0161et\u0159en\u00ed pro dv\u011b nebo jednu osobu: &nbsp; Pivn\u00ed koupel s ochutn\u00e1vkou &#8211; je ide\u00e1ln\u00ed volbou pro milovn\u00edky piva. Koupel se p\u0159ipravuje rozpu\u0161t\u011bn\u00edm p\u0159\u00edrodn\u00edho piva a pivn\u00edho oleje ve vod\u011b. Proceduru doprov\u00e1z\u00ed ochutn\u00e1vka piva z pivovaru Browar Zamkowy Cieszyn. &nbsp; Vinn\u00e1 koupel s ochutn\u00e1vkou &#8211; P\u0159ipravuje se extrakc\u00ed v\u00edna ve form\u011b p\u011bny do [&hellip;]<\/p>\n","protected":false},"featured_media":12199,"comment_status":"open","ping_status":"closed","template":"","meta":{"_acf_changed":false},"product_brand":[],"product_cat":[438],"product_tag":[480],"class_list":{"0":"post-9668","1":"product","2":"type-product","3":"status-publish","4":"has-post-thumbnail","6":"product_cat-darkovy-poukaz","7":"product_tag-voucher-cs","8":"product_shipping_class-elektronicke-dorucovani","9":"pa_zabiegi-bath-gold-1-osoba","10":"pa_zabiegi-castecna-relaxacni-masaz-1-osoba","11":"pa_zabiegi-castecna-relaxacni-masaz-2-osoby","12":"pa_zabiegi-gold-day-spa-1-osoba-cs","13":"pa_zabiegi-gold-day-spa-2-osoby-cs","14":"pa_zabiegi-klasicka-masaz-1-osoba-cs","15":"pa_zabiegi-klasicka-masaz-2-osoby-cs","16":"pa_zabiegi-love-day-spa-1-osoba-cs","17":"pa_zabiegi-love-day-spa-2-osoby-cs","18":"pa_zabiegi-masaz-svickou-1-osoba","19":"pa_zabiegi-masaz-svickou-2-osoby","20":"pa_zabiegi-pivni-denni-lazne-1-osoba","21":"pa_zabiegi-pivni-denni-lazne-2-osoby","22":"pa_zabiegi-pivni-lazen-1-osoba","23":"pa_zabiegi-pivni-lazen-2-osoby","24":"pa_zabiegi-pivni-masaz-1-osoba","25":"pa_zabiegi-pivni-masaz-2-osoby","26":"pa_zabiegi-pivni-osetreni-obliceje-1-osoba","27":"pa_zabiegi-pivni-osetreni-obliceje-2-osoby","28":"pa_zabiegi-relaxacni-masaz-celeho-tela-1-osoba","29":"pa_zabiegi-relaxacni-masaz-celeho-tela-2-osoby","30":"pa_zabiegi-romanticka-koupel-1-osoba","31":"pa_zabiegi-romanticka-koupel-2-osoby","32":"pa_zabiegi-specialni-denni-lazne-1-osoba","33":"pa_zabiegi-specialni-denni-lazne-2-osoby","34":"pa_zabiegi-vana-gold-2-osoby","35":"pa_zabiegi-vinna-lazen-1-osoba","36":"pa_zabiegi-vinna-lazen-2-osoby","37":"pa_zabiegi-vip-koupel-1-osoba","38":"pa_zabiegi-vip-koupel-2-osoby","40":"first","41":"instock","42":"taxable","43":"shipping-taxable","44":"purchasable","45":"product-type-variable"},"acf":[],"_links":{"self":[{"href":"https:\/\/krakow.piwnespa.com\/cs\/wp-json\/wp\/v2\/product\/9668","targetHints":{"allow":["GET"]}}],"collection":[{"href":"https:\/\/krakow.piwnespa.com\/cs\/wp-json\/wp\/v2\/product"}],"about":[{"href":"https:\/\/krakow.piwnespa.com\/cs\/wp-json\/wp\/v2\/types\/product"}],"replies":[{"embeddable":true,"href":"https:\/\/krakow.piwnespa.com\/cs\/wp-json\/wp\/v2\/comments?post=9668"}],"wp:featuredmedia":[{"embeddable":true,"href":"https:\/\/krakow.piwnespa.com\/cs\/wp-json\/wp\/v2\/media\/12199"}],"wp:attachment":[{"href":"https:\/\/krakow.piwnespa.com\/cs\/wp-json\/wp\/v2\/media?parent=9668"}],"wp:term":[{"taxonomy":"product_brand","embeddable":true,"href":"https:\/\/krakow.piwnespa.com\/cs\/wp-json\/wp\/v2\/product_brand?post=9668"},{"taxonomy":"product_cat","embeddable":true,"href":"https:\/\/krakow.piwnespa.com\/cs\/wp-json\/wp\/v2\/product_cat?post=9668"},{"taxonomy":"product_tag","embeddable":true,"href":"https:\/\/krakow.piwnespa.com\/cs\/wp-json\/wp\/v2\/product_tag?post=9668"}],"curies":[{"name":"wp","href":"https:\/\/api.w.org\/{rel}","templated":true}]}}