{"id":16105,"date":"2025-10-23T15:53:38","date_gmt":"2025-10-23T13:53:38","guid":{"rendered":"https:\/\/krakow.piwnespa.com\/produkt\/pivni-sprchovy-gel\/"},"modified":"2025-10-23T15:53:38","modified_gmt":"2025-10-23T13:53:38","slug":"pivni-sprchovy-gel","status":"publish","type":"product","link":"https:\/\/krakow.piwnespa.com\/cs\/produkt\/pivni-sprchovy-gel\/","title":{"rendered":"Pivn\u00ed sprchov\u00fd gel"},"content":{"rendered":"<div class=\"elementor-element elementor-element-9910a69 elementor-widget elementor-widget-woocommerce-product-short-description\" data-id=\"9910a69\" data-element_type=\"widget\" data-widget_type=\"woocommerce-product-short-description.default\">\n<div class=\"elementor-widget-container\">\n<div class=\"woocommerce-product-details__short-description\">\n<p>Kosmetika Saela se vyr\u00e1b\u00ed ru\u010dn\u011b od roku 1999 v mal\u00e9 \u010desk\u00e9 manufaktu\u0159e v Brumovic\u00edch. Obsahuje p\u0159\u00edrodn\u00ed slo\u017eky, jako je \u010desk\u00e9 pivo, chmelov\u00fd extrakt a pivovarsk\u00e9 kvasnice, a je bez syntetick\u00fdch barviv, tak\u017ee je bezpe\u010dn\u00e1 i pro d\u011bti. <\/p>\n<p>Hydrata\u010dn\u00ed sprchov\u00fd gel s obsahem<strong> piva (a\u017e 30 %) a vitam\u00edn\u016f skupiny B<\/strong> podporuje p\u0159i ka\u017edodenn\u00edm pou\u017e\u00edv\u00e1n\u00ed plnou regeneraci poko\u017eky. Ide\u00e1ln\u00ed pro suchou poko\u017eku se sklonem k olupov\u00e1n\u00ed, prask\u00e1n\u00ed a sv\u011bd\u011bn\u00ed. Ji\u017e po prvn\u00edm pou\u017eit\u00ed poskytuje poko\u017ece intenzivn\u00ed hydrataci a pru\u017enost.  <\/p>\n<p>Objem: 300 ml<\/p>\n<\/div>\n<\/div>\n<\/div>\n","protected":false},"excerpt":{"rendered":"<p>Kosmetika Saela se vyr\u00e1b\u00ed ru\u010dn\u011b od roku 1999 v mal\u00e9 \u010desk\u00e9 manufaktu\u0159e v Brumovic\u00edch. Obsahuje p\u0159\u00edrodn\u00ed slo\u017eky, jako je \u010desk\u00e9 pivo, chmelov\u00fd extrakt a pivovarsk\u00e9 kvasnice, a je bez syntetick\u00fdch barviv, tak\u017ee je bezpe\u010dn\u00e1 i pro d\u011bti. Hydrata\u010dn\u00ed sprchov\u00fd gel s obsahem piva (a\u017e 30 %) a vitam\u00edn\u016f skupiny B podporuje p\u0159i ka\u017edodenn\u00edm pou\u017e\u00edv\u00e1n\u00ed plnou [&hellip;]<\/p>\n","protected":false},"featured_media":11841,"comment_status":"open","ping_status":"closed","template":"","meta":{"_acf_changed":false},"product_brand":[],"product_cat":[375],"product_tag":[],"class_list":{"0":"post-16105","1":"product","2":"type-product","3":"status-publish","4":"has-post-thumbnail","6":"product_cat-pivni-kosmetika","8":"first","9":"instock","10":"taxable","11":"shipping-taxable","12":"purchasable","13":"product-type-simple"},"acf":[],"_links":{"self":[{"href":"https:\/\/krakow.piwnespa.com\/cs\/wp-json\/wp\/v2\/product\/16105","targetHints":{"allow":["GET"]}}],"collection":[{"href":"https:\/\/krakow.piwnespa.com\/cs\/wp-json\/wp\/v2\/product"}],"about":[{"href":"https:\/\/krakow.piwnespa.com\/cs\/wp-json\/wp\/v2\/types\/product"}],"replies":[{"embeddable":true,"href":"https:\/\/krakow.piwnespa.com\/cs\/wp-json\/wp\/v2\/comments?post=16105"}],"wp:featuredmedia":[{"embeddable":true,"href":"https:\/\/krakow.piwnespa.com\/cs\/wp-json\/wp\/v2\/media\/11841"}],"wp:attachment":[{"href":"https:\/\/krakow.piwnespa.com\/cs\/wp-json\/wp\/v2\/media?parent=16105"}],"wp:term":[{"taxonomy":"product_brand","embeddable":true,"href":"https:\/\/krakow.piwnespa.com\/cs\/wp-json\/wp\/v2\/product_brand?post=16105"},{"taxonomy":"product_cat","embeddable":true,"href":"https:\/\/krakow.piwnespa.com\/cs\/wp-json\/wp\/v2\/product_cat?post=16105"},{"taxonomy":"product_tag","embeddable":true,"href":"https:\/\/krakow.piwnespa.com\/cs\/wp-json\/wp\/v2\/product_tag?post=16105"}],"curies":[{"name":"wp","href":"https:\/\/api.w.org\/{rel}","templated":true}]}}