{"id":16094,"date":"2025-10-11T05:23:00","date_gmt":"2025-10-11T03:23:00","guid":{"rendered":"https:\/\/krakow.piwnespa.com\/produkt\/pivni-tekute-mydlo\/"},"modified":"2025-10-11T05:23:00","modified_gmt":"2025-10-11T03:23:00","slug":"pivni-tekute-mydlo","status":"publish","type":"product","link":"https:\/\/krakow.piwnespa.com\/cs\/produkt\/pivni-tekute-mydlo\/","title":{"rendered":"Pivn\u00ed tekut\u00e9 m\u00fddlo"},"content":{"rendered":"<p>Kosmetika Saela se vyr\u00e1b\u00ed ru\u010dn\u011b od roku 1999 v mal\u00e9 \u010desk\u00e9 manufaktu\u0159e v Brumovic\u00edch. Obsahuje p\u0159\u00edrodn\u00ed slo\u017eky, jako je \u010desk\u00e9 pivo, chmelov\u00fd extrakt a pivovarsk\u00e9 kvasnice, a je bez syntetick\u00fdch barviv, tak\u017ee je bezpe\u010dn\u00e1 i pro d\u011bti. <\/p>\n<p>Jemn\u00e9<strong> m\u00fddlo s pivem (a\u017e 30 % slo\u017een\u00ed) je bohat\u00e9 na<\/strong> cenn\u00e9 vitaminy a mikro- a makroprvky, jako jsou vitaminy skupiny B, drasl\u00edk, \u017eelezo a b\u00edlkoviny.<\/p>\n<p>Ru\u010dn\u00ed v\u00fdroba je ide\u00e1ln\u00ed pro suchou poko\u017eku se sklonem k odlupov\u00e1n\u00ed, prask\u00e1n\u00ed a sv\u011bd\u011bn\u00ed. D\u00edky sv\u00e9mu hypoalergenn\u00edmu slo\u017een\u00ed je vhodn\u00fd pro ka\u017edodenn\u00ed pou\u017eit\u00ed. Je ide\u00e1ln\u00ed jak do sprchy, tak do koupele. Praktick\u00e1 pumpi\u010dka zaji\u0161\u0165uje snadn\u00e9 a p\u0159esn\u00e9 d\u00e1vkov\u00e1n\u00ed p\u0159\u00edpravku.   <\/p>\n<p>Objem: 500 ml<\/p>\n","protected":false},"excerpt":{"rendered":"<p>Kosmetika Saela se vyr\u00e1b\u00ed ru\u010dn\u011b od roku 1999 v mal\u00e9 \u010desk\u00e9 manufaktu\u0159e v Brumovic\u00edch. Obsahuje p\u0159\u00edrodn\u00ed slo\u017eky, jako je \u010desk\u00e9 pivo, chmelov\u00fd extrakt a pivovarsk\u00e9 kvasnice, a je bez syntetick\u00fdch barviv, tak\u017ee je bezpe\u010dn\u00e1 i pro d\u011bti. Jemn\u00e9 m\u00fddlo s pivem (a\u017e 30 % slo\u017een\u00ed) je bohat\u00e9 na cenn\u00e9 vitaminy a mikro- a makroprvky, jako [&hellip;]<\/p>\n","protected":false},"featured_media":11420,"comment_status":"open","ping_status":"closed","template":"","meta":{"_acf_changed":false},"product_brand":[],"product_cat":[438],"product_tag":[],"class_list":{"0":"post-16094","1":"product","2":"type-product","3":"status-publish","4":"has-post-thumbnail","6":"product_cat-darkovy-poukaz","8":"first","9":"instock","10":"taxable","11":"shipping-taxable","12":"purchasable","13":"product-type-simple"},"acf":[],"_links":{"self":[{"href":"https:\/\/krakow.piwnespa.com\/cs\/wp-json\/wp\/v2\/product\/16094","targetHints":{"allow":["GET"]}}],"collection":[{"href":"https:\/\/krakow.piwnespa.com\/cs\/wp-json\/wp\/v2\/product"}],"about":[{"href":"https:\/\/krakow.piwnespa.com\/cs\/wp-json\/wp\/v2\/types\/product"}],"replies":[{"embeddable":true,"href":"https:\/\/krakow.piwnespa.com\/cs\/wp-json\/wp\/v2\/comments?post=16094"}],"wp:featuredmedia":[{"embeddable":true,"href":"https:\/\/krakow.piwnespa.com\/cs\/wp-json\/wp\/v2\/media\/11420"}],"wp:attachment":[{"href":"https:\/\/krakow.piwnespa.com\/cs\/wp-json\/wp\/v2\/media?parent=16094"}],"wp:term":[{"taxonomy":"product_brand","embeddable":true,"href":"https:\/\/krakow.piwnespa.com\/cs\/wp-json\/wp\/v2\/product_brand?post=16094"},{"taxonomy":"product_cat","embeddable":true,"href":"https:\/\/krakow.piwnespa.com\/cs\/wp-json\/wp\/v2\/product_cat?post=16094"},{"taxonomy":"product_tag","embeddable":true,"href":"https:\/\/krakow.piwnespa.com\/cs\/wp-json\/wp\/v2\/product_tag?post=16094"}],"curies":[{"name":"wp","href":"https:\/\/api.w.org\/{rel}","templated":true}]}}