{"id":16086,"date":"2025-10-11T05:21:20","date_gmt":"2025-10-11T03:21:20","guid":{"rendered":"https:\/\/krakow.piwnespa.com\/produkt\/olej-do-pivni-koupele\/"},"modified":"2025-10-11T05:21:20","modified_gmt":"2025-10-11T03:21:20","slug":"olej-do-pivni-koupele","status":"publish","type":"product","link":"https:\/\/krakow.piwnespa.com\/cs\/produkt\/olej-do-pivni-koupele\/","title":{"rendered":"Olej do pivn\u00ed koupele"},"content":{"rendered":"<p>Kosmetika Saela se vyr\u00e1b\u00ed ru\u010dn\u011b od roku 1999 v mal\u00e9 \u010desk\u00e9 manufaktu\u0159e v Brumovic\u00edch. Obsahuje p\u0159\u00edrodn\u00ed slo\u017eky, jako je \u010desk\u00e9 pivo, chmelov\u00fd extrakt a pivovarsk\u00e9 kvasnice, a je bez syntetick\u00fdch barviv, tak\u017ee je bezpe\u010dn\u00e1 i pro d\u011bti. <\/p>\n<p>Intenzivn\u011b hydrata\u010dn\u00ed koupelov\u00fd olej s <strong>vysok\u00fdm obsahem piva (a\u017e 30 %) podporuje<\/strong> vitalitu poko\u017eky a odstra\u0148uje z n\u00ed \u0161kodliv\u00e9 l\u00e1tky. Sta\u010d\u00ed pouh\u00fdch 15 minut koupele, aby byla poko\u017eka jemn\u00e1, p\u0159\u00edjemn\u00e1 a sametov\u00e1 na dotek. <\/p>\n<p>Objem: 500 ml<\/p>\n","protected":false},"excerpt":{"rendered":"<p>Kosmetika Saela se vyr\u00e1b\u00ed ru\u010dn\u011b od roku 1999 v mal\u00e9 \u010desk\u00e9 manufaktu\u0159e v Brumovic\u00edch. Obsahuje p\u0159\u00edrodn\u00ed slo\u017eky, jako je \u010desk\u00e9 pivo, chmelov\u00fd extrakt a pivovarsk\u00e9 kvasnice, a je bez syntetick\u00fdch barviv, tak\u017ee je bezpe\u010dn\u00e1 i pro d\u011bti. Intenzivn\u011b hydrata\u010dn\u00ed koupelov\u00fd olej s vysok\u00fdm obsahem piva (a\u017e 30 %) podporuje vitalitu poko\u017eky a odstra\u0148uje z n\u00ed [&hellip;]<\/p>\n","protected":false},"featured_media":11397,"comment_status":"open","ping_status":"closed","template":"","meta":{"_acf_changed":false},"product_brand":[],"product_cat":[438],"product_tag":[],"class_list":{"0":"post-16086","1":"product","2":"type-product","3":"status-publish","4":"has-post-thumbnail","6":"product_cat-darkovy-poukaz","8":"first","9":"instock","10":"taxable","11":"shipping-taxable","12":"purchasable","13":"product-type-simple"},"acf":[],"_links":{"self":[{"href":"https:\/\/krakow.piwnespa.com\/cs\/wp-json\/wp\/v2\/product\/16086","targetHints":{"allow":["GET"]}}],"collection":[{"href":"https:\/\/krakow.piwnespa.com\/cs\/wp-json\/wp\/v2\/product"}],"about":[{"href":"https:\/\/krakow.piwnespa.com\/cs\/wp-json\/wp\/v2\/types\/product"}],"replies":[{"embeddable":true,"href":"https:\/\/krakow.piwnespa.com\/cs\/wp-json\/wp\/v2\/comments?post=16086"}],"wp:featuredmedia":[{"embeddable":true,"href":"https:\/\/krakow.piwnespa.com\/cs\/wp-json\/wp\/v2\/media\/11397"}],"wp:attachment":[{"href":"https:\/\/krakow.piwnespa.com\/cs\/wp-json\/wp\/v2\/media?parent=16086"}],"wp:term":[{"taxonomy":"product_brand","embeddable":true,"href":"https:\/\/krakow.piwnespa.com\/cs\/wp-json\/wp\/v2\/product_brand?post=16086"},{"taxonomy":"product_cat","embeddable":true,"href":"https:\/\/krakow.piwnespa.com\/cs\/wp-json\/wp\/v2\/product_cat?post=16086"},{"taxonomy":"product_tag","embeddable":true,"href":"https:\/\/krakow.piwnespa.com\/cs\/wp-json\/wp\/v2\/product_tag?post=16086"}],"curies":[{"name":"wp","href":"https:\/\/api.w.org\/{rel}","templated":true}]}}