{"id":16075,"date":"2025-10-11T05:15:59","date_gmt":"2025-10-11T03:15:59","guid":{"rendered":"https:\/\/krakow.piwnespa.com\/produkt\/pivni-sampon-na-vlasy\/"},"modified":"2025-10-11T05:15:59","modified_gmt":"2025-10-11T03:15:59","slug":"pivni-sampon-na-vlasy","status":"publish","type":"product","link":"https:\/\/krakow.piwnespa.com\/cs\/produkt\/pivni-sampon-na-vlasy\/","title":{"rendered":"Pivn\u00ed \u0161ampon na vlasy"},"content":{"rendered":"<p>Kosmetika Saela se vyr\u00e1b\u00ed ru\u010dn\u011b od roku 1999 v mal\u00e9 \u010desk\u00e9 manufaktu\u0159e v Brumovic\u00edch. Obsahuje p\u0159\u00edrodn\u00ed slo\u017eky, jako je \u010desk\u00e9 pivo, chmelov\u00fd extrakt a pivovarsk\u00e9 kvasnice, a je bez syntetick\u00fdch barviv, tak\u017ee je bezpe\u010dn\u00e1 i pro d\u011bti. <\/p>\n<p>Pivo je pokladnic\u00ed miner\u00e1l\u016f, kter\u00e9 podporuj\u00ed r\u016fst vlasov\u00fdch folikul\u016f a pom\u00e1haj\u00ed udr\u017eet vlasy d\u00e9le sv\u011b\u017e\u00ed. \u0160ampon proti vypad\u00e1v\u00e1n\u00ed vlas\u016f Saela, kter\u00fd se vyzna\u010duje velmi vysok\u00fdm obsahem piva (a\u017e 30 %), si z\u00edskal chv\u00e1lu <strong>z\u00e1kazn\u00edk\u016f a stal se jedn\u00edm z na\u0161ich nejprod\u00e1van\u011bj\u0161\u00edch produkt\u016f.<\/strong> <\/p>\n<p>Hydrata\u010dn\u00ed pivn\u00ed \u0161ampon dod\u00e1v\u00e1 vlas\u016fm zdrav\u00fd vzhled, lesk, posiluje jejich strukturu a zv\u011bt\u0161uje objem. D\u00edky bohat\u00fdm vitam\u00edn\u016fm obsa\u017een\u00fdm v pivu vlasy vy\u017eivuje, podporuje regeneraci poko\u017eky hlavy a zlep\u0161uje celkov\u00fd stav vlas\u016f. Obsah chmele m\u00e1 zklid\u0148uj\u00edc\u00ed \u00fa\u010dinky, odstra\u0148uje sv\u011bd\u011bn\u00ed a podporuje zdrav\u00fd r\u016fst vlas\u016f.  <\/p>\n<p>Slo\u017een\u00ed \u0161amponu Saela bylo vyvinuto pro osoby se sklonem k mastn\u00fdm vlas\u016fm. P\u0159i pravideln\u00e9m pou\u017e\u00edv\u00e1n\u00ed jsou \u00fa\u010dinky rychle patrn\u00e9. P\u0159\u00edpravek je ide\u00e1ln\u00ed pro ka\u017edodenn\u00ed p\u00e9\u010di.  <\/p>\n<p>Objem: 300 ml<\/p>\n","protected":false},"excerpt":{"rendered":"<p>Hydrata\u010dn\u00ed pivn\u00ed \u0161ampon dod\u00e1v\u00e1 vlas\u016fm zdrav\u00fd vzhled, lesk, posiluje jejich strukturu a zv\u011bt\u0161uje objem. D\u00edky bohat\u00fdm vitam\u00edn\u016fm obsa\u017een\u00fdm v pivu vlasy vy\u017eivuje, podporuje regeneraci poko\u017eky hlavy a zlep\u0161uje celkov\u00fd stav vlas\u016f. Obsah chmele m\u00e1 zklid\u0148uj\u00edc\u00ed \u00fa\u010dinky, odstra\u0148uje sv\u011bd\u011bn\u00ed a podporuje zdrav\u00fd r\u016fst vlas\u016f.  <\/p>\n","protected":false},"featured_media":11360,"comment_status":"open","ping_status":"closed","template":"","meta":{"_acf_changed":false},"product_brand":[],"product_cat":[438],"product_tag":[],"class_list":{"0":"post-16075","1":"product","2":"type-product","3":"status-publish","4":"has-post-thumbnail","6":"product_cat-darkovy-poukaz","8":"first","9":"instock","10":"taxable","11":"shipping-taxable","12":"purchasable","13":"product-type-simple"},"acf":[],"_links":{"self":[{"href":"https:\/\/krakow.piwnespa.com\/cs\/wp-json\/wp\/v2\/product\/16075","targetHints":{"allow":["GET"]}}],"collection":[{"href":"https:\/\/krakow.piwnespa.com\/cs\/wp-json\/wp\/v2\/product"}],"about":[{"href":"https:\/\/krakow.piwnespa.com\/cs\/wp-json\/wp\/v2\/types\/product"}],"replies":[{"embeddable":true,"href":"https:\/\/krakow.piwnespa.com\/cs\/wp-json\/wp\/v2\/comments?post=16075"}],"wp:featuredmedia":[{"embeddable":true,"href":"https:\/\/krakow.piwnespa.com\/cs\/wp-json\/wp\/v2\/media\/11360"}],"wp:attachment":[{"href":"https:\/\/krakow.piwnespa.com\/cs\/wp-json\/wp\/v2\/media?parent=16075"}],"wp:term":[{"taxonomy":"product_brand","embeddable":true,"href":"https:\/\/krakow.piwnespa.com\/cs\/wp-json\/wp\/v2\/product_brand?post=16075"},{"taxonomy":"product_cat","embeddable":true,"href":"https:\/\/krakow.piwnespa.com\/cs\/wp-json\/wp\/v2\/product_cat?post=16075"},{"taxonomy":"product_tag","embeddable":true,"href":"https:\/\/krakow.piwnespa.com\/cs\/wp-json\/wp\/v2\/product_tag?post=16075"}],"curies":[{"name":"wp","href":"https:\/\/api.w.org\/{rel}","templated":true}]}}