{"id":11674,"date":"2025-10-11T05:24:37","date_gmt":"2025-10-11T03:24:37","guid":{"rendered":"https:\/\/krakow.piwnespa.com\/produkt\/protective-lip-balm\/"},"modified":"2025-10-19T11:07:42","modified_gmt":"2025-10-19T09:07:42","slug":"ochranny-balzam-na-rty","status":"publish","type":"product","link":"https:\/\/krakow.piwnespa.com\/cs\/produkt\/ochranny-balzam-na-rty\/","title":{"rendered":"Ochrann\u00fd balz\u00e1m na rty"},"content":{"rendered":"<p>Kosmetika Saela se od roku 1999 vyr\u00e1b\u00ed ru\u010dn\u011b v mal\u00e9 \u010desk\u00e9 tov\u00e1rn\u011b v Brumovic\u00edch. Obsahuje p\u0159\u00edrodn\u00ed ingredience, jako je \u010desk\u00e9 pivo, chmelov\u00fd extrakt a pivovarsk\u00e9 kvasnice, a neobsahuje syntetick\u00e1 barviva, tak\u017ee je bezpe\u010dn\u00e1 i pro d\u011bti.<\/p>\n<p>Ochrann\u00fd balz\u00e1m na rty s p\u0159\u00edrodn\u00edm UV filtrem je jedine\u010dnou kompozic\u00ed ingredienc\u00ed, jako jsou arganov\u00fd, ricinov\u00fd a avok\u00e1dov\u00fd olej, bambuck\u00e9 m\u00e1slo, v\u010del\u00ed vosk a chmelov\u00fd extrakt. Poskytuje \u00fa\u010dinnou bari\u00e9ru proti nep\u0159\u00edzniv\u00fdm pov\u011btrnostn\u00edm podm\u00ednk\u00e1m. M\u00e1 anti-agingov\u00e9 vlastnosti, podporuje regenera\u010dn\u00ed procesy a urychluje hojen\u00ed. Po prvn\u00edm pou\u017eit\u00ed budou va\u0161e rty viditeln\u011b hydratovan\u00e9, pru\u017en\u011bj\u0161\u00ed, hlad\u0161\u00ed a jemn\u011bj\u0161\u00ed.<\/p>\n","protected":false},"excerpt":{"rendered":"<p>Kosmetika Saela se od roku 1999 vyr\u00e1b\u00ed ru\u010dn\u011b v mal\u00e9 \u010desk\u00e9 tov\u00e1rn\u011b v Brumovic\u00edch. Obsahuje p\u0159\u00edrodn\u00ed ingredience, jako je \u010desk\u00e9 pivo, chmelov\u00fd extrakt a pivovarsk\u00e9 kvasnice, a neobsahuje syntetick\u00e1 barviva, tak\u017ee je bezpe\u010dn\u00e1 i pro d\u011bti. Ochrann\u00fd balz\u00e1m na rty s p\u0159\u00edrodn\u00edm UV filtrem je jedine\u010dnou kompozic\u00ed ingredienc\u00ed, jako jsou arganov\u00fd, ricinov\u00fd a avok\u00e1dov\u00fd olej, [&hellip;]<\/p>\n","protected":false},"featured_media":11443,"comment_status":"open","ping_status":"closed","template":"","meta":{"_acf_changed":false},"product_brand":[],"product_cat":[438],"product_tag":[],"class_list":{"0":"post-11674","1":"product","2":"type-product","3":"status-publish","4":"has-post-thumbnail","6":"product_cat-darkovy-poukaz","8":"first","9":"instock","10":"taxable","11":"shipping-taxable","12":"purchasable","13":"product-type-simple"},"acf":[],"_links":{"self":[{"href":"https:\/\/krakow.piwnespa.com\/cs\/wp-json\/wp\/v2\/product\/11674","targetHints":{"allow":["GET"]}}],"collection":[{"href":"https:\/\/krakow.piwnespa.com\/cs\/wp-json\/wp\/v2\/product"}],"about":[{"href":"https:\/\/krakow.piwnespa.com\/cs\/wp-json\/wp\/v2\/types\/product"}],"replies":[{"embeddable":true,"href":"https:\/\/krakow.piwnespa.com\/cs\/wp-json\/wp\/v2\/comments?post=11674"}],"wp:featuredmedia":[{"embeddable":true,"href":"https:\/\/krakow.piwnespa.com\/cs\/wp-json\/wp\/v2\/media\/11443"}],"wp:attachment":[{"href":"https:\/\/krakow.piwnespa.com\/cs\/wp-json\/wp\/v2\/media?parent=11674"}],"wp:term":[{"taxonomy":"product_brand","embeddable":true,"href":"https:\/\/krakow.piwnespa.com\/cs\/wp-json\/wp\/v2\/product_brand?post=11674"},{"taxonomy":"product_cat","embeddable":true,"href":"https:\/\/krakow.piwnespa.com\/cs\/wp-json\/wp\/v2\/product_cat?post=11674"},{"taxonomy":"product_tag","embeddable":true,"href":"https:\/\/krakow.piwnespa.com\/cs\/wp-json\/wp\/v2\/product_tag?post=11674"}],"curies":[{"name":"wp","href":"https:\/\/api.w.org\/{rel}","templated":true}]}}